{"id":25,"date":"2011-08-17T10:29:48","date_gmt":"2011-08-17T10:29:48","guid":{"rendered":"http:\/\/servicios.unileon.es\/universidadsaludable\/?page_id=25"},"modified":"2026-04-14T13:40:11","modified_gmt":"2026-04-14T13:40:11","slug":"la-reus-en-la-ule","status":"publish","type":"page","link":"https:\/\/servicios.unileon.es\/universidadsaludable\/","title":{"rendered":"Universidad Saludable"},"content":{"rendered":"<div style=\"max-width: 1100px; margin: 0 auto; padding: 1rem; font-family: 'Open Sans', sans-serif; line-height: 1.6; color: #333;\">\r\n\r\n<!-- Cabecera -->\r\n<div style=\"display: flex; align-items: center; justify-content: flex-start; flex-wrap: wrap; border-bottom: 2px solid #00A38C; padding: 0.8rem 0; margin-bottom: 2rem;\"><nav style=\"display: flex; gap: 2.2rem; padding-left: 0.5rem;\"><a style=\"color: #333; text-decoration: none; font-weight: 600;\" href=\"#quienes\">Qui\u00e9nes somos<\/a>\r\n<a style=\"color: #333; text-decoration: none; font-weight: 600;\" href=\"#actividades\">Actividades<\/a>\r\n<a style=\"color: #333; text-decoration: none; font-weight: 600;\" href=\"https:\/\/servicios.unileon.es\/universidadsaludable\/recursos\/\">Recursos<\/a>\r\n<a style=\"color: #333; text-decoration: none; font-weight: 600;\" href=\"#contacto\">Contacto<\/a><\/nav><\/div>\r\n<\/div>\r\n<!-- Hero -->\r\n\r\n<section id=\"inicio\"><img loading=\"lazy\" decoding=\"async\" width=\"1584\" height=\"396\" class=\"alignnone size-medium wp-image-2045\" style=\"width: 100%; height: auto; display: block; border-radius: 8px; margin: 0 auto;\" src=\"http:\/\/servicios.unileon.es\/universidadsaludable\/files\/2025\/11\/Inicio-web.png\" alt=\"Universidad Saludable - Inicio\" srcset=\"https:\/\/servicios.unileon.es\/universidadsaludable\/files\/2025\/11\/Inicio-web.png 1584w, https:\/\/servicios.unileon.es\/universidadsaludable\/files\/2025\/11\/Inicio-web-300x75.png 300w, https:\/\/servicios.unileon.es\/universidadsaludable\/files\/2025\/11\/Inicio-web-1024x256.png 1024w, https:\/\/servicios.unileon.es\/universidadsaludable\/files\/2025\/11\/Inicio-web-768x192.png 768w, https:\/\/servicios.unileon.es\/universidadsaludable\/files\/2025\/11\/Inicio-web-1536x384.png 1536w\" sizes=\"auto, (max-width: 1584px) 100vw, 1584px\" \/><\/section><!-- Qui\u00e9nes somos -->\r\n\r\n<section id=\"quienes\" style=\"margin-top: 3rem;\">\r\n<h2 style=\"color: #00a38c; font-family: 'Montserrat', sans-serif;\">Qui\u00e9nes somos<\/h2>\r\n<!-- Texto ocupa todo el ancho -->\r\n<div style=\"display: grid; grid-template-columns: 1fr; gap: 1.5rem; align-items: center;\">\r\n<div style=\"font-size: 1.55rem; line-height: 1.8; color: #333; max-width: 900px; margin: 0 auto;\">\r\n\r\nLa <strong>Universidad Saludable<\/strong> de la <strong>Universidad de Le\u00f3n<\/strong> es una iniciativa estrat\u00e9gica\r\ndel <strong>Vicerrectorado de Estudiantes, Cultura y Deportes<\/strong> que busca fomentar una\r\n<strong>cultura de salud y bienestar<\/strong> entre todo el estudiantado, el profesorado y el\r\npersonal de administraci\u00f3n y servicios.\r\n\r\n&nbsp;\r\n\r\nTrabajamos en el marco del <em>Objetivo de Desarrollo Sostenible 3 (Salud y Bienestar)<\/em> de la Agenda 2030,\r\ndesarrollando acciones que promueven h\u00e1bitos de vida saludables en \u00e1mbitos como la\r\n<strong>salud mental<\/strong>, la <strong>nutrici\u00f3n<\/strong>, la <strong>actividad f\u00edsica<\/strong>,\r\nla <strong>salud sexual<\/strong> o la <strong>prevenci\u00f3n de adicciones<\/strong>.\r\n\r\n&nbsp;\r\n\r\nA trav\u00e9s de <strong>campa\u00f1as, talleres y colaboraciones<\/strong> con entidades sociales y sanitarias,\r\nimpulsamos un entorno universitario m\u00e1s saludable, inclusivo y sostenible,\r\ndonde el bienestar forme parte de la vida diaria en los campus de Le\u00f3n y Ponferrada.\r\n<p style=\"margin-top: 1rem; color: #00836f; font-weight: 600;\">#UnileonSaludable \u00b7 Promovemos salud, bienestar y comunidad.<\/p>\r\n\r\n<\/div>\r\n<\/div>\r\n<!-- Bloque REUPS -->\r\n<div style=\"margin-top: 2rem; text-align: center; background: #f5f5f5; padding: 1.5rem; border-radius: 12px;\">\r\n<p style=\"margin: 0; font-weight: 600; color: #00a38c;\">La Universidad de Le\u00f3n forma parte de la\r\n<span style=\"color: #000000;\">\r\n<strong>\r\n<a style=\"color: #0000ff; text-decoration: none;\" href=\"https:\/\/unisaludables.com\/\" target=\"_blank\" rel=\"noopener\">\r\nRed Espa\u00f1ola de Universidades Promotoras de Salud (REUPS)\r\n<\/a>\r\n<\/strong>\r\ny de la\r\n<strong>\r\n<a style=\"color: #0000ff; text-decoration: none;\" href=\"https:\/\/riups.org\/\" target=\"_blank\" rel=\"noopener\">\r\nRed Iberoamericana de Universidades Promotoras de Salud (RIUPS)\r\n<\/a>\r\n<\/strong>\r\n<\/span><\/p>\r\n\r\n<\/div>\r\n<\/section><section id=\"lineas\" style=\"margin-top: 3rem;\">\r\n<h2 style=\"color: #00a38c; font-family: 'Montserrat',sans-serif;\">L\u00edneas de actuaci\u00f3n<\/h2>\r\n<div style=\"display: grid; grid-template-columns: repeat(auto-fit, minmax(max(320px, 45%), 1fr)); gap: 1.5rem; margin-top: 1.5rem;\">\r\n<div style=\"min-height: 220px; background: linear-gradient(rgba(245,245,245,0.92), rgba(245,245,245,0.92)), url('https:\/\/images.unsplash.com\/photo-1604881991720-f91add269bed?auto=format&amp;fit=crop&amp;q=80&amp;w=687'); background-size: cover; background-position: center; border-radius: 12px; padding: 1.5rem; display: flex; flex-direction: column; justify-content: center;\">\r\n\r\n&nbsp;\r\n<a href=\"https:\/\/servicios.unileon.es\/universidadsaludable\/salud-mental-apoyo-psicologico\/\" style=\"text-decoration:none; color:inherit;\">\r\n<h3 style=\"color: #00836f; margin-top: 0; font-family: 'Montserrat', sans-serif;\">Salud mental y apoyo psicol\u00f3gico<\/h3>\r\n<p style=\"margin-bottom: 0;\">Espacios de acompa\u00f1amiento, talleres de gesti\u00f3n emocional y promoci\u00f3n del bienestar psicol\u00f3gico.<\/p>\r\n&nbsp;\r\n<\/a>\r\n<\/div>\r\n\r\n<div style=\"min-height: 220px; background: linear-gradient(rgba(245,245,245,0.9), rgba(245,245,245,0.9)), url('http:\/\/servicios.unileon.es\/universidadsaludable\/files\/2011\/08\/DSC_0002.jpg'); background-size: cover; background-position: center; border-radius: 12px; padding: 1.5rem; display: flex; flex-direction: column; justify-content: center;\">\r\n<a href=\"https:\/\/servicios.unileon.es\/universidadsaludable\/nutricion-saludable\/\" style=\"text-decoration:none; color:inherit;\">\r\n<h3 style=\"color: #00836f; margin-top: 0; font-family: 'Montserrat', sans-serif;\">Nutrici\u00f3n saludable<\/h3>\r\n<p style=\"margin-bottom: 0;\">Campa\u00f1as de educaci\u00f3n alimentaria, distribuci\u00f3n de fruta y promoci\u00f3n de men\u00fas equilibrados en cafeter\u00edas.<\/p>\r\n&nbsp;\r\n<\/a>\r\n<\/div>\r\n<div style=\"min-height: 220px; background: linear-gradient(rgba(245,245,245,0.9), rgba(245,245,245,0.9)), url('http:\/\/servicios.unileon.es\/universidadsaludable\/files\/2011\/11\/PEDR\u00daN-16-JUNIO-2012-215.jpg'); background-size: cover; background-position: center; border-radius: 12px; padding: 1.5rem; display: flex; flex-direction: column; justify-content: center;\">\r\n<a href=\"https:\/\/servicios.unileon.es\/universidadsaludable\/actividad-fisica-bienestar\/\" style=\"text-decoration:none; color:inherit;\">\r\n<h3 style=\"color: #00836f; margin-top: 0; font-family: 'Montserrat', sans-serif;\">Actividad f\u00edsica y bienestar<\/h3>\r\n<p style=\"margin-bottom: 0;\">Rutas activas, talleres y eventos que fomentan el movimiento y la salud cardiovascular.<\/p>\r\n&nbsp;\r\n<\/a>\r\n<\/div>\r\n<div style=\"min-height: 220px; background: linear-gradient(rgba(245,245,245,0.9), rgba(245,245,245,0.9)), url('https:\/\/images.unsplash.com\/photo-1564045288780-5c11658fefa3?auto=format&amp;fit=crop&amp;q=80&amp;w=686'); background-size: cover; background-position: center; border-radius: 12px; padding: 1.5rem; display: flex; flex-direction: column; justify-content: center;\">\r\n<a href=\"https:\/\/servicios.unileon.es\/universidadsaludable\/salud-sexual-prevencion\/\" style=\"text-decoration:none; color:inherit;\">\r\n<h3 style=\"color: #00836f; margin-top: 0; font-family: 'Montserrat', sans-serif;\">Salud sexual y prevenci\u00f3n<\/h3>\r\n<p style=\"margin-bottom: 0;\">Acciones informativas sobre ITS, diversidad y educaci\u00f3n afectivo-sexual responsable.<\/p>\r\n&nbsp;\r\n<\/a>\r\n<\/div>\r\n<div style=\"grid-column: 1 \/ -1; min-height: 180px; background: linear-gradient(rgba(245,245,245,0.9), rgba(245,245,245,0.9)), url('http:\/\/servicios.unileon.es\/universidadsaludable\/files\/2012\/02\/cipr\u00e9s.jpg'); background-size: cover; background-position: center; border-radius: 12px; padding: 1.5rem; display: flex; flex-direction: column; justify-content: center;\">\r\n\r\n&nbsp;\r\n<a href=\"https:\/\/servicios.unileon.es\/universidadsaludable\/unileon-libre-de-humos\/\"style=\"text-decoration:none; color:inherit;\">\r\n<h3 style=\"color: #00836f; margin-top: 0; font-family: 'Montserrat', sans-serif;\">Unileon libre de humos y aerosoles<\/h3>\r\n<p style=\"margin-bottom: 0;\">Promoci\u00f3n de espacios universitarios libres de tabaco y vapeo, fomentando h\u00e1bitos de vida sin humo para una convivencia saludable.<\/p>\r\n&nbsp;\r\n<\/a>\r\n<\/div>\r\n<\/div>\r\n<!-- ACTIVIDADES -->\r\n\r\n<section id=\"actividades\" style=\"margin-top: 3rem; background: #f5f5f5; border-radius: 14px; padding: 2rem;\">\r\n<h2 style=\"color: #00a38c; font-family: 'Montserrat',sans-serif;\">Pr\u00f3ximas actividades<\/h2>\r\n<!-- CONTENEDOR DE ACTIVIDADES -->\r\n<div style=\"margin-top: 2rem; display: flex; flex-direction: column; gap: 1.2rem;\"><\/div>\r\n&nbsp;\r\n\r\n<!-- ACTIVIDAD 4.1 \u2013 Taller de condici\u00f3n f\u00edsica facultad de biologicas -->\r\n<div style=\"display: flex; align-items: center; background: white; padding: 1rem; border-radius: 12px; border: 1px solid #e0e0e0;\">\r\n\r\n<img decoding=\"async\" style=\"width: 100px; height: auto; border-radius: 8px; margin-right: 1.2rem;\" src=\"http:\/\/servicios.unileon.es\/universidadsaludable\/files\/2026\/04\/F.-BIOLOGICAS.png\" alt=\"Cartel Taller Condici\u00f3n f\u00edsica en edificio de biologicas\" \/>\r\n<div>\r\n<h3 style=\"margin: 0; color: #00a38c; font-family: 'Montserrat', sans-serif;\">Taller de valoraci\u00f3n de la condici\u00f3n f\u00edsica<\/h3>\r\n<p style=\"margin: .3rem 0 0 0; color: #777;\"><strong>Fecha:<\/strong> 13 de mayo \u00b7 10:00 a 13:00 h\u00a0 y 17:00 a 19:00 h<\/p>\r\n<p style=\"margin: .3rem 0 0 0; color: #777;\"><strong>Lugar:<\/strong> Sala de exposiciones de la Facultad de Biol\u00f3gicas<\/p>\r\n\r\n<\/div>\r\n<\/div>\r\n&nbsp;\r\n\r\n<!-- ACTIVIDAD 4 \u2013 Taller de condici\u00f3n f\u00edsica facultad de Edificio Darwin -->\r\n<div style=\"display: flex; align-items: center; background: white; padding: 1rem; border-radius: 12px; border: 1px solid #e0e0e0;\">\r\n\r\n<img decoding=\"async\" style=\"width: 100px; height: auto; border-radius: 8px; margin-right: 1.2rem;\" src=\"http:\/\/servicios.unileon.es\/universidadsaludable\/files\/2026\/04\/E.-DARWIN.png\" alt=\"Cartel Taller Condici\u00f3n f\u00edsica en edicio darwin\" \/>\r\n<div>\r\n<h3 style=\"margin: 0; color: #00a38c; font-family: 'Montserrat', sans-serif;\">Taller de valoraci\u00f3n de la condici\u00f3n f\u00edsica<\/h3>\r\n<p style=\"margin: .3rem 0 0 0; color: #777;\"><strong>Fecha:<\/strong> 12 de mayo \u00b7 10:00 a 13:00 h\u00a0 y 17:00 a 19:00 h<\/p>\r\n<p style=\"margin: .3rem 0 0 0; color: #777;\"><strong>Lugar:<\/strong> Hall del Edificio Darwin<\/p>\r\n\r\n<\/div>\r\n<\/div>\r\n&nbsp;\r\n\r\n<!-- ACTIVIDAD 4 \u2013 Taller de condici\u00f3n f\u00edsica facultad de Educaci\u00f3n -->\r\n<div style=\"display: flex; align-items: center; background: white; padding: 1rem; border-radius: 12px; border: 1px solid #e0e0e0;\">\r\n\r\n<img decoding=\"async\" style=\"width: 100px; height: auto; border-radius: 8px; margin-right: 1.2rem;\" src=\"http:\/\/servicios.unileon.es\/universidadsaludable\/files\/2026\/04\/F-EDUCACION.png\" alt=\"Cartel Taller Condici\u00f3n f\u00edsica en facultad de educaci\u00f3n\" \/>\r\n<div>\r\n<h3 style=\"margin: 0; color: #00a38c; font-family: 'Montserrat', sans-serif;\">Taller de valoraci\u00f3n de la condici\u00f3n f\u00edsica<\/h3>\r\n<p style=\"margin: .3rem 0 0 0; color: #777;\"><strong>Fecha:<\/strong> 6 de mayo \u00b7 11:30 a 13:00 h\u00a0 y 15:00 a 17:00 h<\/p>\r\n<p style=\"margin: .3rem 0 0 0; color: #777;\"><strong>Lugar:<\/strong> Hall de la Facultad de Educaci\u00f3n<\/p>\r\n\r\n<\/div>\r\n<\/div>\r\n&nbsp;\r\n\r\n<!-- ACTIVIDAD 3 \u2013 Exposici\u00f3n de adiciones -->\r\n<div style=\"display: flex; align-items: center; background: white; padding: 1rem; border-radius: 12px; border: 1px solid #e0e0e0;\">\r\n\r\n<img decoding=\"async\" style=\"width: 100px; height: auto; border-radius: 8px; margin-right: 1.2rem;\" src=\"http:\/\/servicios.unileon.es\/universidadsaludable\/files\/2026\/03\/ADICCIONES-formato-post.png\" alt=\"Cartel Exposicion de adicciones\" \/>\r\n<div>\r\n<h3 style=\"margin: 0; color: #00a38c; font-family: 'Montserrat', sans-serif;\">Exposici\u00f3n sobre adicciones<\/h3>\r\n<p style=\"margin: .3rem 0 0 0; color: #777;\"><strong>Fecha:<\/strong> 19 de marzo al 22 de mayo.<\/p>\r\n<p style=\"margin: .3rem 0 0 0; color: #777;\"><strong>Lugar: <\/strong>Hall de la Facultad de Educaci\u00f3n.<\/p>\r\n\r\n<\/div>\r\n<\/div>\r\n&nbsp;\r\n\r\n<!-- ACTIVIDAD 5 \u2013 Cesta de productos ecol\u00f3gicos y saludables -->\r\n<div style=\"display: flex; align-items: center; background: white; padding: 1rem; border-radius: 12px; border: 1px solid #e0e0e0;\">\r\n\r\n<img decoding=\"async\" style=\"width: 100px; height: auto; border-radius: 8px; margin-right: 1.2rem;\" src=\"http:\/\/servicios.unileon.es\/universidadsaludable\/files\/2026\/04\/cartel_20cesta_20ecol_C3_B3gica_2022_20de_20abril_202026.png\" alt=\"Cesta de productos ecol\u00f3gicos\" \/>\r\n<div>\r\n<h3 style=\"margin: 0; color: #00a38c; font-family: 'Montserrat', sans-serif;\">Cesta de productos ecol\u00f3gicos y saludables<\/h3>\r\n<p style=\"margin: .3rem 0 0 0; color: #777;\"><strong>Pedidos:<\/strong> hasta el 20 de abril \u00b7 14:00h<\/p>\r\n<p style=\"margin: .3rem 0 0 0; color: #777;\"><strong>Entrega:<\/strong> 22 de abril \u00b7 9:30 a 14:00 \u00b7 Edificio Servicios Campus de Le\u00f3n, Conserjer\u00eda Campus de Ponferrada o Conserjer\u00eda Rectorado<\/p>\r\n<p style=\"margin: .3rem 0 0 0; color: #777;\"><strong>Precio:<\/strong> 20\u20ac<\/p>\r\n\r\n<\/div>\r\n<\/div>\r\n&nbsp;\r\n\r\n<\/section><section id=\"contacto\" style=\"margin-top: 2rem; background: #f5f5f5; border-radius: 12px; padding: 1.2rem 1rem;\">\r\n<h2 style=\"color: #00a38c; font-family: 'Montserrat',sans-serif; text-align: center; margin: 0 0 .7rem 0;\">Contacto<\/h2>\r\n<p style=\"margin: 0 auto 1rem; text-align: center; color: #555;\">Escr\u00edbenos si quieres colaborar, proponer una actividad o resolver cualquier duda sobre\r\n<strong>Universidad Saludable<\/strong>.<\/p>\r\n\r\n<div style=\"width: 100%;\">\n<div class=\"wpcf7 no-js\" id=\"wpcf7-f2020-o1\" lang=\"es-ES\" dir=\"ltr\" data-wpcf7-id=\"2020\">\n<div class=\"screen-reader-response\"><p role=\"status\" aria-live=\"polite\" aria-atomic=\"true\"><\/p> <ul><\/ul><\/div>\n<form action=\"\/universidadsaludable\/wp-json\/wp\/v2\/pages\/25#wpcf7-f2020-o1\" method=\"post\" class=\"wpcf7-form init\" aria-label=\"Formulario de contacto\" novalidate=\"novalidate\" data-status=\"init\">\n<fieldset class=\"hidden-fields-container\"><input type=\"hidden\" name=\"_wpcf7\" value=\"2020\" \/><input type=\"hidden\" name=\"_wpcf7_version\" value=\"6.1.1\" \/><input type=\"hidden\" name=\"_wpcf7_locale\" value=\"es_ES\" \/><input type=\"hidden\" name=\"_wpcf7_unit_tag\" value=\"wpcf7-f2020-o1\" \/><input type=\"hidden\" name=\"_wpcf7_container_post\" value=\"0\" \/><input type=\"hidden\" name=\"_wpcf7_posted_data_hash\" value=\"\" \/>\n<\/fieldset>\n<div style=\"display: grid; gap: .6rem; max-width: 600px; margin: 0 auto;\">\n\t<p><label>Tu nombre<br \/>\n<span class=\"wpcf7-form-control-wrap\" data-name=\"your-name\"><input size=\"40\" maxlength=\"400\" class=\"wpcf7-form-control wpcf7-text\" aria-invalid=\"false\" placeholder=\"Escribe tu nombre\" value=\"\" type=\"text\" name=\"your-name\" \/><\/span><br \/>\n<\/label>\n\t<\/p>\n\t<p><label>Tu correo electr\u00f3nico<br \/>\n<span class=\"wpcf7-form-control-wrap\" data-name=\"email-93\"><input size=\"40\" maxlength=\"400\" class=\"wpcf7-form-control wpcf7-email wpcf7-text wpcf7-validates-as-email\" aria-invalid=\"false\" placeholder=\"Escribe tu correo electr\u00f3nico\" value=\"\" type=\"email\" name=\"email-93\" \/><\/span><br \/>\n<\/label>\n\t<\/p>\n\t<p><label>Asunto<br \/>\n<span class=\"wpcf7-form-control-wrap\" data-name=\"your-subject\"><input size=\"40\" maxlength=\"400\" class=\"wpcf7-form-control wpcf7-text wpcf7-validates-as-required\" aria-required=\"true\" aria-invalid=\"false\" placeholder=\"Motivo de tu mensaje\" value=\"\" type=\"text\" name=\"your-subject\" \/><\/span><br \/>\n<\/label>\n\t<\/p>\n\t<p><label>Tu mensaje (opcional)<br \/>\n<span class=\"wpcf7-form-control-wrap\" data-name=\"your-message\"><textarea cols=\"40\" rows=\"10\" maxlength=\"2000\" class=\"wpcf7-form-control wpcf7-textarea\" aria-invalid=\"false\" placeholder=\"Escribe aqu\u00ed tu consulta o propuesta...\" name=\"your-message\"><\/textarea><\/span><br \/>\n<\/label>\n\t<\/p>\n\t<div style=\"text-align: center; margin-top: .8rem;\">\n\t\t<p><input class=\"wpcf7-form-control wpcf7-submit has-spinner boton-ule\" type=\"submit\" value=\"Enviar mensaje\" \/>\n\t\t<\/p>\n\t<\/div>\n<\/div><div class=\"wpcf7-response-output\" aria-hidden=\"true\"><\/div>\n<\/form>\n<\/div>\n<\/div>\r\n<style>\r\n        #contacto .wpcf7-form {<br \/>            display: grid;<br \/>            gap: 0.6rem !important;<br \/>        }<br \/>        #contacto .wpcf7-form label {<br \/>            margin-bottom: 0.2rem !important;<br \/>            display:block;<br \/>        }<br \/>        #contacto .wpcf7-form input,<br \/>        #contacto .wpcf7-form textarea {<br \/>            padding: 0.55rem !important;<br \/>            border-radius: 8px;<br \/>            border: 1px solid #ccc;<br \/>            width: 100%;<br \/>        }<br \/>        #contacto .wpcf7-textarea {<br \/>            height: 110px !important;<br \/>        }<br \/>        #contacto .wpcf7-submit {<br \/>            margin-top: .3rem !important;<br \/>            background-color: #00a38c;<br \/>            color: #fff;<br \/>            border: none;<br \/>            border-radius: 999px;<br \/>            padding: 0.65rem 1.4rem !important;<br \/>            font-weight: bold;<br \/>            cursor: pointer;<br \/>        }<br \/>    <\/style><\/section><!-- Footer -->\r\n\r\n<footer style=\"margin-top: 3rem; margin-bottom: 0 !important; background: linear-gradient(135deg,#00A38C,#00836F); color: #eaf5ef; padding: 1rem; border-radius: 14px; text-align: center; line-height: 1.6;\">\u00a9 2025 Universidad de Le\u00f3n\r\nUniversidad Saludable \u00b7 Vicerrectorado de Estudiantes, Cultura y Deportes\r\nODS 3: Salud y Bienestar<\/footer><\/section>","protected":false},"excerpt":{"rendered":"<p>Qui\u00e9nes somos Actividades Recursos Contacto Qui\u00e9nes somos La Universidad Saludable de la Universidad de Le\u00f3n es una iniciativa estrat\u00e9gica del Vicerrectorado de Estudiantes, Cultura y Deportes que busca fomentar una cultura de salud y bienestar entre todo el estudiantado, el profesorado y el personal de administraci\u00f3n y servicios. &nbsp; Trabajamos en el marco del Objetivo [&hellip;]<\/p>\n","protected":false},"author":10,"featured_media":0,"parent":0,"menu_order":0,"comment_status":"closed","ping_status":"open","template":"","meta":{"footnotes":""},"class_list":["post-25","page","type-page","status-publish","hentry"],"_links":{"self":[{"href":"https:\/\/servicios.unileon.es\/universidadsaludable\/wp-json\/wp\/v2\/pages\/25","targetHints":{"allow":["GET"]}}],"collection":[{"href":"https:\/\/servicios.unileon.es\/universidadsaludable\/wp-json\/wp\/v2\/pages"}],"about":[{"href":"https:\/\/servicios.unileon.es\/universidadsaludable\/wp-json\/wp\/v2\/types\/page"}],"author":[{"embeddable":true,"href":"https:\/\/servicios.unileon.es\/universidadsaludable\/wp-json\/wp\/v2\/users\/10"}],"replies":[{"embeddable":true,"href":"https:\/\/servicios.unileon.es\/universidadsaludable\/wp-json\/wp\/v2\/comments?post=25"}],"version-history":[{"count":126,"href":"https:\/\/servicios.unileon.es\/universidadsaludable\/wp-json\/wp\/v2\/pages\/25\/revisions"}],"predecessor-version":[{"id":2341,"href":"https:\/\/servicios.unileon.es\/universidadsaludable\/wp-json\/wp\/v2\/pages\/25\/revisions\/2341"}],"wp:attachment":[{"href":"https:\/\/servicios.unileon.es\/universidadsaludable\/wp-json\/wp\/v2\/media?parent=25"}],"curies":[{"name":"wp","href":"https:\/\/api.w.org\/{rel}","templated":true}]}}