{"id":2170,"date":"2025-12-08T13:16:10","date_gmt":"2025-12-08T13:16:10","guid":{"rendered":"https:\/\/servicios.unileon.es\/universidadsaludable\/?page_id=2170"},"modified":"2026-05-06T08:02:51","modified_gmt":"2026-05-06T08:02:51","slug":"recursos","status":"publish","type":"page","link":"https:\/\/servicios.unileon.es\/universidadsaludable\/recursos\/","title":{"rendered":"Recursos"},"content":{"rendered":"<!-- T\u00cdTULO PRINCIPAL -->\r\n<h1 style=\"color: #00836f; font-family: 'Montserrat', sans-serif; text-align: center; font-size: 2.5rem; font-weight: 800; margin-top: 2rem; margin-bottom: 1.5rem;\">Unile\u00f3n: Espacio cardioprotegido<\/h1>\r\n<!-- MAPA 1: CAMPUS LE\u00d3N -->\r\n<h2 style=\"color: #00836f; font-family: 'Montserrat', sans-serif; text-align: center;\">Campus de Le\u00f3n<\/h2>\r\n<div style=\"margin-top: 1rem; text-align: center;\"><img decoding=\"async\" style=\"width: 100%; max-width: 1100px; height: auto; border-radius: 12px; box-shadow: 0 4px 12px rgba(0,0,0,0.1);\" src=\"http:\/\/servicios.unileon.es\/universidadsaludable\/files\/2025\/12\/DEA.png\" alt=\"Mapa DEA Campus de Le\u00f3n\" \/><\/div>\r\n<p style=\"text-align: center; margin-top: 1rem;\"><a style=\"color: #00836f; font-weight: 600; text-decoration: underline;\" href=\"http:\/\/servicios.unileon.es\/universidadsaludable\/files\/2025\/12\/DEA.png\" target=\"_blank\" rel=\"noopener\">\r\nAbrir imagen del mapa del Campus de Le\u00f3n\r\n<\/a><\/p>\r\n\r\n\r\n<hr style=\"border: none; border-top: 1px solid #ddd; margin: 2.5rem 0;\" \/>\r\n\r\n<!-- MAPA 2: CAMPUS PONFERRADA -->\r\n<h2 style=\"color: #00836f; font-family: 'Montserrat', sans-serif; text-align: center;\">Campus de Ponferrada<\/h2>\r\n<div style=\"margin-top: 1rem; text-align: center;\"><img decoding=\"async\" style=\"width: 100%; max-width: 1100px; height: auto; border-radius: 12px; box-shadow: 0 4px 12px rgba(0,0,0,0.1);\" src=\"http:\/\/servicios.unileon.es\/universidadsaludable\/files\/2025\/12\/Mapa-DEA-Ponferrada-scaled.jpg\" alt=\"Mapa DEA Campus de Ponferrada\" \/><\/div>\r\n<p style=\"text-align: center; margin-top: 1rem;\"><a style=\"color: #00836f; font-weight: 600; text-decoration: underline;\" href=\"http:\/\/servicios.unileon.es\/universidadsaludable\/files\/2025\/12\/Mapa-DEA-Ponferrada-scaled.jpg\" target=\"_blank\" rel=\"noopener\">\r\nAbrir imagen del mapa del Campus de Ponferrada\r\n<\/a><\/p>\r\n\r\n\r\n<hr style=\"border: none; border-top: 1px solid #ddd; margin: 2.5rem 0;\" \/>\r\n\r\n<!-- SEPARADOR -->\r\n\r\n<hr style=\"border: none; border-top: 1px solid #ddd; margin: 2.5rem 0;\" \/>\r\n\r\n<h2 style=\"color: #00836f; font-family: 'Montserrat', sans-serif; text-align: center; font-size: 2.2rem; font-weight: 800;\">Recursos Externos<\/h2>\r\n<!-- GRID DE RECURSOS -->\r\n<div style=\"display: grid; grid-template-columns: repeat(auto-fit, minmax(200px, 1fr)); gap: 1.5rem; margin: 2rem 0;\">\r\n\r\n<!-- 1. One Health -->\r\n<a href=\"https:\/\/onehealthplataforma.es\/\" target=\"_blank\" rel=\"noopener\" style=\"text-decoration: none; display: block;\">\r\n  <div style=\"width: 100%; aspect-ratio: 1\/1; overflow: hidden; border-radius: 12px; background: white; box-shadow: 0 4px 12px rgba(0,0,0,0.1); display: flex; justify-content: center; align-items: center;\">\r\n    <img decoding=\"async\" style=\"width: 90%; height: 90%; object-fit: contain;\" src=\"http:\/\/servicios.unileon.es\/universidadsaludable\/files\/2025\/12\/onehealth.jpg\" alt=\"One Health\" \/>\r\n  <\/div>\r\n<\/a>\r\n\r\n<!-- 2. OMS -->\r\n<a href=\"https:\/\/www.who.int\/es\" target=\"_blank\" rel=\"noopener\" style=\"text-decoration: none; display: block;\">\r\n<div style=\"width: 100%; aspect-ratio: 1\/1; overflow: hidden; border-radius: 12px; background: white; box-shadow: 0 4px 12px rgba(0,0,0,0.1); display: flex; justify-content: center; align-items: center;\"><img decoding=\"async\" style=\"width: 90%; height: 90%; object-fit: contain;\" src=\"http:\/\/servicios.unileon.es\/universidadsaludable\/files\/2025\/12\/omgs.jpg\" alt=\"OMS\" \/><\/div>\r\n<\/a>\r\n\r\n<!-- 3. ONU Salud -->\r\n<a href=\"https:\/\/www.un.org\/es\/global-issues\/health\" target=\"_blank\" rel=\"noopener\" style=\"text-decoration: none; display: block;\">\r\n<div style=\"width: 100%; aspect-ratio: 1\/1; overflow: hidden; border-radius: 12px; background: white; box-shadow: 0 4px 12px rgba(0,0,0,0.1); display: flex; justify-content: center; align-items: center;\"><img decoding=\"async\" style=\"width: 90%; height: 90%; object-fit: contain;\" src=\"http:\/\/servicios.unileon.es\/universidadsaludable\/files\/2025\/12\/onusalud.png\" alt=\"ONU Salud\" \/><\/div>\r\n<\/a>\r\n\r\n<!-- 4. Proyecto Zero -->\r\n<a href=\"https:\/\/proyectoszero.semicyuc.org\/\" target=\"_blank\" rel=\"noopener\" style=\"text-decoration: none; display: block;\">\r\n<div style=\"width: 100%; aspect-ratio: 1\/1; overflow: hidden; border-radius: 12px; background: white; box-shadow: 0 4px 12px rgba(0,0,0,0.1); display: flex; justify-content: center; align-items: center;\"><img decoding=\"async\" style=\"width: 90%; height: 90%; object-fit: contain;\" src=\"http:\/\/servicios.unileon.es\/universidadsaludable\/files\/2025\/12\/somosproyectocero.png\" alt=\"Proyecto Zero\" \/><\/div>\r\n<\/a>\r\n\r\n<!-- 5. SEISIDA -->\r\n<a href=\"https:\/\/www.seisida.net\/\" target=\"_blank\" rel=\"noopener\" style=\"text-decoration: none; display: block;\">\r\n<div style=\"width: 100%; aspect-ratio: 1\/1; overflow: hidden; border-radius: 12px; background: white; box-shadow: 0 4px 12px rgba(0,0,0,0.1); display: flex; justify-content: center; align-items: center;\"><img decoding=\"async\" style=\"width: 90%; height: 90%; object-fit: contain;\" src=\"http:\/\/servicios.unileon.es\/universidadsaludable\/files\/2025\/12\/seisida.png\" alt=\"SEISIDA\" \/><\/div>\r\n<\/a>\r\n\r\n<!-- 6. Ministerio de Sanidad -->\r\n\r\n<a href=\"https:\/\/www.sanidad.gob.es\/\" target=\"_blank\" rel=\"noopener\" style=\"text-decoration: none; display: block;\">\r\n<div style=\"width: 100%; aspect-ratio: 1\/1; overflow: hidden; border-radius: 12px; background: white; box-shadow: 0 4px 12px rgba(0,0,0,0.1); display: flex; justify-content: center; align-items: center;\"><img decoding=\"async\" style=\"width: 90%; height: 90%; object-fit: contain;\" src=\"http:\/\/servicios.unileon.es\/universidadsaludable\/files\/2025\/12\/logo_ministerio.jpg\" alt=\"Ministerio de Sanidad\" \/><\/div>\r\n<\/a>\r\n\r\n<!-- 7. AECC -->\r\n<a href=\"https:\/\/www.contraelcancer.es\/es\" target=\"_blank\" rel=\"noopener\" style=\"text-decoration: none; display: block;\">\r\n<div style=\"width: 100%; aspect-ratio: 1\/1; overflow: hidden; border-radius: 12px; background: white; box-shadow: 0 4px 12px rgba(0,0,0,0.1); display: flex; justify-content: center; align-items: center;\"><img decoding=\"async\" style=\"width: 90%; height: 90%; object-fit: contain;\" src=\"http:\/\/servicios.unileon.es\/universidadsaludable\/files\/2025\/12\/Logo_Asociacion_Espanola_Contra_el_Cancerpng.png\" alt=\"AECC\" \/><\/div>\r\n<\/a>\r\n\r\n<!-- 8. Telefono de la esperanza -->\r\n<a href=\"https:\/\/telefonodelaesperanza.org\/contacto\" target=\"_blank\" rel=\"noopener\" style=\"text-decoration: none; display: block;\">\r\n<div style=\"width: 100%; aspect-ratio: 1\/1; overflow: hidden; border-radius: 12px; background: white; box-shadow: 0 4px 12px rgba(0,0,0,0.1); display: flex; justify-content: center; align-items: center;\"><img decoding=\"async\" style=\"width: 90%; height: 90%; object-fit: contain;\" src=\"http:\/\/servicios.unileon.es\/universidadsaludable\/files\/2026\/05\/Telefono_esperanza.png\" alt=\"Telefono de la esperanza\" \/><\/div>\r\n<\/a>\r\n\r\n<!-- 9. Agencia Espa\u00f1ola de Seguridad Alimentaria y Nutrici\u00f3n -->\r\n<a href=\"https:\/\/www.aesan.gob.es\/AECOSAN\/web\/home\/aecosan_inicio.htm\" target=\"_blank\" rel=\"noopener\" style=\"text-decoration: none; display: block;\">\r\n<div style=\"width: 100%; aspect-ratio: 1\/1; overflow: hidden; border-radius: 12px; background: white; box-shadow: 0 4px 12px rgba(0,0,0,0.1); display: flex; justify-content: center; align-items: center;\"><img decoding=\"async\" style=\"width: 90%; height: 90%; object-fit: contain;\" src=\"http:\/\/servicios.unileon.es\/universidadsaludable\/files\/2026\/05\/aesanLogo.jpg\" alt=\"Agencia Espa\u00f1ola de Seguridad Alimentaria y Nutrici\u00f3n\" \/><\/div>\r\n<\/a>\r\n\r\n<!-- 10. Fundacion espa\u00f1ola del corazon -->\r\n<a href=\"https:\/\/fundaciondelcorazon.com\/\" target=\"_blank\" rel=\"noopener\" style=\"text-decoration: none; display: block;\">\r\n<div style=\"width: 100%; aspect-ratio: 1\/1; overflow: hidden; border-radius: 12px; background: white; box-shadow: 0 4px 12px rgba(0,0,0,0.1); display: flex; justify-content: center; align-items: center;\"><img decoding=\"async\" style=\"width: 90%; height: 90%; object-fit: contain;\" src=\"http:\/\/servicios.unileon.es\/universidadsaludable\/files\/2026\/05\/fundacionEspanolaCorazonLogo.png\" alt=\"Fundacion espa\u00f1ola del corazon\" \/><\/div>\r\n<\/a>\r\n\r\n<\/div>","protected":false},"excerpt":{"rendered":"<p>Unile\u00f3n: Espacio cardioprotegido Campus de Le\u00f3n Abrir imagen del mapa del Campus de Le\u00f3n Campus de Ponferrada Abrir imagen del mapa del Campus de Ponferrada Recursos Externos<\/p>\n","protected":false},"author":10,"featured_media":0,"parent":0,"menu_order":0,"comment_status":"closed","ping_status":"closed","template":"","meta":{"footnotes":""},"class_list":["post-2170","page","type-page","status-publish","hentry"],"_links":{"self":[{"href":"https:\/\/servicios.unileon.es\/universidadsaludable\/wp-json\/wp\/v2\/pages\/2170","targetHints":{"allow":["GET"]}}],"collection":[{"href":"https:\/\/servicios.unileon.es\/universidadsaludable\/wp-json\/wp\/v2\/pages"}],"about":[{"href":"https:\/\/servicios.unileon.es\/universidadsaludable\/wp-json\/wp\/v2\/types\/page"}],"author":[{"embeddable":true,"href":"https:\/\/servicios.unileon.es\/universidadsaludable\/wp-json\/wp\/v2\/users\/10"}],"replies":[{"embeddable":true,"href":"https:\/\/servicios.unileon.es\/universidadsaludable\/wp-json\/wp\/v2\/comments?post=2170"}],"version-history":[{"count":29,"href":"https:\/\/servicios.unileon.es\/universidadsaludable\/wp-json\/wp\/v2\/pages\/2170\/revisions"}],"predecessor-version":[{"id":2365,"href":"https:\/\/servicios.unileon.es\/universidadsaludable\/wp-json\/wp\/v2\/pages\/2170\/revisions\/2365"}],"wp:attachment":[{"href":"https:\/\/servicios.unileon.es\/universidadsaludable\/wp-json\/wp\/v2\/media?parent=2170"}],"curies":[{"name":"wp","href":"https:\/\/api.w.org\/{rel}","templated":true}]}}