{"id":2108,"date":"2025-11-30T11:10:46","date_gmt":"2025-11-30T11:10:46","guid":{"rendered":"https:\/\/servicios.unileon.es\/universidadsaludable\/?page_id=2108"},"modified":"2026-03-13T09:33:36","modified_gmt":"2026-03-13T09:33:36","slug":"salud-mental-apoyo-psicologico","status":"publish","type":"page","link":"https:\/\/servicios.unileon.es\/universidadsaludable\/salud-mental-apoyo-psicologico\/","title":{"rendered":"Salud mental y apoyo psicol\u00f3gico"},"content":{"rendered":"<div style=\"max-width: 900px; margin: 0 auto; font-family: 'Open Sans', sans-serif; line-height: 1.7; color: #333;\">\r\n\r\nEl programa de Apoyo Psicol\u00f3gico brinda asesoramiento a los estudiantes de la Universidad de Le\u00f3n\r\n(Campus de Vegazana y Campus de Ponferrada) y, en su caso, canalizaci\u00f3n hacia otros recursos,\r\ncon la finalidad de ayudar a superar problemas o dificultades relacionados con la salud mental.\r\n<p style=\"font-weight: 600; color: #00836f;\"><a style=\"color: #00836f; text-decoration: underline;\" href=\"https:\/\/docs.google.com\/forms\/d\/e\/1FAIpQLSdmZ27TkdthmiG4v2OL5LGzo7sXXDF6nE-ESdn20SfLnq_TBg\/viewform\" target=\"_blank\" rel=\"noopener\">\r\nPrograma de apoyo psicol\u00f3gico individualizado\r\n<\/a><\/p>\r\n\r\n<div style=\"margin: 1.5rem 0;\"><img decoding=\"async\" style=\"width: 100%; height: auto; border-radius: 12px; box-shadow: 0 4px 12px rgba(0,0,0,0.1);\" src=\"http:\/\/servicios.unileon.es\/universidadsaludable\/files\/2025\/11\/servicio_apoyo_psicologico_ule-scaled.png\" alt=\"Servicio de apoyo psicol\u00f3gico ULE\" \/><\/div>\r\n\r\n<hr style=\"border: none; border-top: 1px solid #ddd; margin: 2.5rem 0;\" \/>\r\n\r\n<div style=\"margin: 1.5rem 0;\"><img decoding=\"async\" style=\"width: 100%; height: auto; border-radius: 12px; box-shadow: 0 4px 12px rgba(0,0,0,0.1);\" src=\"http:\/\/servicios.unileon.es\/universidadsaludable\/files\/2025\/12\/image21.png\" alt=\"Nuevo cartel\" \/><\/div>\r\n\r\n<hr style=\"border: none; border-top: 1px solid #ddd; margin: 2.5rem 0;\" \/>\r\n\r\n<h2 style=\"color: #00836f; font-family: 'Montserrat', sans-serif; text-align: center; font-size: 3rem; font-weight: 800;\">TIPS PARA \u00c9POCAS DE EX\u00c1MENES<\/h2>\r\n<div style=\"display: grid; grid-template-columns: repeat(2, 1fr); gap: 1rem; margin: 1.5rem 0;\"><!-- Cartel 1 -->\r\n<img decoding=\"async\" style=\"width: 100%; border-radius: 12px; box-shadow: 0 4px 12px rgba(0,0,0,0.1);\" src=\"http:\/\/servicios.unileon.es\/universidadsaludable\/files\/2025\/12\/image22.png\" alt=\"Tip 1\" \/><!-- Cartel 2 -->\r\n<img decoding=\"async\" style=\"width: 100%; border-radius: 12px; box-shadow: 0 4px 12px rgba(0,0,0,0.1);\" src=\"http:\/\/servicios.unileon.es\/universidadsaludable\/files\/2025\/12\/image23.png\" alt=\"Tip 2\" \/><!-- Cartel 3 -->\r\n<img decoding=\"async\" style=\"width: 100%; border-radius: 12px; box-shadow: 0 4px 12px rgba(0,0,0,0.1);\" src=\"http:\/\/servicios.unileon.es\/universidadsaludable\/files\/2025\/12\/image24.png\" alt=\"Tip 3\" \/><!-- Cartel 4 -->\r\n<img decoding=\"async\" style=\"width: 100%; border-radius: 12px; box-shadow: 0 4px 12px rgba(0,0,0,0.1);\" src=\"http:\/\/servicios.unileon.es\/universidadsaludable\/files\/2025\/12\/image25.png\" alt=\"Tip 4\" \/><!-- Cartel 5 -->\r\n<img decoding=\"async\" style=\"width: 100%; border-radius: 12px; box-shadow: 0 4px 12px rgba(0,0,0,0.1);\" src=\"http:\/\/servicios.unileon.es\/universidadsaludable\/files\/2025\/12\/image26.png\" alt=\"Tip 5\" \/><!-- Cartel 6 -->\r\n<img decoding=\"async\" style=\"width: 100%; border-radius: 12px; box-shadow: 0 4px 12px rgba(0,0,0,0.1);\" src=\"http:\/\/servicios.unileon.es\/universidadsaludable\/files\/2025\/12\/image27.png\" alt=\"Tip 6\" \/>\r\n<!-- Cartel 7 -->\r\n<div style=\"grid-column: 1 \/ 3; width: 100%; text-align: center;\">\r\n  <h3 style=\"margin-bottom: 24px; color: #00836f; font-family: 'Montserrat', sans-serif;\">\r\n    Dormir no es perder el tiempo, es consolidar lo que aprendiste hoy.\r\n  <\/h3>\r\n\r\n  <img decoding=\"async\"\r\n    src=\"http:\/\/servicios.unileon.es\/universidadsaludable\/files\/2026\/03\/INFOGRAFIA-MARZO-logo-en-negro--300x200.png\"\r\n    alt=\"Cartel 7\"\r\n    style=\"\r\n      width: 300px;\r\n      max-width: 100%;\r\n      border-radius: 12px;\r\n      box-shadow: 0 4px 12px rgba(0,0,0,0.1);\r\n      display: block;\r\n      margin: 8px auto 0;\r\n    \"\r\n  \/>\r\n<\/div>\r\n\r\n\r\n<\/div>\r\n<!-- SEPARADOR -->\r\n\r\n<hr style=\"border: none; border-top: 1px solid #ddd; margin: 2.5rem 0;\" \/>\r\n\r\n<\/div>","protected":false},"excerpt":{"rendered":"<p>El programa de Apoyo Psicol\u00f3gico brinda asesoramiento a los estudiantes de la Universidad de Le\u00f3n (Campus de Vegazana y Campus de Ponferrada) y, en su caso, canalizaci\u00f3n hacia otros recursos, con la finalidad de ayudar a superar problemas o dificultades relacionados con la salud mental. Programa de apoyo psicol\u00f3gico individualizado TIPS PARA \u00c9POCAS DE EX\u00c1MENES [&hellip;]<\/p>\n","protected":false},"author":10,"featured_media":0,"parent":0,"menu_order":0,"comment_status":"closed","ping_status":"closed","template":"","meta":{"footnotes":""},"class_list":["post-2108","page","type-page","status-publish","hentry"],"_links":{"self":[{"href":"https:\/\/servicios.unileon.es\/universidadsaludable\/wp-json\/wp\/v2\/pages\/2108","targetHints":{"allow":["GET"]}}],"collection":[{"href":"https:\/\/servicios.unileon.es\/universidadsaludable\/wp-json\/wp\/v2\/pages"}],"about":[{"href":"https:\/\/servicios.unileon.es\/universidadsaludable\/wp-json\/wp\/v2\/types\/page"}],"author":[{"embeddable":true,"href":"https:\/\/servicios.unileon.es\/universidadsaludable\/wp-json\/wp\/v2\/users\/10"}],"replies":[{"embeddable":true,"href":"https:\/\/servicios.unileon.es\/universidadsaludable\/wp-json\/wp\/v2\/comments?post=2108"}],"version-history":[{"count":20,"href":"https:\/\/servicios.unileon.es\/universidadsaludable\/wp-json\/wp\/v2\/pages\/2108\/revisions"}],"predecessor-version":[{"id":2303,"href":"https:\/\/servicios.unileon.es\/universidadsaludable\/wp-json\/wp\/v2\/pages\/2108\/revisions\/2303"}],"wp:attachment":[{"href":"https:\/\/servicios.unileon.es\/universidadsaludable\/wp-json\/wp\/v2\/media?parent=2108"}],"curies":[{"name":"wp","href":"https:\/\/api.w.org\/{rel}","templated":true}]}}