{"id":555,"date":"2021-09-14T12:54:36","date_gmt":"2021-09-14T12:54:36","guid":{"rendered":"https:\/\/servicios.unileon.es\/unidad-prevencion-riesgos-laborales\/?page_id=555"},"modified":"2025-12-03T10:24:57","modified_gmt":"2025-12-03T10:24:57","slug":"procedimientos-de-p-r-l","status":"publish","type":"page","link":"https:\/\/servicios.unileon.es\/unidad-prevencion-riesgos-laborales\/procedimientos-de-p-r-l\/","title":{"rendered":"Procedimientos de P.R.L."},"content":{"rendered":"<ul class=\"big\">\r\n \t<li><a href=\"http:\/\/servicios.unileon.es\/unidad-prevencion-riesgos-laborales\/files\/2025\/12\/1060_procedimiento_gestion_residuos_20251203.pdf\">PPRL-ULE 1060 Procedimiento para la gesti\u00f3n de residuos.<\/a><\/li>\r\n \t<li><a href=\"https:\/\/www.unileon.es\/intranet\/prevencion\/proc_elaborac_revision_procedimientos.pdf\">PPRL-ULE 301 Procedimiento para la elaboraci\u00f3n, revisi\u00f3n y aprobaci\u00f3n de procedimientos e instrucciones de prevenci\u00f3n de riesgos laborales.<\/a><\/li>\r\n \t<li><a href=\"https:\/\/servicios.unileon.es\/unidad-prevencion-riesgos-laborales\/files\/2022\/08\/procedimiento_elaboracion_actualizacion_difusion_interna_normativa_20220331.pdf\" target=\"_blank\" rel=\"noopener\">PPRL-ULE 700 Procedimiento para la elaboraci\u00f3n, actualizaci\u00f3n y difusi\u00f3n interna de la normativa de prevenci\u00f3n de riesgos laborales.<\/a><\/li>\r\n \t<li><a href=\"https:\/\/servicios.unileon.es\/unidad-prevencion-riesgos-laborales\/files\/2022\/08\/procedimiento_control_documentacion_PRL_20220427.pdf\" target=\"_blank\" rel=\"noopener\">PPRL-ULE 701 Procedimiento para el control de la documentaci\u00f3n.<\/a><\/li>\r\n \t<li><a href=\"https:\/\/servicios.unileon.es\/unidad-prevencion-riesgos-laborales\/files\/2022\/08\/procedimiento_comunicacion_servicio_prevencion_propio_20220425.pdf\" target=\"_blank\" rel=\"noopener\">PPRL-ULE 800 Procedimiento para la comunicaci\u00f3n con el Servicio de Prevenci\u00f3n Propio.<\/a><\/li>\r\n \t<li><a href=\"https:\/\/servicios.unileon.es\/unidad-prevencion-riesgos-laborales\/files\/2022\/10\/realizacion_auditorias_sistema_prevencion20221004.pdf\">PPRL-ULE-1400 Procedimiento para la realizaci\u00f3n de auditor\u00edas internas.<\/a><\/li>\r\n \t<li><a href=\"https:\/\/www.unileon.es\/intranet\/prevencion\/proc_acceso_documentacion_delegados_prevencion.pdf\">PPRL-ULE 401 Procedimiento para el acceso a la documentaci\u00f3n preventiva por los\/as delegados\/as de prevenci\u00f3n.<\/a><\/li>\r\n \t<li><a href=\"https:\/\/www.unileon.es\/intranet\/prevencion\/proc_mecanismos_consulta_participacion.pdf\">PPRL-ULE 402 Procedimiento sobre mecanismos de consulta y participaci\u00f3n.<\/a><\/li>\r\n \t<li><a href=\"https:\/\/www.unileon.es\/intranet\/prevencion\/proc_comunicacion_riesgos_sugerencias_mejora.pdf\">PPRL-ULE 1201 Procedimiento para la comunicaci\u00f3n de riesgos detectados y sugerencias de mejora de las mismas.<\/a><\/li>\r\n \t<li><a href=\"https:\/\/servicios.unileon.es\/unidad-prevencion-riesgos-laborales\/files\/2023\/04\/proc_notificacion_y_analisis_aa.t._ee.pp_.pdf\">PPRL-ULE 1200 Procedimiento para la notificaci\u00f3n e investigaci\u00f3n de accidentes de trabajo y Enfermedades profesionales (EEPP).<\/a><\/li>\r\n \t<li><a href=\"https:\/\/www.unileon.es\/intranet\/prevencion\/proc_realizacion_inspecciones_revisiones_seguridad.pdf\">PPRL-ULE 306 Procedimiento para la realizaci\u00f3n de inspecciones y revisiones de seguridad.<\/a><\/li>\r\n \t<li><a href=\"https:\/\/servicios.unileon.es\/unidad-prevencion-riesgos-laborales\/files\/2025\/06\/proc_realizacion_inspecciones_revisiones_duchas_y_lavaojos.pdf\">PPRL-ULE 306i01 Instrucci\u00f3n para las revisiones de duchas y lavaojos.<\/a><\/li>\r\n \t<li><a href=\"https:\/\/servicios.unileon.es\/unidad-prevencion-riesgos-laborales\/files\/2022\/08\/procedimiento_realizacion_evaluacion_riesgos_20220322.pdf\" target=\"_blank\" rel=\"noopener\">PPRL-ULE 500 Procedimiento para la realizaci\u00f3n de la evaluaci\u00f3n de riesgos laborales.<\/a><\/li>\r\n \t<li><a href=\"https:\/\/servicios.unileon.es\/unidad-prevencion-riesgos-laborales\/files\/2022\/10\/procedimiento_planificar_actividad_preventiva_objetivos20221004.pdf\">PPRL-ULE 600 Procedimiento para planificar la actividad preventiva. Objetivos en PRL.<\/a><\/li>\r\n \t<li><a href=\"https:\/\/servicios.unileon.es\/unidad-prevencion-riesgos-laborales\/files\/2022\/08\/procedimiento_formacion_informacion_materia_prl_20220613.pdf\" target=\"_blank\" rel=\"noopener\">PPRL-ULE 900 Procedimiento para formaci\u00f3n e informaci\u00f3n en materia de prevenci\u00f3n de riesgos laborales.<\/a><\/li>\r\n \t<li><a href=\"https:\/\/www.unileon.es\/intranet\/prevencion\/proc_adquisicion_mantenimiento_gestion_EPI.pdf\">PPRL-ULE 302 Procedimiento de adquisici\u00f3n, mantenimiento y gesti\u00f3n de equipos de protecci\u00f3n individual.<\/a><\/li>\r\n \t<li><a href=\"https:\/\/servicios.unileon.es\/unidad-prevencion-riesgos-laborales\/files\/2023\/02\/1001_Proc_Adqu_Qcos_y_Maquinas_report.pdf\">PPRL-ULE 1001 Procedimiento para la adquisici\u00f3n de nuevos productos qu\u00edmicos, equipos o maquinaria o alquiler de estos.<\/a><\/li>\r\n \t<li><a href=\"https:\/\/servicios.unileon.es\/unidad-prevencion-riesgos-laborales\/files\/2025\/06\/1001i01_Proc_nitrogeno_liquido.pdf\">PPRL-ULE 1001i01 Instrucci\u00f3n para la recepci\u00f3n, transporte y trasvase de nitr\u00f3geno l\u00edquido.<\/a><\/li>\r\n \t<li><a href=\"https:\/\/www.unileon.es\/intranet\/prevencion\/proc_proteccion_agentes_biologicos.pdf\">PPRL-ULE 1010 Procedimiento de control de acceso a instalaciones donde se trabaje o en donde pueda existir presencia de Agentes Biol\u00f3gicos de los grupos 2 y 3.<\/a><\/li>\r\n \t<li><a href=\"https:\/\/www.unileon.es\/intranet\/prevencion\/proc_proteccion_agentes_cancerigenos.pdf\">PPRL-ULE 1020 Procedimiento de control de acceso a instalaciones con productos cancer\u00edgenos, mutag\u00e9nicos, t\u00f3xicos para la reproducci\u00f3n o para el medio ambiente.<\/a><\/li>\r\n \t<li><a href=\"https:\/\/servicios.unileon.es\/unidad-prevencion-riesgos-laborales\/files\/2024\/01\/303_procedimiento_coordinacion_actividades_empresariales_y_obras.pdf\">PPRL-ULE 303 Procedimiento para la coordinaci\u00f3n de actividades empresariales y obras.<\/a><\/li>\r\n \t<li><a href=\"https:\/\/servicios.unileon.es\/unidad-prevencion-riesgos-laborales\/files\/2024\/01\/307_procedimiento_gestion_recursos_preventivos.pdf\">PPRL-ULE 307 Procedimiento para la gesti\u00f3n de recursos preventivos.<\/a>\r\n<ul>\r\n \t<li><a href=\"https:\/\/servicios.unileon.es\/unidad-prevencion-riesgos-laborales\/files\/2024\/05\/307i01_procedimiento_permisos_trabajo.pdf\">PPRL-ULE 307i01 Instrucciones para elaborar Permisos de Trabajos Especiales.<\/a><\/li>\r\n<\/ul>\r\n<\/li>\r\n \t<li><a href=\"https:\/\/servicios.unileon.es\/unidad-prevencion-riesgos-laborales\/files\/2022\/08\/procedimiento_vigilancia_control_salud_20220428.pdf\" target=\"_blank\" rel=\"noopener\">PPRL-ULE 1300 Procedimiento para determinar la forma de realizar la vigilancia de la salud en la Universidad de Le\u00f3n, incluyendo el tipo de contrataci\u00f3n con un Servicio de Prevenci\u00f3n Ajeno.<\/a><\/li>\r\n \t<li><a href=\"https:\/\/www.unileon.es\/intranet\/prevencion\/proc_proteccion_maternidad_lactancia_20230706.pdf\">PPRL-ULE 304 Procedimiento para la protecci\u00f3n de la maternidad y la lactancia en materia de seguridad y salud.<\/a><\/li>\r\n \t<li><a href=\"https:\/\/www.unileon.es\/intranet\/prevencion\/proc_proteccion_trab_especialmente_sensibles.pdf\">PPRL-ULE 305 Procedimiento para la protecci\u00f3n de los trabajadores especialmente sensibles en materia de seguridad y salud.<\/a><\/li>\r\n \t<li><a href=\"https:\/\/servicios.unileon.es\/unidad-prevencion-riesgos-laborales\/files\/2023\/05\/1000_proc_nuevos_trabajadores_y_cambios.pdf\">PPRL-ULE 1000 Procedimiento para las actuaciones preventivas necesarias ante la incorporaci\u00f3n de nuevos trabajadores, cambios de puestos de trabajo y modificaciones de espacios y lugares de trabajo.<\/a><\/li>\r\n \t<li><a href=\"https:\/\/www.unileon.es\/intranet\/prevencion\/proc_reposicion_material_primeros_auxilios_botiquines.pdf\">PPRL-ULE 1310 Procedimiento para la reposici\u00f3n de material de Primeros Auxilios &#8211; BOTIQUINES.<\/a><\/li>\r\n \t<li><a href=\"https:\/\/servicios.unileon.es\/unidad-prevencion-riesgos-laborales\/files\/2022\/10\/procedimiento_planes_emergencia20221004.pdf\">PPRL-ULE 1100 Procedimiento para la elaboraci\u00f3n, implantaci\u00f3n, mantenimiento y revisi\u00f3n de los planes y medidas de emergencia o de autoprotecci\u00f3n exigidos en la normativa<\/a><\/li>\r\n<\/ul>","protected":false},"excerpt":{"rendered":"<p>PPRL-ULE 1060 Procedimiento para la gesti\u00f3n de residuos. PPRL-ULE 301 Procedimiento para la elaboraci\u00f3n, revisi\u00f3n y aprobaci\u00f3n de procedimientos e instrucciones de prevenci\u00f3n de riesgos laborales. PPRL-ULE 700 Procedimiento para la elaboraci\u00f3n, actualizaci\u00f3n y difusi\u00f3n interna de la normativa de prevenci\u00f3n de riesgos laborales. PPRL-ULE 701 Procedimiento para el control de la documentaci\u00f3n. PPRL-ULE 800 [&hellip;]<\/p>\n","protected":false},"author":344,"featured_media":0,"parent":0,"menu_order":0,"comment_status":"closed","ping_status":"closed","template":"","meta":{"footnotes":""},"class_list":["post-555","page","type-page","status-publish","hentry"],"_links":{"self":[{"href":"https:\/\/servicios.unileon.es\/unidad-prevencion-riesgos-laborales\/wp-json\/wp\/v2\/pages\/555","targetHints":{"allow":["GET"]}}],"collection":[{"href":"https:\/\/servicios.unileon.es\/unidad-prevencion-riesgos-laborales\/wp-json\/wp\/v2\/pages"}],"about":[{"href":"https:\/\/servicios.unileon.es\/unidad-prevencion-riesgos-laborales\/wp-json\/wp\/v2\/types\/page"}],"author":[{"embeddable":true,"href":"https:\/\/servicios.unileon.es\/unidad-prevencion-riesgos-laborales\/wp-json\/wp\/v2\/users\/344"}],"replies":[{"embeddable":true,"href":"https:\/\/servicios.unileon.es\/unidad-prevencion-riesgos-laborales\/wp-json\/wp\/v2\/comments?post=555"}],"version-history":[{"count":22,"href":"https:\/\/servicios.unileon.es\/unidad-prevencion-riesgos-laborales\/wp-json\/wp\/v2\/pages\/555\/revisions"}],"predecessor-version":[{"id":806,"href":"https:\/\/servicios.unileon.es\/unidad-prevencion-riesgos-laborales\/wp-json\/wp\/v2\/pages\/555\/revisions\/806"}],"wp:attachment":[{"href":"https:\/\/servicios.unileon.es\/unidad-prevencion-riesgos-laborales\/wp-json\/wp\/v2\/media?parent=555"}],"curies":[{"name":"wp","href":"https:\/\/api.w.org\/{rel}","templated":true}]}}