{"id":51,"date":"2010-10-26T08:49:10","date_gmt":"2010-10-26T08:49:10","guid":{"rendered":"http:\/\/servicios.unileon.es\/unidad-prevencion-riesgos-laborales\/"},"modified":"2015-03-18T10:37:51","modified_gmt":"2015-03-18T10:37:51","slug":"emergencias","status":"publish","type":"page","link":"https:\/\/servicios.unileon.es\/unidad-prevencion-riesgos-laborales\/emergencias\/","title":{"rendered":"Emergencias"},"content":{"rendered":"<h2>Primeros auxilios<\/h2>\r\n<ul>\r\n\t<li><a href=\"http:\/\/www.unileon.es\/intranet\/prevencion\/PrimerosAuxiliosAsepeyo.pdf\">Primeros auxilios<\/a><\/li>\r\n<\/ul>\r\n<h2>Tel\u00e9fonos de Inter\u00e9s<\/h2>\r\n<h3>Servicios de EMERGENCIAS<\/h3>\r\n<ul>\r\n\t<li>112<\/li>\r\n<\/ul>\r\n<h3>Bomberos<\/h3>\r\n<ul>\r\n\t<li><strong>Le\u00f3n:<\/strong> 080 \/ 987 216 080<\/li>\r\n\t<li><strong>Ponferrada:<\/strong> 080 \/ 987 455 380<\/li>\r\n<\/ul>\r\n<h3>Instituto Nacional de Toxicolog\u00eda<\/h3>\r\n<ul>\r\n\t<li>915 620 420<\/li>\r\n<\/ul>\r\n<h3>Servicios M\u00e9dicos<\/h3>\r\n<ul>\r\n\t<li><strong>Asistencia sanitaria:<\/strong> 061<\/li>\r\n\t<li><strong>Hospital de Le\u00f3n (Altos de Nava, s\/n):<\/strong> 987 237 400<\/li>\r\n\t<li><strong>Hospital del Bierzo:<\/strong> 987 455 200<\/li>\r\n\t<li><strong>Cruz Roja (Le\u00f3n):<\/strong> 987 222 222<\/li>\r\n\t<li><strong>Cruz Roja (Ponferrada):<\/strong> 987 429 090<\/li>\r\n\t<li><strong>ASEPEYO, Mutua (Le\u00f3n):<\/strong> 987 224 451<\/li>\r\n\t<li><strong>ASEPEYO, Mutua (Ponferrada):<\/strong> 987 413 585<\/li>\r\n<\/ul>\r\n<h3>Polic\u00eda<\/h3>\r\n<ul>\r\n\t<li><strong>Polic\u00eda Nacional (Le\u00f3n):<\/strong> 091 \/ 987 218 900<\/li>\r\n\t<li><strong>Polic\u00eda Local (Le\u00f3n):<\/strong> 092 \/ 987 255 551<\/li>\r\n\t<li><strong>Polic\u00eda Local (Ponferrada):<\/strong> 092 \/ 987 415 565<\/li>\r\n\t<li><strong>Guardia Civil (Le\u00f3n):<\/strong> 062 \/ 987 221 100<\/li>\r\n\t<li><strong>Guardia Civil (Ponferrada):<\/strong> 062 \/ 987 427 050<\/li>\r\n<\/ul>\r\n<h3>Universidad de Le\u00f3n<\/h3>\r\n<ul>\r\n\t<li><strong>Gerencia:<\/strong> 987 291 667<\/li>\r\n\t<li><strong>Servicio de Infraestructura:<\/strong> 987 291 307\r\n<ul>\r\n\t<li><strong>Mantenimiento (Le\u00f3n y Ponferrada):<\/strong> 987 293 333<\/li>\r\n<\/ul>\r\n<\/li>\r\n\t<li><strong>Prevenci\u00f3n de Riesgos Laborales:<\/strong> 987 291 944<\/li>\r\n<\/ul>\r\n<h3>GARDA Servicios de Seguridad, S.A.<\/h3>\r\n<ul>\r\n\t<li>608 750 935 (Le\u00f3n)<\/li>\r\n\t<li>630 682 270 (Ponferrada)<\/li>\r\n<\/ul>","protected":false},"excerpt":{"rendered":"<p>Primeros auxilios Primeros auxilios Tel\u00e9fonos de Inter\u00e9s Servicios de EMERGENCIAS 112 Bomberos Le\u00f3n: 080 \/ 987 216 080 Ponferrada: 080 \/ 987 455 380 Instituto Nacional de Toxicolog\u00eda 915 620 420 Servicios M\u00e9dicos Asistencia sanitaria: 061 Hospital de Le\u00f3n (Altos de Nava, s\/n): 987 237 400 Hospital del Bierzo: 987 455 200 Cruz Roja (Le\u00f3n): [&hellip;]<\/p>\n","protected":false},"author":1,"featured_media":0,"parent":0,"menu_order":0,"comment_status":"closed","ping_status":"open","template":"","meta":{"footnotes":""},"class_list":["post-51","page","type-page","status-publish","hentry"],"_links":{"self":[{"href":"https:\/\/servicios.unileon.es\/unidad-prevencion-riesgos-laborales\/wp-json\/wp\/v2\/pages\/51","targetHints":{"allow":["GET"]}}],"collection":[{"href":"https:\/\/servicios.unileon.es\/unidad-prevencion-riesgos-laborales\/wp-json\/wp\/v2\/pages"}],"about":[{"href":"https:\/\/servicios.unileon.es\/unidad-prevencion-riesgos-laborales\/wp-json\/wp\/v2\/types\/page"}],"author":[{"embeddable":true,"href":"https:\/\/servicios.unileon.es\/unidad-prevencion-riesgos-laborales\/wp-json\/wp\/v2\/users\/1"}],"replies":[{"embeddable":true,"href":"https:\/\/servicios.unileon.es\/unidad-prevencion-riesgos-laborales\/wp-json\/wp\/v2\/comments?post=51"}],"version-history":[{"count":13,"href":"https:\/\/servicios.unileon.es\/unidad-prevencion-riesgos-laborales\/wp-json\/wp\/v2\/pages\/51\/revisions"}],"predecessor-version":[{"id":199,"href":"https:\/\/servicios.unileon.es\/unidad-prevencion-riesgos-laborales\/wp-json\/wp\/v2\/pages\/51\/revisions\/199"}],"wp:attachment":[{"href":"https:\/\/servicios.unileon.es\/unidad-prevencion-riesgos-laborales\/wp-json\/wp\/v2\/media?parent=51"}],"curies":[{"name":"wp","href":"https:\/\/api.w.org\/{rel}","templated":true}]}}