{"id":5,"date":"2010-10-25T12:45:21","date_gmt":"2010-10-25T12:45:21","guid":{"rendered":"http:\/\/servicios.unileon.es\/unidad-prevencion-riesgos-laborales\/"},"modified":"2025-03-06T12:51:38","modified_gmt":"2025-03-06T12:51:38","slug":"donde-nos-encontramos","status":"publish","type":"page","link":"https:\/\/servicios.unileon.es\/unidad-prevencion-riesgos-laborales\/donde-nos-encontramos\/","title":{"rendered":"D\u00f3nde nos encontramos"},"content":{"rendered":"&nbsp;\r\n<table class=\"extendida\">\r\n<tbody>\r\n<tr>\r\n<th align=\"center\">Direcci\u00f3n Postal<\/th>\r\n<td align=\"center\">UNIVERSIDAD DE LE\u00d3N\r\nEdificio XXV Aniversario.\r\nAvda. de la Facultad de Veterinaria, 25. 24004 (LE\u00d3N)<\/td>\r\n<\/tr>\r\n<tr>\r\n<th align=\"center\">Tel\u00e9fono<\/th>\r\n<td align=\"center\">987 29 19 44<\/td>\r\n<\/tr>\r\n<tr>\r\n<th align=\"center\">T\u00e9cnicos en Prevenci\u00f3n de Riesgos Laborales<\/th>\r\n<td align=\"center\">\r\n   <p><a href=\"mailto:gerjap@unileon.es\">Jos\u00e9 \u00c1mez del Pozo<\/a> &#8211; Tel\u00e9fono: 1944<\/p>\r\n   <p><a href=\"mailto:gposc@unileon.es\">Gerardo Posado Caro<\/a> &#8211; Tel\u00e9fono: 1640<\/p>\r\n<\/td>\r\n<\/tr>\r\n<tr>\r\n<th align=\"center\">Buz\u00f3n electr\u00f3nico<\/th>\r\n<td align=\"center\"><a class=\"enlace\" href=\"mailto:uleuprl@unileon.es\">uleuprl@unileon.es<\/a><\/td>\r\n<\/tr>\r\n<\/tbody>\r\n<\/table>","protected":false},"excerpt":{"rendered":"<p>&nbsp; Direcci\u00f3n Postal UNIVERSIDAD DE LE\u00d3N Edificio XXV Aniversario. Avda. de la Facultad de Veterinaria, 25. 24004 (LE\u00d3N) Tel\u00e9fono 987 29 19 44 T\u00e9cnicos en Prevenci\u00f3n de Riesgos Laborales Jos\u00e9 \u00c1mez del Pozo &#8211; Tel\u00e9fono: 1944 Gerardo Posado Caro &#8211; Tel\u00e9fono: 1640 Buz\u00f3n electr\u00f3nico uleuprl@unileon.es<\/p>\n","protected":false},"author":1,"featured_media":0,"parent":0,"menu_order":0,"comment_status":"closed","ping_status":"open","template":"","meta":{"footnotes":""},"class_list":["post-5","page","type-page","status-publish","hentry"],"_links":{"self":[{"href":"https:\/\/servicios.unileon.es\/unidad-prevencion-riesgos-laborales\/wp-json\/wp\/v2\/pages\/5","targetHints":{"allow":["GET"]}}],"collection":[{"href":"https:\/\/servicios.unileon.es\/unidad-prevencion-riesgos-laborales\/wp-json\/wp\/v2\/pages"}],"about":[{"href":"https:\/\/servicios.unileon.es\/unidad-prevencion-riesgos-laborales\/wp-json\/wp\/v2\/types\/page"}],"author":[{"embeddable":true,"href":"https:\/\/servicios.unileon.es\/unidad-prevencion-riesgos-laborales\/wp-json\/wp\/v2\/users\/1"}],"replies":[{"embeddable":true,"href":"https:\/\/servicios.unileon.es\/unidad-prevencion-riesgos-laborales\/wp-json\/wp\/v2\/comments?post=5"}],"version-history":[{"count":22,"href":"https:\/\/servicios.unileon.es\/unidad-prevencion-riesgos-laborales\/wp-json\/wp\/v2\/pages\/5\/revisions"}],"predecessor-version":[{"id":256,"href":"https:\/\/servicios.unileon.es\/unidad-prevencion-riesgos-laborales\/wp-json\/wp\/v2\/pages\/5\/revisions\/256"}],"wp:attachment":[{"href":"https:\/\/servicios.unileon.es\/unidad-prevencion-riesgos-laborales\/wp-json\/wp\/v2\/media?parent=5"}],"curies":[{"name":"wp","href":"https:\/\/api.w.org\/{rel}","templated":true}]}}