{"id":47,"date":"2010-10-26T08:40:53","date_gmt":"2010-10-26T08:40:53","guid":{"rendered":"http:\/\/servicios.unileon.es\/unidad-prevencion-riesgos-laborales\/"},"modified":"2022-03-04T11:42:58","modified_gmt":"2022-03-04T11:42:58","slug":"agentes-biologicos","status":"publish","type":"page","link":"https:\/\/servicios.unileon.es\/unidad-prevencion-riesgos-laborales\/agentes-biologicos\/","title":{"rendered":"Agentes Biol\u00f3gicos"},"content":{"rendered":"<ul class=\"big\">\r\n\t<li><a href=\"https:\/\/www.unileon.es\/intranet\/prevencion\/abiologicos_ficha.doc\">Ficha de Datos de Seguridad<\/a><\/li>\r\n\t<li>Tr\u00edpticos\r\n\t\t<ul>\r\n\t\t\t<li><a href=\"https:\/\/www.unileon.es\/intranet\/prevencion\/abiologicos_tp_prevencion.doc\">Prevenci\u00f3n<\/a><\/li>\r\n\t\t\t<li><a href=\"https:\/\/www.unileon.es\/intranet\/prevencion\/abiologicos_tp_informacion.doc\">Informaci\u00f3n<\/a><\/li>\r\n\t\t<\/ul>\r\n\t<\/li>\r\n\t<li><a href=\"https:\/\/www.unileon.es\/intranet\/prevencion\/abiologicos_seguridad.doc\">Consideraciones de Seguridad<\/a><\/li>\r\n\t<li><a href=\"https:\/\/www.unileon.es\/intranet\/prevencion\/abiologicos_cabinas.doc\">Cabinas de Seguridad<\/a><\/li>\r\n<!--\t<li><a href=\"https:\/\/www.unileon.es\/intranet\/prevencion\/procedimiento-proteccion-agentes-biologicos.pdf\">Procedimiento de control de acceso<\/a><\/li> -->\r\n<\/ul>","protected":false},"excerpt":{"rendered":"<p>Ficha de Datos de Seguridad Tr\u00edpticos Prevenci\u00f3n Informaci\u00f3n Consideraciones de Seguridad Cabinas de Seguridad<\/p>\n","protected":false},"author":1,"featured_media":0,"parent":0,"menu_order":0,"comment_status":"closed","ping_status":"open","template":"","meta":{"footnotes":""},"class_list":["post-47","page","type-page","status-publish","hentry"],"_links":{"self":[{"href":"https:\/\/servicios.unileon.es\/unidad-prevencion-riesgos-laborales\/wp-json\/wp\/v2\/pages\/47","targetHints":{"allow":["GET"]}}],"collection":[{"href":"https:\/\/servicios.unileon.es\/unidad-prevencion-riesgos-laborales\/wp-json\/wp\/v2\/pages"}],"about":[{"href":"https:\/\/servicios.unileon.es\/unidad-prevencion-riesgos-laborales\/wp-json\/wp\/v2\/types\/page"}],"author":[{"embeddable":true,"href":"https:\/\/servicios.unileon.es\/unidad-prevencion-riesgos-laborales\/wp-json\/wp\/v2\/users\/1"}],"replies":[{"embeddable":true,"href":"https:\/\/servicios.unileon.es\/unidad-prevencion-riesgos-laborales\/wp-json\/wp\/v2\/comments?post=47"}],"version-history":[{"count":8,"href":"https:\/\/servicios.unileon.es\/unidad-prevencion-riesgos-laborales\/wp-json\/wp\/v2\/pages\/47\/revisions"}],"predecessor-version":[{"id":616,"href":"https:\/\/servicios.unileon.es\/unidad-prevencion-riesgos-laborales\/wp-json\/wp\/v2\/pages\/47\/revisions\/616"}],"wp:attachment":[{"href":"https:\/\/servicios.unileon.es\/unidad-prevencion-riesgos-laborales\/wp-json\/wp\/v2\/media?parent=47"}],"curies":[{"name":"wp","href":"https:\/\/api.w.org\/{rel}","templated":true}]}}