{"id":45,"date":"2010-10-26T08:14:18","date_gmt":"2010-10-26T08:14:18","guid":{"rendered":"http:\/\/servicios.unileon.es\/unidad-prevencion-riesgos-laborales\/"},"modified":"2022-11-23T10:41:10","modified_gmt":"2022-11-23T10:41:10","slug":"productos-quimicos","status":"publish","type":"page","link":"https:\/\/servicios.unileon.es\/unidad-prevencion-riesgos-laborales\/productos-quimicos\/","title":{"rendered":"Productos Qu\u00edmicos"},"content":{"rendered":"<ul class=\"big\">\r\n\t<!-- <li><a href=\"https:\/\/www.unileon.es\/intranet\/prevencion\/pquimicos_compras.doc\">Adquisiciones y Compras de Productos Qu\u00edmicos<\/a><\/li>\r\n\t<li><a href=\"https:\/\/www.unileon.es\/intranet\/prevencion\/pquimicos_almacenamiento.doc\">Almacenamiento de Productos Qu\u00edmicos en el laboratorio<\/a><\/li> -->\r\n\t<li><a href=\"https:\/\/www.unileon.es\/intranet\/prevencion\/pquimicos_tpprl.doc\">Tr\u00edpticos &#8211; Prevenci\u00f3n de Riesgos en los laboratorios de Qu\u00edmica<\/a><\/li>\r\n\t<li><a href=\"https:\/\/www.unileon.es\/intranet\/prevencion\/pquimicos_incompatibilidades.doc\">Incompatibilidades<\/a><\/li>\r\n<!--\t<li><a href=\"https:\/\/www.unileon.es\/intranet\/prevencion\/procedimiento-proteccion-agentes-cancerigenos.pdf\">Procedimiento de control de acceso<\/a><\/li> -->\r\n<\/ul>","protected":false},"excerpt":{"rendered":"<p>Tr\u00edpticos &#8211; Prevenci\u00f3n de Riesgos en los laboratorios de Qu\u00edmica Incompatibilidades<\/p>\n","protected":false},"author":1,"featured_media":0,"parent":0,"menu_order":0,"comment_status":"closed","ping_status":"open","template":"","meta":{"footnotes":""},"class_list":["post-45","page","type-page","status-publish","hentry"],"_links":{"self":[{"href":"https:\/\/servicios.unileon.es\/unidad-prevencion-riesgos-laborales\/wp-json\/wp\/v2\/pages\/45","targetHints":{"allow":["GET"]}}],"collection":[{"href":"https:\/\/servicios.unileon.es\/unidad-prevencion-riesgos-laborales\/wp-json\/wp\/v2\/pages"}],"about":[{"href":"https:\/\/servicios.unileon.es\/unidad-prevencion-riesgos-laborales\/wp-json\/wp\/v2\/types\/page"}],"author":[{"embeddable":true,"href":"https:\/\/servicios.unileon.es\/unidad-prevencion-riesgos-laborales\/wp-json\/wp\/v2\/users\/1"}],"replies":[{"embeddable":true,"href":"https:\/\/servicios.unileon.es\/unidad-prevencion-riesgos-laborales\/wp-json\/wp\/v2\/comments?post=45"}],"version-history":[{"count":10,"href":"https:\/\/servicios.unileon.es\/unidad-prevencion-riesgos-laborales\/wp-json\/wp\/v2\/pages\/45\/revisions"}],"predecessor-version":[{"id":655,"href":"https:\/\/servicios.unileon.es\/unidad-prevencion-riesgos-laborales\/wp-json\/wp\/v2\/pages\/45\/revisions\/655"}],"wp:attachment":[{"href":"https:\/\/servicios.unileon.es\/unidad-prevencion-riesgos-laborales\/wp-json\/wp\/v2\/media?parent=45"}],"curies":[{"name":"wp","href":"https:\/\/api.w.org\/{rel}","templated":true}]}}