{"id":38,"date":"2010-10-26T07:52:02","date_gmt":"2010-10-26T07:52:02","guid":{"rendered":"http:\/\/servicios.unileon.es\/unidad-prevencion-riesgos-laborales\/"},"modified":"2022-03-04T11:42:37","modified_gmt":"2022-03-04T11:42:37","slug":"pantalla-de-visualizacion-de-datos-p-v-d","status":"publish","type":"page","link":"https:\/\/servicios.unileon.es\/unidad-prevencion-riesgos-laborales\/pantalla-de-visualizacion-de-datos-p-v-d\/","title":{"rendered":"Pantalla de Visualizaci\u00f3n de Datos (P.V.D)"},"content":{"rendered":"<ul class=\"big\">\r\n\t<li><a href=\"https:\/\/www.unileon.es\/intranet\/prevencion\/pvd_consideraciones.doc\">Consideraciones<\/a><\/li>\r\n\t<li><a href=\"https:\/\/www.unileon.es\/intranet\/prevencion\/pvd_recomendaciones.doc\">Recomendaciones<\/a><\/li>\r\n\t<li><a href=\"https:\/\/www.unileon.es\/intranet\/prevencion\/pvd_tp_informacion.doc\">Tr\u00edpticos<\/a><\/li>\r\n\t<li><a href=\"https:\/\/www.unileon.es\/intranet\/prevencion\/pvd_portatiles.pdf\">Port\u00e1tiles<\/a><\/li>\r\n\t<li><a href=\"https:\/\/www.unileon.es\/intranet\/prevencion\/pvd_diseno_ergonomico_asepeyo.pdf\">Dise\u00f1o ergon\u00f3mico de puestos con PVD<\/a><\/li>\r\n<\/ul>","protected":false},"excerpt":{"rendered":"<p>Consideraciones Recomendaciones Tr\u00edpticos Port\u00e1tiles Dise\u00f1o ergon\u00f3mico de puestos con PVD<\/p>\n","protected":false},"author":1,"featured_media":0,"parent":0,"menu_order":0,"comment_status":"closed","ping_status":"open","template":"","meta":{"footnotes":""},"class_list":["post-38","page","type-page","status-publish","hentry"],"_links":{"self":[{"href":"https:\/\/servicios.unileon.es\/unidad-prevencion-riesgos-laborales\/wp-json\/wp\/v2\/pages\/38","targetHints":{"allow":["GET"]}}],"collection":[{"href":"https:\/\/servicios.unileon.es\/unidad-prevencion-riesgos-laborales\/wp-json\/wp\/v2\/pages"}],"about":[{"href":"https:\/\/servicios.unileon.es\/unidad-prevencion-riesgos-laborales\/wp-json\/wp\/v2\/types\/page"}],"author":[{"embeddable":true,"href":"https:\/\/servicios.unileon.es\/unidad-prevencion-riesgos-laborales\/wp-json\/wp\/v2\/users\/1"}],"replies":[{"embeddable":true,"href":"https:\/\/servicios.unileon.es\/unidad-prevencion-riesgos-laborales\/wp-json\/wp\/v2\/comments?post=38"}],"version-history":[{"count":10,"href":"https:\/\/servicios.unileon.es\/unidad-prevencion-riesgos-laborales\/wp-json\/wp\/v2\/pages\/38\/revisions"}],"predecessor-version":[{"id":614,"href":"https:\/\/servicios.unileon.es\/unidad-prevencion-riesgos-laborales\/wp-json\/wp\/v2\/pages\/38\/revisions\/614"}],"wp:attachment":[{"href":"https:\/\/servicios.unileon.es\/unidad-prevencion-riesgos-laborales\/wp-json\/wp\/v2\/media?parent=38"}],"curies":[{"name":"wp","href":"https:\/\/api.w.org\/{rel}","templated":true}]}}