{"id":29,"date":"2010-10-26T07:30:59","date_gmt":"2010-10-26T07:30:59","guid":{"rendered":"http:\/\/servicios.unileon.es\/unidad-prevencion-riesgos-laborales\/"},"modified":"2026-02-13T11:34:07","modified_gmt":"2026-02-13T11:34:07","slug":"programaciones-anuales","status":"publish","type":"page","link":"https:\/\/servicios.unileon.es\/unidad-prevencion-riesgos-laborales\/programaciones-anuales\/","title":{"rendered":"Programaciones Anuales"},"content":{"rendered":"<ul class=\"big\">\r\n    <li><a href=\"https:\/\/servicios.unileon.es\/unidad-prevencion-riesgos-laborales\/files\/2026\/02\/programacion2026.pdf\">Programaci\u00f3n 2026<\/a><\/li>\r\n    <li><a href=\"https:\/\/servicios.unileon.es\/unidad-prevencion-riesgos-laborales\/files\/2024\/12\/programacion2025.pdf\">Programaci\u00f3n 2025<\/a><\/li>\r\n    <li><a href=\"https:\/\/servicios.unileon.es\/unidad-prevencion-riesgos-laborales\/files\/2024\/01\/programacion2024.pdf\">Programaci\u00f3n 2024<\/a><\/li>\r\n    <li><a href=\"https:\/\/www.unileon.es\/intranet\/prevencion\/informes\/programacion2023.pdf\">Programaci\u00f3n 2023<\/a><\/li>\r\n    <li><a href=\"https:\/\/www.unileon.es\/intranet\/prevencion\/informes\/programacion2022.pdf\">Programaci\u00f3n 2022<\/a><\/li>\r\n    <li><a href=\"https:\/\/www.unileon.es\/intranet\/prevencion\/informes\/programacion2021.pdf\">Programaci\u00f3n 2021<\/a><\/li>\r\n    <li><a href=\"https:\/\/www.unileon.es\/intranet\/prevencion\/informes\/programacion2020.pdf\">Programaci\u00f3n 2020<\/a><\/li>\r\n    <li><a href=\"https:\/\/www.unileon.es\/intranet\/prevencion\/informes\/programacion2019.pdf\">Programaci\u00f3n 2019<\/a><\/li>\r\n    <li><a href=\"https:\/\/www.unileon.es\/intranet\/prevencion\/informes\/programacion2018.pdf\">Programaci\u00f3n 2018<\/a><\/li>\r\n    <li><a href=\"https:\/\/www.unileon.es\/intranet\/prevencion\/informes\/programacion2017.pdf\">Programaci\u00f3n 2017<\/a><\/li>\r\n    <li><a href=\"https:\/\/www.unileon.es\/intranet\/prevencion\/informes\/programacion2016.pdf\">Programaci\u00f3n 2016<\/a><\/li>\r\n    <li><a href=\"https:\/\/www.unileon.es\/intranet\/prevencion\/informes\/programacion2015.pdf\">Programaci\u00f3n 2015<\/a><\/li>\r\n    <li><a href=\"https:\/\/www.unileon.es\/intranet\/prevencion\/informes\/programacion2014.pdf\">Programaci\u00f3n 2014<\/a><\/li>\r\n    <li><a href=\"https:\/\/www.unileon.es\/intranet\/prevencion\/informes\/programacion2013.pdf\">Programaci\u00f3n 2013<\/a><\/li>\r\n    <li><a href=\"https:\/\/www.unileon.es\/intranet\/prevencion\/informes\/programacion2012.pdf\">Programaci\u00f3n 2012<\/a><\/li>\r\n    <li><a href=\"https:\/\/www.unileon.es\/intranet\/prevencion\/informes\/programacion2011.pdf\">Programaci\u00f3n 2011<\/a><\/li>\r\n    <li><a href=\"https:\/\/www.unileon.es\/intranet\/prevencion\/informes\/programacion2010.doc\">Programaci\u00f3n 2010<\/a><\/li>\r\n    <li><a href=\"https:\/\/www.unileon.es\/intranet\/prevencion\/informes\/programacion2009.doc\">Programaci\u00f3n 2009<\/a><\/li>\r\n    <li><a href=\"https:\/\/www.unileon.es\/intranet\/prevencion\/informes\/programacion2008.doc\">Programaci\u00f3n 2008<\/a><\/li>\r\n    <li><a href=\"https:\/\/www.unileon.es\/intranet\/prevencion\/informes\/programacion2007.doc\">Programaci\u00f3n 2007<\/a><\/li>\r\n    <li><a href=\"https:\/\/www.unileon.es\/intranet\/prevencion\/informes\/programacion2006.doc\">Programaci\u00f3n 2006<\/a><\/li>\r\n    <li><a href=\"https:\/\/www.unileon.es\/intranet\/prevencion\/informes\/programacion2005.doc\">Programaci\u00f3n 2005<\/a><\/li>\r\n    <li><a href=\"https:\/\/www.unileon.es\/intranet\/prevencion\/informes\/programacion2004.doc\">Programaci\u00f3n 2004<\/a><\/li>\r\n<\/ul>","protected":false},"excerpt":{"rendered":"<p>Programaci\u00f3n 2026 Programaci\u00f3n 2025 Programaci\u00f3n 2024 Programaci\u00f3n 2023 Programaci\u00f3n 2022 Programaci\u00f3n 2021 Programaci\u00f3n 2020 Programaci\u00f3n 2019 Programaci\u00f3n 2018 Programaci\u00f3n 2017 Programaci\u00f3n 2016 Programaci\u00f3n 2015 Programaci\u00f3n 2014 Programaci\u00f3n 2013 Programaci\u00f3n 2012 Programaci\u00f3n 2011 Programaci\u00f3n 2010 Programaci\u00f3n 2009 Programaci\u00f3n 2008 Programaci\u00f3n 2007 Programaci\u00f3n 2006 Programaci\u00f3n 2005 Programaci\u00f3n 2004<\/p>\n","protected":false},"author":1,"featured_media":0,"parent":0,"menu_order":0,"comment_status":"closed","ping_status":"open","template":"","meta":{"footnotes":""},"class_list":["post-29","page","type-page","status-publish","hentry"],"_links":{"self":[{"href":"https:\/\/servicios.unileon.es\/unidad-prevencion-riesgos-laborales\/wp-json\/wp\/v2\/pages\/29","targetHints":{"allow":["GET"]}}],"collection":[{"href":"https:\/\/servicios.unileon.es\/unidad-prevencion-riesgos-laborales\/wp-json\/wp\/v2\/pages"}],"about":[{"href":"https:\/\/servicios.unileon.es\/unidad-prevencion-riesgos-laborales\/wp-json\/wp\/v2\/types\/page"}],"author":[{"embeddable":true,"href":"https:\/\/servicios.unileon.es\/unidad-prevencion-riesgos-laborales\/wp-json\/wp\/v2\/users\/1"}],"replies":[{"embeddable":true,"href":"https:\/\/servicios.unileon.es\/unidad-prevencion-riesgos-laborales\/wp-json\/wp\/v2\/comments?post=29"}],"version-history":[{"count":23,"href":"https:\/\/servicios.unileon.es\/unidad-prevencion-riesgos-laborales\/wp-json\/wp\/v2\/pages\/29\/revisions"}],"predecessor-version":[{"id":810,"href":"https:\/\/servicios.unileon.es\/unidad-prevencion-riesgos-laborales\/wp-json\/wp\/v2\/pages\/29\/revisions\/810"}],"wp:attachment":[{"href":"https:\/\/servicios.unileon.es\/unidad-prevencion-riesgos-laborales\/wp-json\/wp\/v2\/media?parent=29"}],"curies":[{"name":"wp","href":"https:\/\/api.w.org\/{rel}","templated":true}]}}