{"id":273,"date":"2018-05-09T07:59:32","date_gmt":"2018-05-09T07:59:32","guid":{"rendered":"http:\/\/servicios.unileon.es\/unidad-prevencion-riesgos-laborales\/?page_id=273"},"modified":"2024-01-22T15:30:32","modified_gmt":"2024-01-22T15:30:32","slug":"seguridad-vial","status":"publish","type":"page","link":"https:\/\/servicios.unileon.es\/unidad-prevencion-riesgos-laborales\/seguridad-vial\/","title":{"rendered":"Seguridad Vial"},"content":{"rendered":" <h3 style=\"margin-bottom:55px\"><a href=\"https:\/\/servicios.unileon.es\/unidad-prevencion-riesgos-laborales\/files\/2024\/01\/seguridad_vial_asepeyo_peatones.pdf\">Recomendaciones de seguridad vial para peatones (Asepeyo)<\/a><\/h3>\r\n\r\n\r\n <h3>1. Ley de Newton. Campa\u00f1a sobre el uso del cintur\u00f3n de seguridad<\/h3>\r\n<div style=\"width: 640px;\" class=\"wp-video\"><!--[if lt IE 9]><script>document.createElement('video');<\/script><![endif]-->\n<video class=\"wp-video-shortcode\" id=\"video-273-1\" width=\"640\" height=\"360\" preload=\"metadata\" controls=\"controls\"><source type=\"video\/mp4\" src=\"http:\/\/servicios.unileon.es\/unidad-prevencion-riesgos-laborales\/files\/2018\/05\/seguridad_vial1.mp4?_=1\" \/><a href=\"http:\/\/servicios.unileon.es\/unidad-prevencion-riesgos-laborales\/files\/2018\/05\/seguridad_vial1.mp4\">http:\/\/servicios.unileon.es\/unidad-prevencion-riesgos-laborales\/files\/2018\/05\/seguridad_vial1.mp4<\/a><\/video><\/div>\r\n\r\n&nbsp;\r\n<h3>2. &#8216;De Ana a doctora Ana S\u00e1nchez&#8217;<\/h3>\r\n<div style=\"width: 640px;\" class=\"wp-video\"><video class=\"wp-video-shortcode\" id=\"video-273-2\" width=\"640\" height=\"360\" preload=\"metadata\" controls=\"controls\"><source type=\"video\/mp4\" src=\"http:\/\/servicios.unileon.es\/unidad-prevencion-riesgos-laborales\/files\/2018\/05\/seguridad_vial2.mp4?_=2\" \/><a href=\"http:\/\/servicios.unileon.es\/unidad-prevencion-riesgos-laborales\/files\/2018\/05\/seguridad_vial2.mp4\">http:\/\/servicios.unileon.es\/unidad-prevencion-riesgos-laborales\/files\/2018\/05\/seguridad_vial2.mp4<\/a><\/video><\/div>\r\n\r\n&nbsp;\r\n<h3>3. Convivencia Motos-Coches<\/h3>\r\n<div style=\"width: 640px;\" class=\"wp-video\"><video class=\"wp-video-shortcode\" id=\"video-273-3\" width=\"640\" height=\"352\" preload=\"metadata\" controls=\"controls\"><source type=\"video\/mp4\" src=\"http:\/\/servicios.unileon.es\/unidad-prevencion-riesgos-laborales\/files\/2018\/05\/seguridad_vial3.mp4?_=3\" \/><a href=\"http:\/\/servicios.unileon.es\/unidad-prevencion-riesgos-laborales\/files\/2018\/05\/seguridad_vial3.mp4\">http:\/\/servicios.unileon.es\/unidad-prevencion-riesgos-laborales\/files\/2018\/05\/seguridad_vial3.mp4<\/a><\/video><\/div>\r\n\r\n&nbsp;\r\n<h3>4. Campa\u00f1a de Verano<\/h3>\r\n<div style=\"width: 640px;\" class=\"wp-video\"><video class=\"wp-video-shortcode\" id=\"video-273-4\" width=\"640\" height=\"352\" preload=\"metadata\" controls=\"controls\"><source type=\"video\/mp4\" src=\"http:\/\/servicios.unileon.es\/unidad-prevencion-riesgos-laborales\/files\/2018\/09\/seguridad_vial4.mp4?_=4\" \/><a href=\"http:\/\/servicios.unileon.es\/unidad-prevencion-riesgos-laborales\/files\/2018\/09\/seguridad_vial4.mp4\">http:\/\/servicios.unileon.es\/unidad-prevencion-riesgos-laborales\/files\/2018\/09\/seguridad_vial4.mp4<\/a><\/video><\/div>\r\n\r\n&nbsp;\r\n<h3>5. Reen\u00e1morate de tu coche<\/h3>\r\n<div style=\"width: 640px;\" class=\"wp-video\"><video class=\"wp-video-shortcode\" id=\"video-273-5\" width=\"640\" height=\"352\" preload=\"metadata\" controls=\"controls\"><source type=\"video\/mp4\" src=\"http:\/\/servicios.unileon.es\/unidad-prevencion-riesgos-laborales\/files\/2018\/09\/seguridad_vial5.mp4?_=5\" \/><a href=\"http:\/\/servicios.unileon.es\/unidad-prevencion-riesgos-laborales\/files\/2018\/09\/seguridad_vial5.mp4\">http:\/\/servicios.unileon.es\/unidad-prevencion-riesgos-laborales\/files\/2018\/09\/seguridad_vial5.mp4<\/a><\/video><\/div>\r\n\r\n&nbsp;\r\n<h3>6. El hombre de cristal<\/h3>\r\n<div style=\"width: 640px;\" class=\"wp-video\"><video class=\"wp-video-shortcode\" id=\"video-273-6\" width=\"640\" height=\"352\" preload=\"metadata\" controls=\"controls\"><source type=\"video\/mp4\" src=\"http:\/\/servicios.unileon.es\/unidad-prevencion-riesgos-laborales\/files\/2018\/09\/seguridad_vial6.mp4?_=6\" \/><a href=\"http:\/\/servicios.unileon.es\/unidad-prevencion-riesgos-laborales\/files\/2018\/09\/seguridad_vial6.mp4\">http:\/\/servicios.unileon.es\/unidad-prevencion-riesgos-laborales\/files\/2018\/09\/seguridad_vial6.mp4<\/a><\/video><\/div>\r\n\r\n&nbsp;\r\n<h3>7. La conducci\u00f3n y el m\u00f3vil<\/h3>\r\n<div style=\"width: 640px;\" class=\"wp-video\"><video class=\"wp-video-shortcode\" id=\"video-273-7\" width=\"640\" height=\"360\" preload=\"metadata\" controls=\"controls\"><source type=\"video\/mp4\" src=\"http:\/\/servicios.unileon.es\/unidad-prevencion-riesgos-laborales\/files\/2018\/12\/seguridad_vial7.mp4?_=7\" \/><a href=\"http:\/\/servicios.unileon.es\/unidad-prevencion-riesgos-laborales\/files\/2018\/12\/seguridad_vial7.mp4\">http:\/\/servicios.unileon.es\/unidad-prevencion-riesgos-laborales\/files\/2018\/12\/seguridad_vial7.mp4<\/a><\/video><\/div>\r\n\r\n&nbsp;\r\n<h3>8. La conducci\u00f3n y las drogas<\/h3>\r\n<div style=\"width: 640px;\" class=\"wp-video\"><video class=\"wp-video-shortcode\" id=\"video-273-8\" width=\"640\" height=\"360\" preload=\"metadata\" controls=\"controls\"><source type=\"video\/mp4\" src=\"http:\/\/servicios.unileon.es\/unidad-prevencion-riesgos-laborales\/files\/2018\/12\/seguridad_vial8.mp4?_=8\" \/><a href=\"http:\/\/servicios.unileon.es\/unidad-prevencion-riesgos-laborales\/files\/2018\/12\/seguridad_vial8.mp4\">http:\/\/servicios.unileon.es\/unidad-prevencion-riesgos-laborales\/files\/2018\/12\/seguridad_vial8.mp4<\/a><\/video><\/div>\r\n\r\n&nbsp;\r\n<h3>9. Stop \u00bfpor qu\u00e9 no se hace?<\/h3>\r\n<div style=\"width: 640px;\" class=\"wp-video\"><video class=\"wp-video-shortcode\" id=\"video-273-9\" width=\"640\" height=\"360\" preload=\"metadata\" controls=\"controls\"><source type=\"video\/mp4\" src=\"http:\/\/servicios.unileon.es\/unidad-prevencion-riesgos-laborales\/files\/2018\/12\/seguridad_vial9.mp4?_=9\" \/><a href=\"http:\/\/servicios.unileon.es\/unidad-prevencion-riesgos-laborales\/files\/2018\/12\/seguridad_vial9.mp4\">http:\/\/servicios.unileon.es\/unidad-prevencion-riesgos-laborales\/files\/2018\/12\/seguridad_vial9.mp4<\/a><\/video><\/div>\r\n\r\n&nbsp;\r\n<h3>10. Coches y bicis<\/h3>\r\n<div style=\"width: 640px;\" class=\"wp-video\"><video class=\"wp-video-shortcode\" id=\"video-273-10\" width=\"640\" height=\"360\" preload=\"metadata\" controls=\"controls\"><source type=\"video\/mp4\" src=\"http:\/\/servicios.unileon.es\/unidad-prevencion-riesgos-laborales\/files\/2018\/12\/seguridad_vial10.mp4?_=10\" \/><a href=\"http:\/\/servicios.unileon.es\/unidad-prevencion-riesgos-laborales\/files\/2018\/12\/seguridad_vial10.mp4\">http:\/\/servicios.unileon.es\/unidad-prevencion-riesgos-laborales\/files\/2018\/12\/seguridad_vial10.mp4<\/a><\/video><\/div>","protected":false},"excerpt":{"rendered":"<p>Recomendaciones de seguridad vial para peatones (Asepeyo) 1. Ley de Newton. Campa\u00f1a sobre el uso del cintur\u00f3n de seguridad &nbsp; 2. &#8216;De Ana a doctora Ana S\u00e1nchez&#8217; &nbsp; 3. Convivencia Motos-Coches &nbsp; 4. Campa\u00f1a de Verano &nbsp; 5. Reen\u00e1morate de tu coche &nbsp; 6. El hombre de cristal &nbsp; 7. La conducci\u00f3n y el m\u00f3vil [&hellip;]<\/p>\n","protected":false},"author":344,"featured_media":0,"parent":0,"menu_order":0,"comment_status":"closed","ping_status":"closed","template":"","meta":{"footnotes":""},"class_list":["post-273","page","type-page","status-publish","hentry"],"_links":{"self":[{"href":"https:\/\/servicios.unileon.es\/unidad-prevencion-riesgos-laborales\/wp-json\/wp\/v2\/pages\/273","targetHints":{"allow":["GET"]}}],"collection":[{"href":"https:\/\/servicios.unileon.es\/unidad-prevencion-riesgos-laborales\/wp-json\/wp\/v2\/pages"}],"about":[{"href":"https:\/\/servicios.unileon.es\/unidad-prevencion-riesgos-laborales\/wp-json\/wp\/v2\/types\/page"}],"author":[{"embeddable":true,"href":"https:\/\/servicios.unileon.es\/unidad-prevencion-riesgos-laborales\/wp-json\/wp\/v2\/users\/344"}],"replies":[{"embeddable":true,"href":"https:\/\/servicios.unileon.es\/unidad-prevencion-riesgos-laborales\/wp-json\/wp\/v2\/comments?post=273"}],"version-history":[{"count":14,"href":"https:\/\/servicios.unileon.es\/unidad-prevencion-riesgos-laborales\/wp-json\/wp\/v2\/pages\/273\/revisions"}],"predecessor-version":[{"id":716,"href":"https:\/\/servicios.unileon.es\/unidad-prevencion-riesgos-laborales\/wp-json\/wp\/v2\/pages\/273\/revisions\/716"}],"wp:attachment":[{"href":"https:\/\/servicios.unileon.es\/unidad-prevencion-riesgos-laborales\/wp-json\/wp\/v2\/media?parent=273"}],"curies":[{"name":"wp","href":"https:\/\/api.w.org\/{rel}","templated":true}]}}