{"id":243,"date":"2017-06-05T11:30:01","date_gmt":"2017-06-05T11:30:01","guid":{"rendered":"http:\/\/servicios.unileon.es\/unidad-prevencion-riesgos-laborales\/?page_id=243"},"modified":"2017-06-05T11:30:01","modified_gmt":"2017-06-05T11:30:01","slug":"informe-de-accidentes-con-baja-2005","status":"publish","type":"page","link":"https:\/\/servicios.unileon.es\/unidad-prevencion-riesgos-laborales\/accidentes-incidentes\/informe-de-accidentes-con-baja-2005\/","title":{"rendered":"Informe de accidentes con baja \u2013 2005"},"content":{"rendered":"<h2>A\u00f1o 2005<\/h2>\r\n<table>\r\n\t<thead>\r\n\t\t<tr>\r\n\t\t\t<td><\/td>\r\n\t\t\t<td>P.D.I.<\/td>\r\n\t\t\t<td>P.A.S.Funcionario<\/td>\r\n\t\t\t<td>P.A.S.Laboral<\/td>\r\n\t\t\t<td>Becarios<\/td>\r\n\t\t\t<td>TOTAL<\/td>\r\n\t\t<\/tr>\r\n\t<\/thead>\r\n\t<tbody>\r\n\t\t<tr>\r\n\t\t\t<th>N\u00famero de accidentes con baja<\/th>\r\n\t        <td>1<\/td>\r\n\t        <td>0<\/td>\r\n\t        <td>3<\/td>\r\n\t        <td>1<\/td>\r\n\t        <td>5<\/td>\r\n\t\t<\/tr>\r\n\t\t<tr>\r\n\t\t\t<th>N\u00famero de reca\u00eddas<\/th>\r\n\t        <td>0<\/td>\r\n\t        <td>0<\/td>\r\n\t        <td>0<\/td>\r\n\t        <td>0<\/td>\r\n\t        <td>0<\/td>\r\n\t\t<\/tr>\r\n\t\t<tr>\r\n\t\t\t<th>D\u00edas reales de baja<\/th>\r\n\t        <td>4<\/td>\r\n\t        <td>0<\/td>\r\n\t        <td>65<\/td>\r\n\t        <td>53<\/td>\r\n\t        <td>122<\/td>\r\n\t\t<\/tr>\r\n\t\t<tr>\r\n\t\t\t<th>N\u00famero de accidentes \u00abin itinere\u00bb\r\n\t\t\t(o de tr\u00e1fico)<\/th>\r\n\t        <td>1<\/td>\r\n\t        <td>0<\/td>\r\n\t        <td>1<\/td>\r\n\t        <td>1<\/td>\r\n\t        <td>3<\/td>\r\n\t\t<\/tr>\r\n\t\t<tr>\r\n\t\t\t<th>N\u00famero de bajas pendientes de alta<\/th>\r\n\t\t\t<td>0<\/td>\r\n\t\t\t<td>0<\/td>\r\n\t\t\t<td>0<\/td>\r\n\t\t\t<td>0<\/td>\r\n\t\t\t<td>0<\/td>\r\n\t\t<\/tr>\r\n\t<\/tbody>\r\n<\/table>","protected":false},"excerpt":{"rendered":"<p>A\u00f1o 2005 P.D.I. P.A.S.Funcionario P.A.S.Laboral Becarios TOTAL N\u00famero de accidentes con baja 1 0 3 1 5 N\u00famero de reca\u00eddas 0 0 0 0 0 D\u00edas reales de baja 4 0 65 53 122 N\u00famero de accidentes \u00abin itinere\u00bb (o de tr\u00e1fico) 1 0 1 1 3 N\u00famero de bajas pendientes de alta 0 0 [&hellip;]<\/p>\n","protected":false},"author":344,"featured_media":0,"parent":27,"menu_order":0,"comment_status":"closed","ping_status":"closed","template":"","meta":{"footnotes":""},"class_list":["post-243","page","type-page","status-publish","hentry"],"_links":{"self":[{"href":"https:\/\/servicios.unileon.es\/unidad-prevencion-riesgos-laborales\/wp-json\/wp\/v2\/pages\/243","targetHints":{"allow":["GET"]}}],"collection":[{"href":"https:\/\/servicios.unileon.es\/unidad-prevencion-riesgos-laborales\/wp-json\/wp\/v2\/pages"}],"about":[{"href":"https:\/\/servicios.unileon.es\/unidad-prevencion-riesgos-laborales\/wp-json\/wp\/v2\/types\/page"}],"author":[{"embeddable":true,"href":"https:\/\/servicios.unileon.es\/unidad-prevencion-riesgos-laborales\/wp-json\/wp\/v2\/users\/344"}],"replies":[{"embeddable":true,"href":"https:\/\/servicios.unileon.es\/unidad-prevencion-riesgos-laborales\/wp-json\/wp\/v2\/comments?post=243"}],"version-history":[{"count":2,"href":"https:\/\/servicios.unileon.es\/unidad-prevencion-riesgos-laborales\/wp-json\/wp\/v2\/pages\/243\/revisions"}],"predecessor-version":[{"id":245,"href":"https:\/\/servicios.unileon.es\/unidad-prevencion-riesgos-laborales\/wp-json\/wp\/v2\/pages\/243\/revisions\/245"}],"up":[{"embeddable":true,"href":"https:\/\/servicios.unileon.es\/unidad-prevencion-riesgos-laborales\/wp-json\/wp\/v2\/pages\/27"}],"wp:attachment":[{"href":"https:\/\/servicios.unileon.es\/unidad-prevencion-riesgos-laborales\/wp-json\/wp\/v2\/media?parent=243"}],"curies":[{"name":"wp","href":"https:\/\/api.w.org\/{rel}","templated":true}]}}