{"id":224,"date":"2017-06-05T11:02:07","date_gmt":"2017-06-05T11:02:07","guid":{"rendered":"http:\/\/servicios.unileon.es\/unidad-prevencion-riesgos-laborales\/?page_id=224"},"modified":"2017-06-05T11:03:08","modified_gmt":"2017-06-05T11:03:08","slug":"informe-de-accidentes-con-baja-2015","status":"publish","type":"page","link":"https:\/\/servicios.unileon.es\/unidad-prevencion-riesgos-laborales\/accidentes-incidentes\/informe-de-accidentes-con-baja-2015\/","title":{"rendered":"Informe de accidentes con baja \u2013 2015"},"content":{"rendered":"<h2>A\u00f1o 2015<\/h2>\r\n<table>\r\n\t<thead>\r\n\t\t<tr>\r\n\t\t\t<td><\/td>\r\n\t\t\t<td>P.D.I.<\/td>\r\n\t\t\t<td>P.A.S.Funcionario<\/td>\r\n\t\t\t<td>P.A.S.Laboral<\/td>\r\n\t\t\t<td>Becarios<\/td>\r\n\t\t\t<td>TOTAL<\/td>\r\n\t\t<\/tr>\r\n\t<\/thead>\r\n\t<tbody>\r\n\t\t<tr>\r\n\t\t\t<th>N\u00famero de accidentes con baja<\/th>\r\n\t\t\t<td>1(a)<\/td>\r\n\t\t\t<td>2<\/td>\r\n\t\t\t<td>2<\/td>\r\n\t\t\t<td>0<\/td>\r\n\t\t\t<td>5<\/td>\r\n\t\t<\/tr>\r\n\t\t<tr>\r\n\t\t\t<th>N\u00famero de reca\u00eddas<\/th>\r\n\t\t\t<td>0<\/td>\r\n\t\t\t<td>0<\/td>\r\n\t\t\t<td>0<\/td>\r\n\t\t\t<td>0<\/td>\r\n\t\t\t<td>0<\/td>\r\n\t\t<\/tr>\r\n\t\t<tr>\r\n\t\t\t<th>D\u00edas reales de baja<\/th>\r\n\t\t\t<td>415(b)<\/td>\r\n\t\t\t<td>297<\/td>\r\n\t\t\t<td>151<\/td>\r\n\t\t\t<td>0<\/td>\r\n\t\t\t<td>863<\/td>\r\n\t\t<\/tr>\r\n\t\t<tr>\r\n\t\t\t<th>N\u00famero de accidentes \u00abin itinere\u00bb\r\n\t\t\t(o de tr\u00e1fico)<\/th>\r\n\t\t\t<td>1<\/td>\r\n\t\t\t<td>0<\/td>\r\n\t\t\t<td>0<\/td>\r\n\t\t\t<td>0<\/td>\r\n\t\t\t<td>1<\/td>\r\n\t\t<\/tr>\r\n\t\t<tr>\r\n\t\t\t<th>N\u00famero de bajas pendientes de alta<\/th>\r\n\t\t\t<td>0<\/td>\r\n\t\t\t<td>0<\/td>\r\n\t\t\t<td>0<\/td>\r\n\t\t\t<td>0<\/td>\r\n\t\t\t<td>0<\/td>\r\n\t\t<\/tr>\r\n\t<\/tbody>\r\n<\/table>\r\n<ol class=\"letras\">\r\n\t<li>Atropello.<\/li>\r\n\t<li>A partir del 01\/02\/2017 pas\u00f3 a pago directo (porque segu\u00eda de baja).<\/li>\r\n<\/ol>","protected":false},"excerpt":{"rendered":"<p>A\u00f1o 2015 P.D.I. P.A.S.Funcionario P.A.S.Laboral Becarios TOTAL N\u00famero de accidentes con baja 1(a) 2 2 0 5 N\u00famero de reca\u00eddas 0 0 0 0 0 D\u00edas reales de baja 415(b) 297 151 0 863 N\u00famero de accidentes \u00abin itinere\u00bb (o de tr\u00e1fico) 1 0 0 0 1 N\u00famero de bajas pendientes de alta 0 0 [&hellip;]<\/p>\n","protected":false},"author":344,"featured_media":0,"parent":27,"menu_order":0,"comment_status":"closed","ping_status":"closed","template":"","meta":{"footnotes":""},"class_list":["post-224","page","type-page","status-publish","hentry"],"_links":{"self":[{"href":"https:\/\/servicios.unileon.es\/unidad-prevencion-riesgos-laborales\/wp-json\/wp\/v2\/pages\/224","targetHints":{"allow":["GET"]}}],"collection":[{"href":"https:\/\/servicios.unileon.es\/unidad-prevencion-riesgos-laborales\/wp-json\/wp\/v2\/pages"}],"about":[{"href":"https:\/\/servicios.unileon.es\/unidad-prevencion-riesgos-laborales\/wp-json\/wp\/v2\/types\/page"}],"author":[{"embeddable":true,"href":"https:\/\/servicios.unileon.es\/unidad-prevencion-riesgos-laborales\/wp-json\/wp\/v2\/users\/344"}],"replies":[{"embeddable":true,"href":"https:\/\/servicios.unileon.es\/unidad-prevencion-riesgos-laborales\/wp-json\/wp\/v2\/comments?post=224"}],"version-history":[{"count":2,"href":"https:\/\/servicios.unileon.es\/unidad-prevencion-riesgos-laborales\/wp-json\/wp\/v2\/pages\/224\/revisions"}],"predecessor-version":[{"id":227,"href":"https:\/\/servicios.unileon.es\/unidad-prevencion-riesgos-laborales\/wp-json\/wp\/v2\/pages\/224\/revisions\/227"}],"up":[{"embeddable":true,"href":"https:\/\/servicios.unileon.es\/unidad-prevencion-riesgos-laborales\/wp-json\/wp\/v2\/pages\/27"}],"wp:attachment":[{"href":"https:\/\/servicios.unileon.es\/unidad-prevencion-riesgos-laborales\/wp-json\/wp\/v2\/media?parent=224"}],"curies":[{"name":"wp","href":"https:\/\/api.w.org\/{rel}","templated":true}]}}