{"id":22,"date":"2010-10-26T07:15:17","date_gmt":"2010-10-26T07:15:17","guid":{"rendered":"http:\/\/servicios.unileon.es\/unidad-prevencion-riesgos-laborales\/"},"modified":"2019-09-25T07:30:51","modified_gmt":"2019-09-25T07:30:51","slug":"organizacion-de-la-prevencion","status":"publish","type":"page","link":"https:\/\/servicios.unileon.es\/unidad-prevencion-riesgos-laborales\/organizacion-de-la-prevencion\/","title":{"rendered":"Organizaci\u00f3n de la Prevenci\u00f3n"},"content":{"rendered":"<h3>Datos de inter\u00e9s<\/h3>\r\n<ul>\r\n  <li><a href=\"http:\/\/www.unileon.es\/intranet\/prevencion\/organizacion_prevencion.doc\">Organizaci\u00f3n de la P.R.L<\/a> (hasta 2004)<\/li>\r\n<!--  <li><a href=\"http:\/\/www.unileon.es\/intranet\/prevencion\/ComiteSeguridadSalud2017.pdf\">Comit\u00e9 de Seguridad y Salud 2017<\/a><\/li> -->\r\n<\/ul>\r\n<h3>Plan de P.R.L<\/h3>\r\n<ul>\r\n  <li><a href=\"http:\/\/www.unileon.es\/intranet\/prevencion\/plan_prevencion20190920.pdf\"><strong>Plan de P.R.L<\/strong><\/a><\/li>\r\n  <li><a href=\"http:\/\/www.unileon.es\/intranet\/prevencion\/plan-prevencion2012-2016.pdf\">Plan de P.R.L (2012 &#8211; 2016)<\/a><\/li>\r\n  <li><a href=\"http:\/\/www.unileon.es\/intranet\/prevencion\/plan_prevencion.doc\">Plan de P.R.L (2008 &#8211; 2012)<\/a><\/li>\r\n  <li><a href=\"http:\/\/www.unileon.es\/intranet\/prevencion\/plan_prevencion200408.doc\">Plan de P.R.L (2004 &#8211; 2008)<\/a><\/li>\r\n<\/ul>","protected":false},"excerpt":{"rendered":"<p>Datos de inter\u00e9s Organizaci\u00f3n de la P.R.L (hasta 2004) Plan de P.R.L Plan de P.R.L Plan de P.R.L (2012 &#8211; 2016) Plan de P.R.L (2008 &#8211; 2012) Plan de P.R.L (2004 &#8211; 2008)<\/p>\n","protected":false},"author":1,"featured_media":0,"parent":0,"menu_order":0,"comment_status":"closed","ping_status":"open","template":"","meta":{"footnotes":""},"class_list":["post-22","page","type-page","status-publish","hentry"],"_links":{"self":[{"href":"https:\/\/servicios.unileon.es\/unidad-prevencion-riesgos-laborales\/wp-json\/wp\/v2\/pages\/22","targetHints":{"allow":["GET"]}}],"collection":[{"href":"https:\/\/servicios.unileon.es\/unidad-prevencion-riesgos-laborales\/wp-json\/wp\/v2\/pages"}],"about":[{"href":"https:\/\/servicios.unileon.es\/unidad-prevencion-riesgos-laborales\/wp-json\/wp\/v2\/types\/page"}],"author":[{"embeddable":true,"href":"https:\/\/servicios.unileon.es\/unidad-prevencion-riesgos-laborales\/wp-json\/wp\/v2\/users\/1"}],"replies":[{"embeddable":true,"href":"https:\/\/servicios.unileon.es\/unidad-prevencion-riesgos-laborales\/wp-json\/wp\/v2\/comments?post=22"}],"version-history":[{"count":13,"href":"https:\/\/servicios.unileon.es\/unidad-prevencion-riesgos-laborales\/wp-json\/wp\/v2\/pages\/22\/revisions"}],"predecessor-version":[{"id":342,"href":"https:\/\/servicios.unileon.es\/unidad-prevencion-riesgos-laborales\/wp-json\/wp\/v2\/pages\/22\/revisions\/342"}],"wp:attachment":[{"href":"https:\/\/servicios.unileon.es\/unidad-prevencion-riesgos-laborales\/wp-json\/wp\/v2\/media?parent=22"}],"curies":[{"name":"wp","href":"https:\/\/api.w.org\/{rel}","templated":true}]}}