{"id":205,"date":"2015-07-01T07:21:09","date_gmt":"2015-07-01T07:21:09","guid":{"rendered":"http:\/\/servicios.unileon.es\/unidad-prevencion-riesgos-laborales\/?page_id=205"},"modified":"2015-07-23T07:42:10","modified_gmt":"2015-07-23T07:42:10","slug":"informe-de-accidentes-con-baja-2014","status":"publish","type":"page","link":"https:\/\/servicios.unileon.es\/unidad-prevencion-riesgos-laborales\/accidentes-incidentes\/informe-de-accidentes-con-baja-2014\/","title":{"rendered":"Informe de accidentes con baja \u2013 2014"},"content":{"rendered":"<h2>A\u00f1o 2014<\/h2>\r\n<table>\r\n<thead>\r\n<tr>\r\n<td><\/td>\r\n<td>P.D.I.<\/td>\r\n<td>P.A.S.Funcionario<\/td>\r\n<td>P.A.S.Laboral<\/td>\r\n<td>Becarios<\/td>\r\n<td>TOTAL<\/td>\r\n<\/tr>\r\n<\/thead>\r\n<tbody>\r\n<tr>\r\n<th>N\u00famero de accidentes con baja<\/th>\r\n<td>4(a)(b)<\/td>\r\n<td>1(c)<\/td>\r\n<td>3(d)<\/td>\r\n<td>0<\/td>\r\n<td>8<\/td>\r\n<\/tr>\r\n<tr>\r\n<th>N\u00famero de reca\u00eddas<\/th>\r\n<td>0<\/td>\r\n<td>0<\/td>\r\n<td>0<\/td>\r\n<td>0<\/td>\r\n<td>0<\/td>\r\n<\/tr>\r\n<tr>\r\n<th>D\u00edas reales de baja<\/th>\r\n<td>450<\/td>\r\n<td>105<\/td>\r\n<td>43<\/td>\r\n<td>0<\/td>\r\n<td>598<\/td>\r\n<\/tr>\r\n<tr>\r\n<th>N\u00famero de accidentes \u00abin itinere\u00bb\r\n(o de tr\u00e1fico)<\/th>\r\n<td>4(a)(b)<\/td>\r\n<td>1(c)<\/td>\r\n<td>1(d)<\/td>\r\n<td>0<\/td>\r\n<td>6<\/td>\r\n<\/tr>\r\n<tr>\r\n<th>N\u00famero de bajas pendientes de alta<\/th>\r\n<td>0<\/td>\r\n<td>0<\/td>\r\n<td>0<\/td>\r\n<td>0<\/td>\r\n<td>0<\/td>\r\n<\/tr>\r\n<\/tbody>\r\n<\/table>\r\n<ol class=\"letras\">\r\n\t<li>P.D.I.-Laboral; 1 \u201cin it\u00ednere\u201d hacia el trabajo en otra empresa y 1 en otro pa\u00eds europeo.<\/li>\r\n\t<li>P.D.I.-Funcionario; 2 \u201cin it\u00ednere\u201d.<\/li>\r\n\t<li>Atropello (paso de cebra y zona 30).<\/li>\r\n\t<li>1 \u201cin it\u00ednere\u201d y 1 andando.<\/li>\r\n<\/ol>","protected":false},"excerpt":{"rendered":"<p>A\u00f1o 2014 P.D.I. P.A.S.Funcionario P.A.S.Laboral Becarios TOTAL N\u00famero de accidentes con baja 4(a)(b) 1(c) 3(d) 0 8 N\u00famero de reca\u00eddas 0 0 0 0 0 D\u00edas reales de baja 450 105 43 0 598 N\u00famero de accidentes \u00abin itinere\u00bb (o de tr\u00e1fico) 4(a)(b) 1(c) 1(d) 0 6 N\u00famero de bajas pendientes de alta 0 0 [&hellip;]<\/p>\n","protected":false},"author":344,"featured_media":0,"parent":27,"menu_order":0,"comment_status":"closed","ping_status":"closed","template":"","meta":{"footnotes":""},"class_list":["post-205","page","type-page","status-publish","hentry"],"_links":{"self":[{"href":"https:\/\/servicios.unileon.es\/unidad-prevencion-riesgos-laborales\/wp-json\/wp\/v2\/pages\/205","targetHints":{"allow":["GET"]}}],"collection":[{"href":"https:\/\/servicios.unileon.es\/unidad-prevencion-riesgos-laborales\/wp-json\/wp\/v2\/pages"}],"about":[{"href":"https:\/\/servicios.unileon.es\/unidad-prevencion-riesgos-laborales\/wp-json\/wp\/v2\/types\/page"}],"author":[{"embeddable":true,"href":"https:\/\/servicios.unileon.es\/unidad-prevencion-riesgos-laborales\/wp-json\/wp\/v2\/users\/344"}],"replies":[{"embeddable":true,"href":"https:\/\/servicios.unileon.es\/unidad-prevencion-riesgos-laborales\/wp-json\/wp\/v2\/comments?post=205"}],"version-history":[{"count":5,"href":"https:\/\/servicios.unileon.es\/unidad-prevencion-riesgos-laborales\/wp-json\/wp\/v2\/pages\/205\/revisions"}],"predecessor-version":[{"id":213,"href":"https:\/\/servicios.unileon.es\/unidad-prevencion-riesgos-laborales\/wp-json\/wp\/v2\/pages\/205\/revisions\/213"}],"up":[{"embeddable":true,"href":"https:\/\/servicios.unileon.es\/unidad-prevencion-riesgos-laborales\/wp-json\/wp\/v2\/pages\/27"}],"wp:attachment":[{"href":"https:\/\/servicios.unileon.es\/unidad-prevencion-riesgos-laborales\/wp-json\/wp\/v2\/media?parent=205"}],"curies":[{"name":"wp","href":"https:\/\/api.w.org\/{rel}","templated":true}]}}