{"id":20,"date":"2010-10-26T07:06:24","date_gmt":"2010-10-26T07:06:24","guid":{"rendered":"http:\/\/servicios.unileon.es\/unidad-prevencion-riesgos-laborales\/"},"modified":"2025-06-27T09:30:23","modified_gmt":"2025-06-27T09:30:23","slug":"disposiciones-internas-de-seguridad","status":"publish","type":"page","link":"https:\/\/servicios.unileon.es\/unidad-prevencion-riesgos-laborales\/disposiciones-internas-de-seguridad\/","title":{"rendered":"Disposiciones internas de Seguridad"},"content":{"rendered":"<ul>\r\n \t<li><a href=\"https:\/\/www.unileon.es\/intranet\/prevencion\/dis_01-2004.doc\">D.I.S.- 1\/2004 Notificaci\u00f3n de accidentes<\/a><\/li>\r\n \t<li><a href=\"https:\/\/www.unileon.es\/intranet\/prevencion\/dis_02-2004.doc\">D.I.S.- 2\/2004 Notificaci\u00f3n de riesgos y sugerencias de mejora<\/a><\/li>\r\n \t<li><a href=\"https:\/\/www.unileon.es\/intranet\/prevencion\/dis_03-2004.doc\">D.I.S.- 3\/2004 Visitas de personas ajenas a la Universidad de Le\u00f3n<\/a><\/li>\r\n \t<li><a href=\"https:\/\/www.unileon.es\/intranet\/prevencion\/dis_04-2004.doc\">D.I.S.- 4\/2004 Utilizaci\u00f3n de Equipos de Protecci\u00f3n Colectiva e Individual<\/a><\/li>\r\n \t<li><a href=\"https:\/\/www.unileon.es\/intranet\/prevencion\/dis_05-2004.doc\">D.I.S.- 5\/2004 Utilizaci\u00f3n de Equipos de Protecci\u00f3n Colectiva e Individual por parte de personal de empresas contratadas<\/a><\/li>\r\n \t<li><a href=\"https:\/\/www.unileon.es\/intranet\/prevencion\/dis_06-2004.doc\">D.I.S.- 6\/2004 Utilizaci\u00f3n de Equipos de Protecci\u00f3n Colectiva e Individual en laboratorios y talleres de pr\u00e1cticas<\/a><\/li>\r\n \t<li><a href=\"https:\/\/www.unileon.es\/intranet\/prevencion\/dis_07-2004.doc\">D.I.S.- 7\/2004 Utilizaci\u00f3n de Equipos de Protecci\u00f3n Colectiva e Individual en zonas de investigaci\u00f3n<\/a><\/li>\r\n \t<li><a href=\"https:\/\/www.unileon.es\/intranet\/prevencion\/dis_08-2004.doc\">D.I.S.- 8\/2004 Normas generales de actuaci\u00f3n en caso de Emergencia y Evacuaci\u00f3n<\/a><\/li>\r\n \t<li><a href=\"https:\/\/www.unileon.es\/intranet\/prevencion\/dis_09-2004.doc\">D.I.S.- 9\/2004 Redacci\u00f3n de Procedimientos escritos<\/a><\/li>\r\n \t<li><a href=\"https:\/\/www.unileon.es\/intranet\/prevencion\/dis_10-2004.doc\">D.I.S.- 10\/2004 Acceso a lugares con riesgos \u00abespeciales\u00bb<\/a><\/li>\r\n \t<li><a href=\"https:\/\/www.unileon.es\/intranet\/prevencion\/dis_11_2005.doc\">D.I.S.- 11\/2005 Vacunaci\u00f3n o medidas de preexposici\u00f3n eficaces<\/a><\/li>\r\n \t<li><a href=\"https:\/\/www.unileon.es\/intranet\/prevencion\/dis_12_2005.doc\">D.I.S.- 12\/2005 Trabajos con posible exposici\u00f3n a agentes biol\u00f3gicos (Grupos 2, 3 y 4)<\/a><\/li>\r\n \t<li><a href=\"https:\/\/www.unileon.es\/intranet\/prevencion\/dis_13_2005.doc\">D.I.S.- 13\/2005 Trabajos con posible exposici\u00f3n a agentes cancer\u00edgenos o mutag\u00e9nicos<\/a><\/li>\r\n \t<li><a href=\"https:\/\/www.unileon.es\/intranet\/prevencion\/dis_14_2005.doc\">D.I.S.- 14\/2005 Trabajos con posible exposici\u00f3n a radiaciones ionizantes<\/a><\/li>\r\n \t<li><a href=\"https:\/\/www.unileon.es\/intranet\/prevencion\/dis_15_2005.doc\">D.I.S.- 15\/2005 Coordinaci\u00f3n de actividades preventivas<\/a><\/li>\r\n<\/ul>","protected":false},"excerpt":{"rendered":"<p>D.I.S.- 1\/2004 Notificaci\u00f3n de accidentes D.I.S.- 2\/2004 Notificaci\u00f3n de riesgos y sugerencias de mejora D.I.S.- 3\/2004 Visitas de personas ajenas a la Universidad de Le\u00f3n D.I.S.- 4\/2004 Utilizaci\u00f3n de Equipos de Protecci\u00f3n Colectiva e Individual D.I.S.- 5\/2004 Utilizaci\u00f3n de Equipos de Protecci\u00f3n Colectiva e Individual por parte de personal de empresas contratadas D.I.S.- 6\/2004 Utilizaci\u00f3n [&hellip;]<\/p>\n","protected":false},"author":1,"featured_media":0,"parent":0,"menu_order":0,"comment_status":"closed","ping_status":"open","template":"","meta":{"footnotes":""},"class_list":["post-20","page","type-page","status-publish","hentry"],"_links":{"self":[{"href":"https:\/\/servicios.unileon.es\/unidad-prevencion-riesgos-laborales\/wp-json\/wp\/v2\/pages\/20","targetHints":{"allow":["GET"]}}],"collection":[{"href":"https:\/\/servicios.unileon.es\/unidad-prevencion-riesgos-laborales\/wp-json\/wp\/v2\/pages"}],"about":[{"href":"https:\/\/servicios.unileon.es\/unidad-prevencion-riesgos-laborales\/wp-json\/wp\/v2\/types\/page"}],"author":[{"embeddable":true,"href":"https:\/\/servicios.unileon.es\/unidad-prevencion-riesgos-laborales\/wp-json\/wp\/v2\/users\/1"}],"replies":[{"embeddable":true,"href":"https:\/\/servicios.unileon.es\/unidad-prevencion-riesgos-laborales\/wp-json\/wp\/v2\/comments?post=20"}],"version-history":[{"count":6,"href":"https:\/\/servicios.unileon.es\/unidad-prevencion-riesgos-laborales\/wp-json\/wp\/v2\/pages\/20\/revisions"}],"predecessor-version":[{"id":789,"href":"https:\/\/servicios.unileon.es\/unidad-prevencion-riesgos-laborales\/wp-json\/wp\/v2\/pages\/20\/revisions\/789"}],"wp:attachment":[{"href":"https:\/\/servicios.unileon.es\/unidad-prevencion-riesgos-laborales\/wp-json\/wp\/v2\/media?parent=20"}],"curies":[{"name":"wp","href":"https:\/\/api.w.org\/{rel}","templated":true}]}}