{"id":181,"date":"2014-03-26T08:53:10","date_gmt":"2014-03-26T08:53:10","guid":{"rendered":"http:\/\/servicios.unileon.es\/unidad-prevencion-riesgos-laborales\/?page_id=181"},"modified":"2014-03-26T08:53:10","modified_gmt":"2014-03-26T08:53:10","slug":"informe-de-accidentes-con-baja-2013","status":"publish","type":"page","link":"https:\/\/servicios.unileon.es\/unidad-prevencion-riesgos-laborales\/accidentes-incidentes\/informe-de-accidentes-con-baja-2013\/","title":{"rendered":"Informe de accidentes con baja \u2013 2013"},"content":{"rendered":"<h2>A\u00f1o 2013<\/h2>\r\n<table>\r\n    <thead>\r\n        <tr>\r\n            <td>&nbsp;<\/td>\r\n            <td>P.D.I.<\/td>\r\n            <td>P.A.S.Funcionario<\/td>\r\n            <td>P.A.S.Laboral<\/td>\r\n            <td>Becarios<\/td>\r\n            <td>TOTAL<\/td>\r\n        <\/tr>\r\n    <\/thead>\r\n    <tbody>\r\n        <tr>\r\n            <th>N\u00famero de accidentes con baja<\/th>\r\n            <td>4(a)(b)<\/td>\r\n            <td>6<\/td>\r\n            <td>7(e)<\/td>\r\n            <td>0<\/td>\r\n            <td>17<\/td>\r\n        <\/tr>\r\n        <tr>\r\n            <th>N\u00famero de reca\u00eddas<\/th>\r\n            <td>0<\/td>\r\n            <td>1<\/td>\r\n            <td>1(e)<\/td>\r\n            <td>0<\/td>\r\n            <td>2<\/td>\r\n        <\/tr>\r\n        <tr>\r\n            <th>D\u00edas reales de baja<\/th>\r\n            <td>295<\/td>\r\n            <td>234<\/td>\r\n            <td>301<\/td>\r\n            <td>0<\/td>\r\n            <td>830<\/td>\r\n        <\/tr>\r\n        <tr>\r\n            <th>N\u00famero de accidentes \u00abin itinere\u00bb<br \/>(o de tr\u00e1fico) <\/th>\r\n            <td>3(c)(b)<\/td>\r\n            <td>6(d)<\/td>\r\n            <td>2<\/td>\r\n            <td>0<\/td>\r\n            <td>11<\/td>\r\n        <\/tr>\r\n        <tr>\r\n            <th>N\u00famero de bajas pendientes de alta<\/th>\r\n            <td>0<\/td>\r\n            <td>0<\/td>\r\n            <td>0<\/td>\r\n            <td>0<\/td>\r\n            <td>0<\/td>\r\n        <\/tr>\r\n    <\/tbody>\r\n<\/table>\r\n<ol class=\"letras\">\r\n    <li>P.D.I.-Funcionario; infarto en su despacho.<\/li>\r\n    <li>P.D.I.-Funcionario; el accidente \u201cin it\u00ednere\u201d sucedi\u00f3 en 2013 pero qued\u00f3 de baja en Enero de 2014.<\/li>\r\n    <li>P.D.I.-Laboral; \u201cin it\u00ednere\u201d hacia el trabajo en otra empresa.<\/li>\r\n    <li>4 fueron andando \u201cin itinere\u201d; 3 de ellos por hielo.<\/li>\r\n    <li>1 fue andando \u201cin it\u00ednere\u201d, por hielo.<\/li>\r\n<\/ol>","protected":false},"excerpt":{"rendered":"<p>A\u00f1o 2013 &nbsp; P.D.I. P.A.S.Funcionario P.A.S.Laboral Becarios TOTAL N\u00famero de accidentes con baja 4(a)(b) 6 7(e) 0 17 N\u00famero de reca\u00eddas 0 1 1(e) 0 2 D\u00edas reales de baja 295 234 301 0 830 N\u00famero de accidentes \u00abin itinere\u00bb(o de tr\u00e1fico) 3(c)(b) 6(d) 2 0 11 N\u00famero de bajas pendientes de alta 0 0 [&hellip;]<\/p>\n","protected":false},"author":1,"featured_media":0,"parent":27,"menu_order":0,"comment_status":"closed","ping_status":"closed","template":"","meta":{"footnotes":""},"class_list":["post-181","page","type-page","status-publish","hentry"],"_links":{"self":[{"href":"https:\/\/servicios.unileon.es\/unidad-prevencion-riesgos-laborales\/wp-json\/wp\/v2\/pages\/181","targetHints":{"allow":["GET"]}}],"collection":[{"href":"https:\/\/servicios.unileon.es\/unidad-prevencion-riesgos-laborales\/wp-json\/wp\/v2\/pages"}],"about":[{"href":"https:\/\/servicios.unileon.es\/unidad-prevencion-riesgos-laborales\/wp-json\/wp\/v2\/types\/page"}],"author":[{"embeddable":true,"href":"https:\/\/servicios.unileon.es\/unidad-prevencion-riesgos-laborales\/wp-json\/wp\/v2\/users\/1"}],"replies":[{"embeddable":true,"href":"https:\/\/servicios.unileon.es\/unidad-prevencion-riesgos-laborales\/wp-json\/wp\/v2\/comments?post=181"}],"version-history":[{"count":2,"href":"https:\/\/servicios.unileon.es\/unidad-prevencion-riesgos-laborales\/wp-json\/wp\/v2\/pages\/181\/revisions"}],"predecessor-version":[{"id":204,"href":"https:\/\/servicios.unileon.es\/unidad-prevencion-riesgos-laborales\/wp-json\/wp\/v2\/pages\/181\/revisions\/204"}],"up":[{"embeddable":true,"href":"https:\/\/servicios.unileon.es\/unidad-prevencion-riesgos-laborales\/wp-json\/wp\/v2\/pages\/27"}],"wp:attachment":[{"href":"https:\/\/servicios.unileon.es\/unidad-prevencion-riesgos-laborales\/wp-json\/wp\/v2\/media?parent=181"}],"curies":[{"name":"wp","href":"https:\/\/api.w.org\/{rel}","templated":true}]}}