{"id":17,"date":"2010-10-26T07:05:34","date_gmt":"2010-10-26T07:05:34","guid":{"rendered":"http:\/\/servicios.unileon.es\/unidad-prevencion-riesgos-laborales\/"},"modified":"2025-06-27T09:35:51","modified_gmt":"2025-06-27T09:35:51","slug":"normativa-interna","status":"publish","type":"page","link":"https:\/\/servicios.unileon.es\/unidad-prevencion-riesgos-laborales\/normativa-interna\/","title":{"rendered":"Normativa Interna"},"content":{"rendered":"<ul>\r\n    <li><a href=\"https:\/\/servicios.unileon.es\/unidad-prevencion-riesgos-laborales\/files\/2025\/06\/manual_seguridad_bpl.pdf\">Manual de Seguridad y Buenas Pr\u00e1cticas en el Laboratorio<\/a><\/li>\r\n    <li><a href=\"https:\/\/servicios.unileon.es\/unidad-prevencion-riesgos-laborales\/files\/2025\/06\/resolucion_secretaria_general_universidades20111107.pdf\">Resoluci\u00f3n de 7 de noviembre de 2011, de la Secretar\u00eda General de Universidades sobre directrices para la adaptaci\u00f3n de la legislaci\u00f3n de prevenci\u00f3n de riesgos laborales a la universidad<\/a><\/li>\r\n    <li><a href=\"https:\/\/servicios.unileon.es\/unidad-prevencion-riesgos-laborales\/disposiciones-internas-de-seguridad\/\">Disposiciones Internas de Seguridad<\/a><\/li>\r\n<\/ul>","protected":false},"excerpt":{"rendered":"<p>Manual de Seguridad y Buenas Pr\u00e1cticas en el Laboratorio Resoluci\u00f3n de 7 de noviembre de 2011, de la Secretar\u00eda General de Universidades sobre directrices para la adaptaci\u00f3n de la legislaci\u00f3n de prevenci\u00f3n de riesgos laborales a la universidad Disposiciones Internas de Seguridad<\/p>\n","protected":false},"author":1,"featured_media":0,"parent":0,"menu_order":0,"comment_status":"closed","ping_status":"open","template":"","meta":{"footnotes":""},"class_list":["post-17","page","type-page","status-publish","hentry"],"_links":{"self":[{"href":"https:\/\/servicios.unileon.es\/unidad-prevencion-riesgos-laborales\/wp-json\/wp\/v2\/pages\/17","targetHints":{"allow":["GET"]}}],"collection":[{"href":"https:\/\/servicios.unileon.es\/unidad-prevencion-riesgos-laborales\/wp-json\/wp\/v2\/pages"}],"about":[{"href":"https:\/\/servicios.unileon.es\/unidad-prevencion-riesgos-laborales\/wp-json\/wp\/v2\/types\/page"}],"author":[{"embeddable":true,"href":"https:\/\/servicios.unileon.es\/unidad-prevencion-riesgos-laborales\/wp-json\/wp\/v2\/users\/1"}],"replies":[{"embeddable":true,"href":"https:\/\/servicios.unileon.es\/unidad-prevencion-riesgos-laborales\/wp-json\/wp\/v2\/comments?post=17"}],"version-history":[{"count":10,"href":"https:\/\/servicios.unileon.es\/unidad-prevencion-riesgos-laborales\/wp-json\/wp\/v2\/pages\/17\/revisions"}],"predecessor-version":[{"id":791,"href":"https:\/\/servicios.unileon.es\/unidad-prevencion-riesgos-laborales\/wp-json\/wp\/v2\/pages\/17\/revisions\/791"}],"wp:attachment":[{"href":"https:\/\/servicios.unileon.es\/unidad-prevencion-riesgos-laborales\/wp-json\/wp\/v2\/media?parent=17"}],"curies":[{"name":"wp","href":"https:\/\/api.w.org\/{rel}","templated":true}]}}