{"id":8,"date":"2016-04-18T07:33:25","date_gmt":"2016-04-18T07:33:25","guid":{"rendered":"http:\/\/servicios.unileon.es\/ufi3d\/?page_id=8"},"modified":"2016-04-18T07:47:27","modified_gmt":"2016-04-18T07:47:27","slug":"cargos","status":"publish","type":"page","link":"https:\/\/servicios.unileon.es\/ufi3d\/cargos\/","title":{"rendered":"Cargos"},"content":{"rendered":"<dl>\n<dt>Director<\/dt>\n<dd>Joaqu\u00edn Barreiro Garc\u00eda &#8211; <a href=\"mailto:jbarg@unileon.es\">jbarg@unileon.es<\/a><\/dd>\n<dt>Responsable del \u00e1rea de impresi\u00f3n met\u00e1lica<\/dt>\n<dd>Ana Isabel Fern\u00e1ndez Abia &#8211; <a href=\"mailto:aifera@unileon.es\">aifera@unileon.es<\/a><\/dd>\n<dt>Responsable del \u00e1rea de ingenier\u00eda inversa<\/dt>\n<dd>Susana Mart\u00ednez Pellitero &#8211; <a href=\"mailto:smarp@unileon.es\">smarp@unileon.es<\/a><\/dd>\n<dt>Responsable del \u00e1rea de impresi\u00f3n cer\u00e1mica y polim\u00e9rica<\/dt>\n<dd>Mar\u00eda  \u00c1ngeles Castro Sastre &#8211; <a href=\"macass@unileon.es\">macass@unileon.es<\/a><\/dd>\n<dt>Responsable del \u00e1rea de inspecci\u00f3n geom\u00e9trica y dimensional<\/dt>\n<dd>Joaqu\u00edn Barreiro Garc\u00eda &#8211; <a href=\"mailto:jbarg@unileon.es\">jbarg@unileon.es<\/a><\/dd>\n<\/dl>\n","protected":false},"excerpt":{"rendered":"<p>Director Joaqu\u00edn Barreiro Garc\u00eda &#8211; jbarg@unileon.es Responsable del \u00e1rea de impresi\u00f3n met\u00e1lica Ana Isabel Fern\u00e1ndez Abia &#8211; aifera@unileon.es Responsable del \u00e1rea de ingenier\u00eda inversa Susana Mart\u00ednez Pellitero &#8211; smarp@unileon.es Responsable del \u00e1rea de impresi\u00f3n cer\u00e1mica y polim\u00e9rica Mar\u00eda \u00c1ngeles Castro &hellip; <a href=\"https:\/\/servicios.unileon.es\/ufi3d\/cargos\/\">Sigue leyendo <span class=\"meta-nav\">&rarr;<\/span><\/a><\/p>\n","protected":false},"author":344,"featured_media":0,"parent":0,"menu_order":0,"comment_status":"closed","ping_status":"closed","template":"","meta":{"footnotes":""},"class_list":["post-8","page","type-page","status-publish","hentry"],"_links":{"self":[{"href":"https:\/\/servicios.unileon.es\/ufi3d\/wp-json\/wp\/v2\/pages\/8","targetHints":{"allow":["GET"]}}],"collection":[{"href":"https:\/\/servicios.unileon.es\/ufi3d\/wp-json\/wp\/v2\/pages"}],"about":[{"href":"https:\/\/servicios.unileon.es\/ufi3d\/wp-json\/wp\/v2\/types\/page"}],"author":[{"embeddable":true,"href":"https:\/\/servicios.unileon.es\/ufi3d\/wp-json\/wp\/v2\/users\/344"}],"replies":[{"embeddable":true,"href":"https:\/\/servicios.unileon.es\/ufi3d\/wp-json\/wp\/v2\/comments?post=8"}],"version-history":[{"count":2,"href":"https:\/\/servicios.unileon.es\/ufi3d\/wp-json\/wp\/v2\/pages\/8\/revisions"}],"predecessor-version":[{"id":39,"href":"https:\/\/servicios.unileon.es\/ufi3d\/wp-json\/wp\/v2\/pages\/8\/revisions\/39"}],"wp:attachment":[{"href":"https:\/\/servicios.unileon.es\/ufi3d\/wp-json\/wp\/v2\/media?parent=8"}],"curies":[{"name":"wp","href":"https:\/\/api.w.org\/{rel}","templated":true}]}}