{"id":6,"date":"2016-04-18T07:33:11","date_gmt":"2016-04-18T07:33:11","guid":{"rendered":"http:\/\/servicios.unileon.es\/ufi3d\/?page_id=6"},"modified":"2022-05-03T10:39:57","modified_gmt":"2022-05-03T10:39:57","slug":"informacion-de-contacto","status":"publish","type":"page","link":"https:\/\/servicios.unileon.es\/ufi3d\/informacion-de-contacto\/","title":{"rendered":"Informaci\u00f3n de contacto"},"content":{"rendered":"<table class=\"extendida\">\n<tbody>\n<tr>\n<th>Direcci\u00f3n Postal<\/th>\n<td>Universidad de Le\u00f3n<br \/>\n\t\t\tCampus de Vegazana  s\/n<br \/>\n\t\t\tEdificio M\u00f3dulo de Investigaci\u00f3n en Cibern\u00e9tica (MIC)<br \/>\n\t\t\t24071-Le\u00f3n<\/td>\n<\/tr>\n<tr>\n<th>Tel\u00e9fono<\/th>\n<td>987 29 17 92<\/td>\n<\/tr>\n<tr>\n<th>Tel\u00e9fono<\/th>\n<td>987 29 10 00 ext 5270<\/td>\n<\/tr>\n<tr>\n<th>Correo electr\u00f3nico<\/th>\n<td>Director: <a href=\"mailto:uleufi3d@unileon.es\">uleufi3d@unileon.es<\/a><\/td>\n<\/tr>\n<\/tbody>\n<\/table>\n","protected":false},"excerpt":{"rendered":"<p>Direcci\u00f3n Postal Universidad de Le\u00f3n Campus de Vegazana s\/n Edificio M\u00f3dulo de Investigaci\u00f3n en Cibern\u00e9tica (MIC) 24071-Le\u00f3n Tel\u00e9fono 987 29 17 92 Tel\u00e9fono 987 29 10 00 ext 5270 Correo electr\u00f3nico Director: uleufi3d@unileon.es<\/p>\n","protected":false},"author":344,"featured_media":0,"parent":0,"menu_order":0,"comment_status":"closed","ping_status":"closed","template":"","meta":{"footnotes":""},"class_list":["post-6","page","type-page","status-publish","hentry"],"_links":{"self":[{"href":"https:\/\/servicios.unileon.es\/ufi3d\/wp-json\/wp\/v2\/pages\/6","targetHints":{"allow":["GET"]}}],"collection":[{"href":"https:\/\/servicios.unileon.es\/ufi3d\/wp-json\/wp\/v2\/pages"}],"about":[{"href":"https:\/\/servicios.unileon.es\/ufi3d\/wp-json\/wp\/v2\/types\/page"}],"author":[{"embeddable":true,"href":"https:\/\/servicios.unileon.es\/ufi3d\/wp-json\/wp\/v2\/users\/344"}],"replies":[{"embeddable":true,"href":"https:\/\/servicios.unileon.es\/ufi3d\/wp-json\/wp\/v2\/comments?post=6"}],"version-history":[{"count":3,"href":"https:\/\/servicios.unileon.es\/ufi3d\/wp-json\/wp\/v2\/pages\/6\/revisions"}],"predecessor-version":[{"id":81,"href":"https:\/\/servicios.unileon.es\/ufi3d\/wp-json\/wp\/v2\/pages\/6\/revisions\/81"}],"wp:attachment":[{"href":"https:\/\/servicios.unileon.es\/ufi3d\/wp-json\/wp\/v2\/media?parent=6"}],"curies":[{"name":"wp","href":"https:\/\/api.w.org\/{rel}","templated":true}]}}