{"id":4,"date":"2016-04-18T07:32:21","date_gmt":"2016-04-18T07:32:21","guid":{"rendered":"http:\/\/servicios.unileon.es\/ufi3d\/?page_id=4"},"modified":"2016-04-18T07:32:21","modified_gmt":"2016-04-18T07:32:21","slug":"introduccion","status":"publish","type":"page","link":"https:\/\/servicios.unileon.es\/ufi3d\/","title":{"rendered":"Introducci\u00f3n"},"content":{"rendered":"<p>La Unidad de Fabricaci\u00f3n e Impresi\u00f3n 3D (UFI3D) de la Universidad  de Le\u00f3n surge a propuesta del Grupo de Investigaci\u00f3n de Tecnolog\u00edas Avanzadas de Fabricaci\u00f3n e Inspecci\u00f3n (TAFI) y al amparo de lo establecido en el art\u00edculo 37 del Estatuto de la Universidad de Le\u00f3n, para prestar servicios cient\u00edfico-t\u00e9cnicos tanto a la comunidad universitaria como al entorno social p\u00fablico y privado.<\/p>\n<p>Uno de los aspectos m\u00e1s significativos de la unidad es su avanzado equipamiento procedente en su mayor\u00eda de ayudas obtenidas para la adquisici\u00f3n de equipamiento cient\u00edfico-t\u00e9cnico cofinanciadas con fondos FEDER, permitiendo as\u00ed proveer, mantener y actualizar las infraestructuras cient\u00edficas y t\u00e9cnicas para que sean accesibles a todos los agentes del sistema y facilitar una investigaci\u00f3n cient\u00edfico-t\u00e9cnica de calidad, as\u00ed como el desarrollo de actividades empresariales de I+D altamente competitivas.<\/p>\n<p>Dicho equipamiento permite elaborar tareas  de modelado, fabricaci\u00f3n r\u00e1pida y prototipado, inspecci\u00f3n e ingenier\u00eda inversa a una gran diversidad de campos de aplicaci\u00f3n tales como el dise\u00f1o, la fabricaci\u00f3n, al mundo art\u00edstico o aplicaciones m\u00e9dicas y bioingenier\u00eda, aplicaciones topogr\u00e1ficas, GIS o arquitect\u00f3nicas. Nuestras t\u00e9cnicas de fabricaci\u00f3n aditiva permiten realizar piezas tanto para las fases iniciales de desarrollo de producto en forma de prototipos como para las fases finales como productos finales. No importa lo compleja que sea la pieza, la fabricaci\u00f3n aditiva puede fabricar pr\u00e1cticamente cualquier idea.<\/p>\n<p>Adem\u00e1s de a la investigaci\u00f3n, la Unidad de Fabricaci\u00f3n e Impresi\u00f3n 3D presta apoyo en la parte pr\u00e1ctica de la docencia en las distintas titulaciones que se imparten en todos los centros de la Universidad de Le\u00f3n que soliciten su colaboraci\u00f3n. Este apoyo se realiza permitiendo el uso de los medios materiales y humanos de que dispone la unidad.<\/p>\n<p>Por otro lado, a trav\u00e9s de la Unidad de Fabricaci\u00f3n e Impresi\u00f3n 3D se contempla la posibilidad de organizar cursos, seminarios, mesas redondas sobre aspectos relacionados con su campo de actuaci\u00f3n.<\/p>\n","protected":false},"excerpt":{"rendered":"<p>La Unidad de Fabricaci\u00f3n e Impresi\u00f3n 3D (UFI3D) de la Universidad de Le\u00f3n surge a propuesta del Grupo de Investigaci\u00f3n de Tecnolog\u00edas Avanzadas de Fabricaci\u00f3n e Inspecci\u00f3n (TAFI) y al amparo de lo establecido en el art\u00edculo 37 del Estatuto &hellip; <a href=\"https:\/\/servicios.unileon.es\/ufi3d\/\">Sigue leyendo <span class=\"meta-nav\">&rarr;<\/span><\/a><\/p>\n","protected":false},"author":344,"featured_media":0,"parent":0,"menu_order":0,"comment_status":"closed","ping_status":"closed","template":"","meta":{"footnotes":""},"class_list":["post-4","page","type-page","status-publish","hentry"],"_links":{"self":[{"href":"https:\/\/servicios.unileon.es\/ufi3d\/wp-json\/wp\/v2\/pages\/4","targetHints":{"allow":["GET"]}}],"collection":[{"href":"https:\/\/servicios.unileon.es\/ufi3d\/wp-json\/wp\/v2\/pages"}],"about":[{"href":"https:\/\/servicios.unileon.es\/ufi3d\/wp-json\/wp\/v2\/types\/page"}],"author":[{"embeddable":true,"href":"https:\/\/servicios.unileon.es\/ufi3d\/wp-json\/wp\/v2\/users\/344"}],"replies":[{"embeddable":true,"href":"https:\/\/servicios.unileon.es\/ufi3d\/wp-json\/wp\/v2\/comments?post=4"}],"version-history":[{"count":1,"href":"https:\/\/servicios.unileon.es\/ufi3d\/wp-json\/wp\/v2\/pages\/4\/revisions"}],"predecessor-version":[{"id":5,"href":"https:\/\/servicios.unileon.es\/ufi3d\/wp-json\/wp\/v2\/pages\/4\/revisions\/5"}],"wp:attachment":[{"href":"https:\/\/servicios.unileon.es\/ufi3d\/wp-json\/wp\/v2\/media?parent=4"}],"curies":[{"name":"wp","href":"https:\/\/api.w.org\/{rel}","templated":true}]}}