{"id":22,"date":"2016-04-18T07:35:46","date_gmt":"2016-04-18T07:35:46","guid":{"rendered":"http:\/\/servicios.unileon.es\/ufi3d\/?page_id=22"},"modified":"2018-05-24T07:46:52","modified_gmt":"2018-05-24T07:46:52","slug":"tarifas","status":"publish","type":"page","link":"https:\/\/servicios.unileon.es\/ufi3d\/tarifas\/","title":{"rendered":"Tarifas"},"content":{"rendered":"<table class=\"extendida\">\n<thead>\n<tr>\n<td>Tecnolog\u00eda<\/td>\n<td class=\"aligncenter\">Servicio GI ULE<\/td>\n<td class=\"aligncenter\">Servicio externo a empresa con convenio ULE<\/td>\n<td class=\"aligncenter\">Servicio externo a empresa sin convenio ULE<\/td>\n<\/tr>\n<\/thead>\n<tbody>\n<tr>\n<td colspan=\"4\">Stereolitograf\u00eda (SLA)(pieza de resina) con m\u00e1quina Project 1200<\/td>\n<\/tr>\n<tr>\n<th>Visilet FTX Gree, Cast, Clear o Gray<\/th>\n<td class=\"aligncenter\">2,2 \u20ac\/cm<sup>3<\/sup><\/td>\n<td class=\"aligncenter\">2,6 \u20ac\/cm<sup>3<\/sup><\/td>\n<td class=\"aligncenter\">3 \u20ac\/cm<sup>3<\/sup><\/td>\n<\/tr>\n<tr>\n<th>Visilet FTX Gold o Silver<\/th>\n<td class=\"aligncenter\">2,7 \u20ac\/cm<sup>3<\/sup><\/td>\n<td class=\"aligncenter\">3,2 \u20ac\/cm<sup>3<\/sup><\/td>\n<td class=\"aligncenter\">3,7 \u20ac\/cm<sup>3<\/sup><\/td>\n<\/tr>\n<tr>\n<td colspan=\"4\">Color Jet Printing (pieza cer\u00e1mica a color) con m\u00e1quina Project 660Pro<\/td>\n<\/tr>\n<tr>\n<th>Infiltrado con Epoxy<\/th>\n<td class=\"aligncenter\">1,5 \u20ac\/cm<sup>3<\/sup><\/td>\n<td class=\"aligncenter\">1,8 \u20ac\/cm<sup>3<\/sup><\/td>\n<td class=\"aligncenter\">2,1 \u20ac\/cm<sup>3<\/sup><\/td>\n<\/tr>\n<tr>\n<th>Infiltrado con Cianocrilato<\/th>\n<td class=\"aligncenter\">1,5 \u20ac\/cm<sup>3<\/sup><\/td>\n<td class=\"aligncenter\">1,8 \u20ac\/cm<sup>3<\/sup><\/td>\n<td class=\"aligncenter\">2,1 \u20ac\/cm<sup>3<\/sup><\/td>\n<\/tr>\n<tr>\n<th>Infiltrado con Cera<\/th>\n<td class=\"aligncenter\">1,5 \u20ac\/cm<sup>3<\/sup><\/td>\n<td class=\"aligncenter\">1,8 \u20ac\/cm<sup>3<\/sup><\/td>\n<td class=\"aligncenter\">2,1 \u20ac\/cm<sup>3<\/sup><\/td>\n<\/tr>\n<tr>\n<td colspan=\"4\">Direct Metal Printing (pieza de metal) con m\u00e1quina Phenix XS<\/td>\n<\/tr>\n<tr>\n<th>Acero inoxidable 17-5 PH<\/th>\n<td class=\"aligncenter\">3 \u20ac\/cm<sup>3<\/sup><\/td>\n<td class=\"aligncenter\">3,6 \u20ac\/cm<sup>3<\/sup><\/td>\n<td class=\"aligncenter\">4,2 \u20ac\/cm<sup>3<\/sup><\/td>\n<\/tr>\n<tr>\n<th>Aleaci\u00f3n CrCoMo<\/th>\n<td class=\"aligncenter\">4,5 \u20ac\/cm<sup>3<\/sup><\/td>\n<td class=\"aligncenter\">5,4 \u20ac\/cm<sup>3<\/sup><\/td>\n<td class=\"aligncenter\">6,3 \u20ac\/cm<sup>3<\/sup><\/td>\n<\/tr>\n<tr>\n<th>Aleaci\u00f3n Ti<\/th>\n<td class=\"aligncenter\" colspan=\"3\">No se oferta de momento<\/td>\n<\/tr>\n<tr>\n<th>Aleaci\u00f3n Al<\/th>\n<td class=\"aligncenter\" colspan=\"3\">No se oferta de momento<\/td>\n<\/tr>\n<tr>\n<td colspan=\"4\">FMD (deposici\u00f3n por hilo fundido)<\/td>\n<\/tr>\n<tr>\n<th>PLA<\/th>\n<td class=\"aligncenter\">0,5 \u20ac\/cm<sup>3<\/sup><\/td>\n<td class=\"aligncenter\">0,6 \u20ac\/cm<sup>3<\/sup><\/td>\n<td class=\"aligncenter\">0,7 \u20ac\/cm<sup>3<\/sup><\/td>\n<\/tr>\n<tr>\n<th>ABS<\/th>\n<td class=\"aligncenter\">0,5 \u20ac\/cm<sup>3<\/sup><\/td>\n<td class=\"aligncenter\">0,6 \u20ac\/cm<sup>3<\/sup><\/td>\n<td class=\"aligncenter\">0,7 \u20ac\/cm<sup>3<\/sup><\/td>\n<\/tr>\n<tr>\n<th>Nylon<\/th>\n<td class=\"aligncenter\">0,6 \u20ac\/cm<sup>3<\/sup><\/td>\n<td class=\"aligncenter\">0,72 \u20ac\/cm<sup>3<\/sup><\/td>\n<td class=\"aligncenter\">0,84 \u20ac\/cm<sup>3<\/sup><\/td>\n<\/tr>\n<tr>\n<th>Nylon con fibra de carbono<\/th>\n<td class=\"aligncenter\">2,5 \u20ac\/cm<sup>3<\/sup><\/td>\n<td class=\"aligncenter\">4,2 \u20ac\/cm<sup>3<\/sup><\/td>\n<td class=\"aligncenter\">3,5 \u20ac\/cm<sup>3<\/sup><\/td>\n<\/tr>\n<tr>\n<th>Nylon con fibra de vidrio<\/th>\n<td class=\"aligncenter\">2,5 \u20ac\/cm<sup>3<\/sup><\/td>\n<td class=\"aligncenter\">3 \u20ac\/cm<sup>3<\/sup><\/td>\n<td class=\"aligncenter\">3,5 \u20ac\/cm<sup>3<\/sup><\/td>\n<\/tr>\n<tr>\n<th>Nylon con fibra de Keylar<\/th>\n<td class=\"aligncenter\">2,5 \u20ac\/cm<sup>3<\/sup><\/td>\n<td class=\"aligncenter\">3 \u20ac\/cm<sup>3<\/sup><\/td>\n<td class=\"aligncenter\">3,5 \u20ac\/cm<sup>3<\/sup><\/td>\n<\/tr>\n<tr>\n<td colspan=\"4\">Multijet (Impresi\u00f3n 3D con pol\u00edmero r\u00edgido\/el\u00e1stico)<\/td>\n<\/tr>\n<tr>\n<th>VisiJet CR-CL r\u00edgido<\/th>\n<td class=\"aligncenter\">2,5 \u20ac\/cm<sup>3<\/sup><\/td>\n<td class=\"aligncenter\">3 \u20ac\/cm<sup>3<\/sup><\/td>\n<td class=\"aligncenter\">3,5 \u20ac\/cm<sup>3<\/sup><\/td>\n<\/tr>\n<tr>\n<th>VisiJet CE-NT el\u00e1stico<\/th>\n<td class=\"aligncenter\">2,5 \u20ac\/cm<sup>3<\/sup><\/td>\n<td class=\"aligncenter\">3 \u20ac\/cm<sup>3<\/sup><\/td>\n<td class=\"aligncenter\">3,5 \u20ac\/cm<sup>3<\/sup><\/td>\n<\/tr>\n<tr>\n<th>Combinaci\u00f3n r\u00edgido\/el\u00e1stico<\/th>\n<td class=\"aligncenter\">2,5 \u20ac\/cm<sup>3<\/sup><\/td>\n<td class=\"aligncenter\">3 \u20ac\/cm<sup>3<\/sup><\/td>\n<td class=\"aligncenter\">3,5 \u20ac\/cm<sup>3<\/sup><\/td>\n<\/tr>\n<tr>\n<td colspan=\"4\">Servicio de escaneado e ingenier\u00eda inversa con equipo de luz estructurada<\/td>\n<\/tr>\n<tr>\n<th><\/th>\n<td class=\"aligncenter\" colspan=\"3\">A consultar seg\u00fan complejidad de la pieza<\/td>\n<\/tr>\n<tr>\n<td colspan=\"4\">Servicio de inspecci\u00f3n geom\u00e9trica y dimensional por escaneado con equipo de luz estructurada<\/td>\n<\/tr>\n<tr>\n<th><\/th>\n<td class=\"aligncenter\" colspan=\"3\">A consultar seg\u00fan complejidad de la pieza<\/td>\n<\/tr>\n<tr>\n<td colspan=\"4\">Servicio de inspecci\u00f3n geom\u00e9trica y dimensional con brazo de medir por coordenadas<\/td>\n<\/tr>\n<tr>\n<th><\/th>\n<td class=\"aligncenter\" colspan=\"3\">A consultar seg\u00fan complejidad de la pieza<\/td>\n<\/tr>\n<\/tbody>\n<\/table>\n<p>&nbsp;<\/p>\n","protected":false},"excerpt":{"rendered":"<p>Tecnolog\u00eda Servicio GI ULE Servicio externo a empresa con convenio ULE Servicio externo a empresa sin convenio ULE Stereolitograf\u00eda (SLA)(pieza de resina) con m\u00e1quina Project 1200 Visilet FTX Gree, Cast, Clear o Gray 2,2 \u20ac\/cm3 2,6 \u20ac\/cm3 3 \u20ac\/cm3 Visilet &hellip; <a href=\"https:\/\/servicios.unileon.es\/ufi3d\/tarifas\/\">Sigue leyendo <span class=\"meta-nav\">&rarr;<\/span><\/a><\/p>\n","protected":false},"author":344,"featured_media":0,"parent":0,"menu_order":0,"comment_status":"closed","ping_status":"closed","template":"","meta":{"footnotes":""},"class_list":["post-22","page","type-page","status-publish","hentry"],"_links":{"self":[{"href":"https:\/\/servicios.unileon.es\/ufi3d\/wp-json\/wp\/v2\/pages\/22","targetHints":{"allow":["GET"]}}],"collection":[{"href":"https:\/\/servicios.unileon.es\/ufi3d\/wp-json\/wp\/v2\/pages"}],"about":[{"href":"https:\/\/servicios.unileon.es\/ufi3d\/wp-json\/wp\/v2\/types\/page"}],"author":[{"embeddable":true,"href":"https:\/\/servicios.unileon.es\/ufi3d\/wp-json\/wp\/v2\/users\/344"}],"replies":[{"embeddable":true,"href":"https:\/\/servicios.unileon.es\/ufi3d\/wp-json\/wp\/v2\/comments?post=22"}],"version-history":[{"count":7,"href":"https:\/\/servicios.unileon.es\/ufi3d\/wp-json\/wp\/v2\/pages\/22\/revisions"}],"predecessor-version":[{"id":79,"href":"https:\/\/servicios.unileon.es\/ufi3d\/wp-json\/wp\/v2\/pages\/22\/revisions\/79"}],"wp:attachment":[{"href":"https:\/\/servicios.unileon.es\/ufi3d\/wp-json\/wp\/v2\/media?parent=22"}],"curies":[{"name":"wp","href":"https:\/\/api.w.org\/{rel}","templated":true}]}}