{"id":20,"date":"2016-04-18T07:35:38","date_gmt":"2016-04-18T07:35:38","guid":{"rendered":"http:\/\/servicios.unileon.es\/ufi3d\/?page_id=20"},"modified":"2016-04-18T09:40:49","modified_gmt":"2016-04-18T09:40:49","slug":"normas-para-solicitar-las-prestaciones","status":"publish","type":"page","link":"https:\/\/servicios.unileon.es\/ufi3d\/normas-para-solicitar-las-prestaciones\/","title":{"rendered":"Normas para solicitar las prestaciones"},"content":{"rendered":"<p>Cualquier investigador o grupo de investigaci\u00f3n de la Universidad de Le\u00f3n, otras entidades, empresas  o particulares, que deseen contratar un servicio con la Unidad de Fabricaci\u00f3n e Impresi\u00f3n 3D de la Universidad de Le\u00f3n deber\u00e1n rellenar la \u201csolicitud de trabajo\u201d a trav\u00e9s del siguiente v\u00ednculo:<\/p>\n<p><a href=\"http:\/\/www.tafi3d.com\">http:\/\/www.tafi3d.com<\/a><\/p>\n<p>Una vez recibida dicha solicitud se comunicar\u00e1 al interesado un informe previo con la previsi\u00f3n del trabajo a realizar que incluir\u00e1:<\/p>\n<ol class=\"letras\">\n<li>Especificaci\u00f3n t\u00e9cnica de la tarea a resolver o de los ensayos a realizar.<\/li>\n<li>Plan de trabajo previsto.<\/li>\n<li>Presupuesto.<\/li>\n<li>Duraci\u00f3n prevista para su desarrollo.<\/li>\n<\/ol>\n<p>La aceptaci\u00f3n de dicho preinforme por ambas partes, el solicitante y la Unidad UFI3D, dar\u00e1 lugar a la realizaci\u00f3n del trabajo en los t\u00e9rminos acordados.<\/p>\n","protected":false},"excerpt":{"rendered":"<p>Cualquier investigador o grupo de investigaci\u00f3n de la Universidad de Le\u00f3n, otras entidades, empresas o particulares, que deseen contratar un servicio con la Unidad de Fabricaci\u00f3n e Impresi\u00f3n 3D de la Universidad de Le\u00f3n deber\u00e1n rellenar la \u201csolicitud de trabajo\u201d &hellip; <a href=\"https:\/\/servicios.unileon.es\/ufi3d\/normas-para-solicitar-las-prestaciones\/\">Sigue leyendo <span class=\"meta-nav\">&rarr;<\/span><\/a><\/p>\n","protected":false},"author":344,"featured_media":0,"parent":0,"menu_order":0,"comment_status":"closed","ping_status":"closed","template":"","meta":{"footnotes":""},"class_list":["post-20","page","type-page","status-publish","hentry"],"_links":{"self":[{"href":"https:\/\/servicios.unileon.es\/ufi3d\/wp-json\/wp\/v2\/pages\/20","targetHints":{"allow":["GET"]}}],"collection":[{"href":"https:\/\/servicios.unileon.es\/ufi3d\/wp-json\/wp\/v2\/pages"}],"about":[{"href":"https:\/\/servicios.unileon.es\/ufi3d\/wp-json\/wp\/v2\/types\/page"}],"author":[{"embeddable":true,"href":"https:\/\/servicios.unileon.es\/ufi3d\/wp-json\/wp\/v2\/users\/344"}],"replies":[{"embeddable":true,"href":"https:\/\/servicios.unileon.es\/ufi3d\/wp-json\/wp\/v2\/comments?post=20"}],"version-history":[{"count":2,"href":"https:\/\/servicios.unileon.es\/ufi3d\/wp-json\/wp\/v2\/pages\/20\/revisions"}],"predecessor-version":[{"id":67,"href":"https:\/\/servicios.unileon.es\/ufi3d\/wp-json\/wp\/v2\/pages\/20\/revisions\/67"}],"wp:attachment":[{"href":"https:\/\/servicios.unileon.es\/ufi3d\/wp-json\/wp\/v2\/media?parent=20"}],"curies":[{"name":"wp","href":"https:\/\/api.w.org\/{rel}","templated":true}]}}