{"id":14,"date":"2016-04-18T07:34:37","date_gmt":"2016-04-18T07:34:37","guid":{"rendered":"http:\/\/servicios.unileon.es\/ufi3d\/?page_id=14"},"modified":"2016-04-18T09:32:42","modified_gmt":"2016-04-18T09:32:42","slug":"area-de-ingenieria-inversa","status":"publish","type":"page","link":"https:\/\/servicios.unileon.es\/ufi3d\/equipamiento-disponible\/area-de-ingenieria-inversa\/","title":{"rendered":"Secci\u00f3n de ingenier\u00eda inversa y modelado"},"content":{"rendered":"<p>En nuestra secci\u00f3n de ingenier\u00eda inversa y modelado damos soporte a las tareas de dise\u00f1o conceptual o detallado con software especializado. No importa si es un dise\u00f1o de pieza nuevo o un dise\u00f1o a reutilizar, nos encargamos de asesorar y ayudar en el modelado digital de los productos.<\/p>\n<p>La ingenier\u00eda inversa permite obtener un modelo digital de un objeto o pieza para su tratamiento posterior con sistemas de modelado o dise\u00f1o asistido por ordenador. Los modelos digitales as\u00ed obtenidos pueden ser modificados y alterados para posteriormente ser fabricados con las t\u00e9cnicas de fabricaci\u00f3n aditiva o impresi\u00f3n 3D, en el mismo material original u otros, dependiendo de la aplicaci\u00f3n de la pieza (reconstrucciones y r\u00e9plicas para exhibiciones, patrones para modelos, piezas funcionales, etc.). Disponemos de software avanzado de primer nivel.<\/p>\n<ol>\n<li>\n<p><strong>Esc\u00e1ner 3D Breuckmann smartScan, con tres campos de trabajo<\/strong>. Trabaja con software profesional OptoCAT.<\/p>\n<p><strong>Datos t\u00e9cnicos:<\/strong> t\u00e9cnica luz blanca estructurada; resoluci\u00f3n del proyector 28 Megapixel; resoluci\u00f3n de c\u00e1mara 2 x 4 Megapixel; campo de visi\u00f3n m\u00ednimo\/m\u00e1ximo 55 x 52 mm \/ 910 x 910 mm; profundidad de medida m\u00e1xima 600 mm; resoluci\u00f3n XY 0,027 mm; resoluci\u00f3n Z 0,003 mm; precisi\u00f3n 0,007 mm.<\/p>\n<p class=\"aligncenter\"><img decoding=\"async\" style=\"margin: 30px 0;\" src=\"http:\/\/servicios.unileon.es\/ufi3d\/files\/2016\/04\/Escaner_3D_Breuckmann_smartScan-300x200.jpg\" alt=\"Escaner_3D_Breuckmann_smartScan\" width=\"300\" \/><\/p>\n<\/li>\n<li>\n<p><strong>Brazo de medir por coordenadas Romer Absolute 7320<\/strong> con software de inspecci\u00f3n asistida por ordenador PC-DMIS CAD++.<\/p>\n<p><strong>Datos t\u00e9cnicos:<\/strong> repetibilidad de punto 0,03 mm; precisi\u00f3n volum\u00e9trica \u00b10,042 mm; rango de medida 2m.<\/p>\n<p class=\"aligncenter\"><img decoding=\"async\" style=\"margin: 30px 0;\" src=\"http:\/\/servicios.unileon.es\/ufi3d\/files\/2016\/04\/Brazo_de_medir_por_coordenadas_Romer_Absolute_7320-300x205.jpg\" alt=\"Brazo_de_medir_por_coordenadas_Romer_Absolute_7320\" width=\"300\" \/><\/p>\n<\/li>\n<li>\n<p><strong>Software de alto nivel Geomagic Design X<\/strong>, para la reconstrucci\u00f3n y modelado de la geometr\u00eda real a partir de las nubes de puntos captadas por el esc\u00e1ner o por el brazo de coordenadas.<\/p>\n<p><strong>Datos t\u00e9cnicos:<\/strong> espesor de capa 0,03 mm; volumen pieza m\u00e1ximo 43 x 27 x 180 mm; resoluci\u00f3n (587 dpi); materiales: resinas calcinables, base cera, de colores.<\/p>\n<p class=\"aligncenter\"><img decoding=\"async\" style=\"margin: 30px 0;\" src=\"http:\/\/servicios.unileon.es\/ufi3d\/files\/2016\/04\/Software_Geomagic_DesignX-300x169.jpg\" alt=\"Software_Geomagic_DesignX\" width=\"300\" \/><\/p>\n<\/li>\n<li>\n<p><strong>Software de dise\u00f1o y an\u00e1lisis asistido por ordenador CATIA V5R21<\/strong>.<\/p>\n<p class=\"aligncenter\"><img decoding=\"async\" style=\"margin: 30px 0;\" src=\"http:\/\/servicios.unileon.es\/ufi3d\/files\/2016\/04\/Software_catia-300x144.jpg\" alt=\"Software_catia\" width=\"300\" \/><\/p>\n<\/li>\n<\/ol>\n","protected":false},"excerpt":{"rendered":"<p>En nuestra secci\u00f3n de ingenier\u00eda inversa y modelado damos soporte a las tareas de dise\u00f1o conceptual o detallado con software especializado. No importa si es un dise\u00f1o de pieza nuevo o un dise\u00f1o a reutilizar, nos encargamos de asesorar y &hellip; <a href=\"https:\/\/servicios.unileon.es\/ufi3d\/equipamiento-disponible\/area-de-ingenieria-inversa\/\">Sigue leyendo <span class=\"meta-nav\">&rarr;<\/span><\/a><\/p>\n","protected":false},"author":344,"featured_media":0,"parent":10,"menu_order":0,"comment_status":"closed","ping_status":"closed","template":"","meta":{"footnotes":""},"class_list":["post-14","page","type-page","status-publish","hentry"],"_links":{"self":[{"href":"https:\/\/servicios.unileon.es\/ufi3d\/wp-json\/wp\/v2\/pages\/14","targetHints":{"allow":["GET"]}}],"collection":[{"href":"https:\/\/servicios.unileon.es\/ufi3d\/wp-json\/wp\/v2\/pages"}],"about":[{"href":"https:\/\/servicios.unileon.es\/ufi3d\/wp-json\/wp\/v2\/types\/page"}],"author":[{"embeddable":true,"href":"https:\/\/servicios.unileon.es\/ufi3d\/wp-json\/wp\/v2\/users\/344"}],"replies":[{"embeddable":true,"href":"https:\/\/servicios.unileon.es\/ufi3d\/wp-json\/wp\/v2\/comments?post=14"}],"version-history":[{"count":4,"href":"https:\/\/servicios.unileon.es\/ufi3d\/wp-json\/wp\/v2\/pages\/14\/revisions"}],"predecessor-version":[{"id":62,"href":"https:\/\/servicios.unileon.es\/ufi3d\/wp-json\/wp\/v2\/pages\/14\/revisions\/62"}],"up":[{"embeddable":true,"href":"https:\/\/servicios.unileon.es\/ufi3d\/wp-json\/wp\/v2\/pages\/10"}],"wp:attachment":[{"href":"https:\/\/servicios.unileon.es\/ufi3d\/wp-json\/wp\/v2\/media?parent=14"}],"curies":[{"name":"wp","href":"https:\/\/api.w.org\/{rel}","templated":true}]}}