{"id":12,"date":"2016-04-18T07:34:19","date_gmt":"2016-04-18T07:34:19","guid":{"rendered":"http:\/\/servicios.unileon.es\/ufi3d\/?page_id=12"},"modified":"2022-05-04T12:10:38","modified_gmt":"2022-05-04T12:10:38","slug":"area-de-fabricacion","status":"publish","type":"page","link":"https:\/\/servicios.unileon.es\/ufi3d\/equipamiento-disponible\/area-de-fabricacion\/","title":{"rendered":"Secci\u00f3n de fabricaci\u00f3n e impresi\u00f3n 3D"},"content":{"rendered":"<p>Disponemos de varios procesos de fabricaci\u00f3n o impresi\u00f3n 3D en gama industrial o profesional. Podemos fabricar piezas en diferentes tama\u00f1os y con diferentes materiales (cer\u00e1micos, resinas, pol\u00edmeros, metal). La fabricaci\u00f3n por capas permite obtener piezas de forma compleja con  interiores huecos o con conductos interiores imposibles de obtener con otras tecnolog\u00edas de fabricaci\u00f3n, no importa la complejidad de la pieza, de forma r\u00e1pida y flexible.<\/p>\n<p>Disponemos de varias tecnolog\u00edas en la gama industrial o profesional para dar servicio a diferentes campos de aplicaci\u00f3n. Podemos dar servicio en la fabricaci\u00f3n de prototipos de concepto iniciales, prototipos finales, prototipos para validar la est\u00e9tica, la ergonom\u00eda, el montaje entre componentes, piezas funcionales finales, etc.<\/p>\n<ol>\n<li>\n<p><strong>Impresora 3D Phenix PXS con tecnolog\u00eda de impresi\u00f3n directa en metal (DPM-Direct Metal Priting)<\/strong>. Para fabricaci\u00f3n de piezas y prototipos en diversas aleaciones met\u00e1licas (acero inoxidable, aleaciones CrCo). Esta tecnolog\u00eda es usada para la fabricaci\u00f3n directa de piezas en gran variedad de campos, incluyendo el aeroespacial, dental, m\u00e9dico, entre otras.<\/p>\n<p><strong>Datos t\u00e9cnicos:<\/strong> espesor de capa m\u00ednimo min10 \u03bcm; volumen pieza m\u00e1ximo 100 x 100 x 80 mm; repetibilidad (x=20 \u03bcm, y=20 \u03bcm, z=20 \u03bcm); resoluci\u00f3n (x=100 \u03bcm, y=100 \u03bcm, z=20 \u03bcm)<\/p>\n<p class=\"aligncenter\"><img decoding=\"async\" style=\"margin: 30px 0;\" src=\"https:\/\/servicios.unileon.es\/ufi3d\/files\/2016\/04\/Impresora_3D_Phenix_PXS-300x254.png\" alt=\"Impresora_3D_Phenix_PXS\" width=\"200\" \/><img decoding=\"async\" style=\"margin: 30px 0;\" src=\"http:\/\/servicios.unileon.es\/ufi3d\/files\/2016\/04\/ejemplo_Impresora_3D_Phenix_PXS-300x186.jpg\" alt=\"ejemplo_Impresora_3D_Phenix_PXS\" width=\"150\" \/><\/p>\n<\/li>\n<li>\n<p><strong>Equipo ProJet 660 por tecnolog\u00eda de impresi\u00f3n a color sobre cer\u00e1mica (CJP-Color Jet Printing).<\/strong> Para fabricaci\u00f3n de piezas y prototipos en m\u00faltiples colores y con elevada calidad y detalle. Los materiales impresos con la tecnolog\u00eda de CJP pueden ser infiltrados a continuaci\u00f3n con varios tipos de sustancias, no s\u00f3lo para asegurar el sellado de la superficie sino tambi\u00e9n mejorar sus propiedades mec\u00e1nicas y superficiales.<\/p>\n<p><strong>Datos t\u00e9cnicos:<\/strong> espesor de capa 0,1 mm; volumen pieza m\u00e1ximo 254 x 381 x 203 mm; resoluci\u00f3n (600 X 540 dpi); colores: > 6 millones; m\u00ednimo tama\u00f1o de caracter\u00edstica 0,1 mm.<\/p>\n<p class=\"aligncenter\"><img decoding=\"async\" style=\"margin: 30px 0;\" src=\"https:\/\/servicios.unileon.es\/ufi3d\/files\/2016\/04\/Equipo_ProJet_660-300x183.png\" alt=\"Equipo_ProJet_660\" width=\"300\" \/><\/p>\n<\/li>\n<li>\n<p><strong>Equipo 3DCERAM C900-FLEX<\/strong>. Para impresi\u00f3n de piezas en cer\u00e1micas t\u00e9cnicas. Se trata de materiales para aplicaciones en diversos \u00e1mbitos como es en entornos que requieran resistencia a muy altas o muy bajas temperaturas, membranas de filtraci\u00f3n y separaci\u00f3n, catalizadores, pr\u00f3tesis, etc.<\/p>\n<p><strong>Datos t\u00e9cnicos:<\/strong> espesor de capa 0.010 &#8211; 0.125 mm; volumen pieza m\u00e1ximo 300 x 300 x 100 mm; materiales: al\u00famina, circonia, circonia estabilizada, hidroxiopatita, nitruros, etc.<\/p>\n<p class=\"aligncenter\"><img decoding=\"async\" style=\"margin: 30px 0;\" src=\"https:\/\/servicios.unileon.es\/ufi3d\/files\/2022\/05\/3dceram_c900flex.png\" alt=\"Equipo 3DCERAM C900-FLEX\" width=\"300\" \/><\/p>\n<\/li>\n<li>\n<p><strong>Equipo MPJ 5600 para impresi\u00f3n 3D con tecnolog\u00eda Multijet<\/strong>. Esta impresora es capaz de combinar simult\u00e1neamente fotopol\u00edmeros flexibles y r\u00edgidos, capa por capa a nivel de v\u00f3xeles, en una sola pieza y en una sola construcci\u00f3n para lograr diversas propiedades mec\u00e1nicas. La familia de materiales est\u00e1 dise\u00f1ada para generar diferentes grados de flexibilidad y transparencia en una sola pieza.<\/p>\n<p><strong>Datos t\u00e9cnicos:<\/strong> espesor de capa 0.013 &#8211; 0.016 mm; volumen pieza m\u00e1ximo 518x381x300 mm; materiales: pl\u00e1stico r\u00edgido negro, blanco y transparente y elast\u00f3mero negro y transparente.<\/p>\n<p class=\"aligncenter\"><img decoding=\"async\" style=\"margin: 30px 0;\" src=\"https:\/\/servicios.unileon.es\/ufi3d\/files\/2022\/05\/mpj5600_trabajo.png\" alt=\"Trabajo con el Equipo MPJ 5600\" width=\"100\" \/><img decoding=\"async\" style=\"margin: 30px 0;\" src=\"https:\/\/servicios.unileon.es\/ufi3d\/files\/2022\/05\/mpj5600.png\" alt=\"Equipo MPJ 5600\" width=\"200\" \/><\/p>\n<\/li>\n<li>\n<p><strong>Equipos por estereolitograf\u00eda (SLA)<\/strong>. Para pieza peque\u00f1a de muy elevado detalle  y precisi\u00f3n, en resina termoestable, con diferentes caracter\u00edsticas (calcinable, est\u00e9tica, etc.). Las piezas obtenidas son moldeables, por lo que es ideal para piezas de fundici\u00f3n.<\/p>\n<p><strong>Datos t\u00e9cnicos:<\/strong> espesor de capa 0,03-0,05 mm; volumen pieza m\u00e1ximo 192 x 120 x 230 mm; resoluci\u00f3n (587 dpi); materiales: resinas calcinables, base cera, de colores.<\/p>\n<p class=\"aligncenter\"><img decoding=\"async\" style=\"margin: 30px 0;\" src=\"https:\/\/servicios.unileon.es\/ufi3d\/files\/2016\/04\/Equipo_Projet_1200_por_estereolitografia-300x217.jpg\" alt=\"Equipo_Projet_1200_por_estereolitografia\" width=\"300\" \/><img decoding=\"async\" style=\"margin: 30px 0;\" src=\"https:\/\/servicios.unileon.es\/ufi3d\/files\/2022\/05\/sla_estereolitografia.png\" alt=\"Equipo_Projet_1200_por_estereolitografia\" width=\"150\" \/><\/p>\n<\/li>\n<li>\n<p><strong>Equipo Markforg3D<\/strong>. Para hacer prototipos de precisi\u00f3n con la t\u00e9cnica de deposici\u00f3n de hilo fundido en nylon con refuerzos de fibra larga continua, para mejorar la resistencia en aquellos puntos donde sea requerido y proporcionar as\u00ed una incomparable fuerza, rigidez y durabilidad a las piezas impresas.<\/p>\n<p><strong>Datos t\u00e9cnicos:<\/strong> espesor de capa 0,1 mm; volumen pieza m\u00e1ximo 320 x 132 x 160 mm; repetibilidad 0,01 mm; materiales: nylon y fibras de carbono, de vidrio o Kevlar.<\/p>\n<p class=\"aligncenter\"><img decoding=\"async\" style=\"margin: 30px 0;\" src=\"https:\/\/servicios.unileon.es\/ufi3d\/files\/2016\/04\/Equipo_Markforg3D-300x168.png\" alt=\"Equipo_Markforg3D\" width=\"300\" \/><\/p>\n<\/li>\n<li>\n<p><strong>Equipos para elaboraci\u00f3n de prototipos de termopl\u00e1stico con la t\u00e9cnica convencional de deposici\u00f3n de hilo fundido (DFM)<\/strong><\/p>\n<p><strong>Datos t\u00e9cnicos:<\/strong> espesor de capa 0,060-0,200 mm; volumen pieza m\u00e1ximo 223x223x205 mm; repetibilidad 0,01 mm; materiales: PLA, ABS, CPE, CPE+, PC, Nylon, TPU 95A y otros<\/p>\n<p class=\"aligncenter\"><img decoding=\"async\" style=\"margin: 30px 0;\" src=\"https:\/\/servicios.unileon.es\/ufi3d\/files\/2022\/05\/dfm1.png\" alt=\"Equipo DFM\" width=\"150\" \/><img decoding=\"async\" style=\"margin: 30px 0;\" src=\"https:\/\/servicios.unileon.es\/ufi3d\/files\/2022\/05\/dfm2.png\" alt=\"Equipo DFM\" width=\"250\" \/><\/p>\n<\/li>\n<\/ol>\n","protected":false},"excerpt":{"rendered":"<p>Disponemos de varios procesos de fabricaci\u00f3n o impresi\u00f3n 3D en gama industrial o profesional. Podemos fabricar piezas en diferentes tama\u00f1os y con diferentes materiales (cer\u00e1micos, resinas, pol\u00edmeros, metal). La fabricaci\u00f3n por capas permite obtener piezas de forma compleja con interiores &hellip; <a href=\"https:\/\/servicios.unileon.es\/ufi3d\/equipamiento-disponible\/area-de-fabricacion\/\">Sigue leyendo <span class=\"meta-nav\">&rarr;<\/span><\/a><\/p>\n","protected":false},"author":344,"featured_media":0,"parent":10,"menu_order":0,"comment_status":"closed","ping_status":"closed","template":"","meta":{"footnotes":""},"class_list":["post-12","page","type-page","status-publish","hentry"],"_links":{"self":[{"href":"https:\/\/servicios.unileon.es\/ufi3d\/wp-json\/wp\/v2\/pages\/12","targetHints":{"allow":["GET"]}}],"collection":[{"href":"https:\/\/servicios.unileon.es\/ufi3d\/wp-json\/wp\/v2\/pages"}],"about":[{"href":"https:\/\/servicios.unileon.es\/ufi3d\/wp-json\/wp\/v2\/types\/page"}],"author":[{"embeddable":true,"href":"https:\/\/servicios.unileon.es\/ufi3d\/wp-json\/wp\/v2\/users\/344"}],"replies":[{"embeddable":true,"href":"https:\/\/servicios.unileon.es\/ufi3d\/wp-json\/wp\/v2\/comments?post=12"}],"version-history":[{"count":10,"href":"https:\/\/servicios.unileon.es\/ufi3d\/wp-json\/wp\/v2\/pages\/12\/revisions"}],"predecessor-version":[{"id":52,"href":"https:\/\/servicios.unileon.es\/ufi3d\/wp-json\/wp\/v2\/pages\/12\/revisions\/52"}],"up":[{"embeddable":true,"href":"https:\/\/servicios.unileon.es\/ufi3d\/wp-json\/wp\/v2\/pages\/10"}],"wp:attachment":[{"href":"https:\/\/servicios.unileon.es\/ufi3d\/wp-json\/wp\/v2\/media?parent=12"}],"curies":[{"name":"wp","href":"https:\/\/api.w.org\/{rel}","templated":true}]}}