{"id":10,"date":"2016-04-18T07:34:20","date_gmt":"2016-04-18T07:34:20","guid":{"rendered":"http:\/\/servicios.unileon.es\/ufi3d\/?page_id=10"},"modified":"2016-04-18T09:36:31","modified_gmt":"2016-04-18T09:36:31","slug":"equipamiento-disponible","status":"publish","type":"page","link":"https:\/\/servicios.unileon.es\/ufi3d\/equipamiento-disponible\/","title":{"rendered":"Equipamiento disponible"},"content":{"rendered":"<ul class=\"big\">\n<li><a href=\"\/ufi3d\/equipamiento-disponible\/area-de-fabricacion\/\">Secci\u00f3n de fabricaci\u00f3n e impresi\u00f3n 3D<\/a><\/li>\n<li><a href=\"\/ufi3d\/equipamiento-disponible\/area-de-ingenieria-inversa\/\">Secci\u00f3n de ingenier\u00eda inversa y modelado<\/a><\/li>\n<li><a href=\"\/ufi3d\/equipamiento-disponible\/area-de-inspeccion\/\">Secci\u00f3n de inspecci\u00f3n y calidad<\/a><\/li>\n<\/ul>\n","protected":false},"excerpt":{"rendered":"<p>Secci\u00f3n de fabricaci\u00f3n e impresi\u00f3n 3D Secci\u00f3n de ingenier\u00eda inversa y modelado Secci\u00f3n de inspecci\u00f3n y calidad<\/p>\n","protected":false},"author":344,"featured_media":0,"parent":0,"menu_order":0,"comment_status":"closed","ping_status":"closed","template":"","meta":{"footnotes":""},"class_list":["post-10","page","type-page","status-publish","hentry"],"_links":{"self":[{"href":"https:\/\/servicios.unileon.es\/ufi3d\/wp-json\/wp\/v2\/pages\/10","targetHints":{"allow":["GET"]}}],"collection":[{"href":"https:\/\/servicios.unileon.es\/ufi3d\/wp-json\/wp\/v2\/pages"}],"about":[{"href":"https:\/\/servicios.unileon.es\/ufi3d\/wp-json\/wp\/v2\/types\/page"}],"author":[{"embeddable":true,"href":"https:\/\/servicios.unileon.es\/ufi3d\/wp-json\/wp\/v2\/users\/344"}],"replies":[{"embeddable":true,"href":"https:\/\/servicios.unileon.es\/ufi3d\/wp-json\/wp\/v2\/comments?post=10"}],"version-history":[{"count":3,"href":"https:\/\/servicios.unileon.es\/ufi3d\/wp-json\/wp\/v2\/pages\/10\/revisions"}],"predecessor-version":[{"id":64,"href":"https:\/\/servicios.unileon.es\/ufi3d\/wp-json\/wp\/v2\/pages\/10\/revisions\/64"}],"wp:attachment":[{"href":"https:\/\/servicios.unileon.es\/ufi3d\/wp-json\/wp\/v2\/media?parent=10"}],"curies":[{"name":"wp","href":"https:\/\/api.w.org\/{rel}","templated":true}]}}