{"id":4,"date":"2010-11-11T13:12:49","date_gmt":"2010-11-11T13:12:49","guid":{"rendered":"http:\/\/servicios.unileon.es\/traduccion\/"},"modified":"2020-03-30T11:19:33","modified_gmt":"2020-03-30T11:19:33","slug":"informacion-de-contacto","status":"publish","type":"page","link":"https:\/\/servicios.unileon.es\/traduccion\/informacion-de-contacto\/","title":{"rendered":"Informaci\u00f3n de Contacto"},"content":{"rendered":"<p><center><\/p>\n<table align=\"center\">\n<tbody>\n<tr>\n<th align=\"center\">Direcci\u00f3n Postal<\/th>\n<td align=\"center\">UNIVERSIDAD<br \/>\nDE LE\u00d3N<\/p>\n<p>Servicio de Traducci\u00f3n<\/p>\n<p>Edificio de Servicios<\/p>\n<p>Campus de Vegazana<\/p>\n<p>24071 LE\u00d3N<\/td>\n<\/tr>\n<tr>\n<th align=\"center\">Tel\u00e9fono<\/th>\n<td align=\"center\">987 29 10 85<\/td>\n<\/tr>\n<tr>\n<th align=\"center\">FAX<\/th>\n<td align=\"center\">987 29 10 85<\/td>\n<\/tr>\n<tr>\n<th>Buz\u00f3n electr\u00f3nico<\/th>\n<td align=\"center\"><a href=\"mailto:sertct@unileon.es\">sertct@unileon.es<\/a><\/td>\n<\/tr>\n<\/tbody>\n<\/table>\n<p><\/center><\/p>\n","protected":false},"excerpt":{"rendered":"<p>Direcci\u00f3n Postal UNIVERSIDAD DE LE\u00d3N Servicio de Traducci\u00f3n Edificio de Servicios Campus de Vegazana 24071 LE\u00d3N Tel\u00e9fono 987 29 10 85 FAX 987 29 10 85 Buz\u00f3n electr\u00f3nico sertct@unileon.es<\/p>\n","protected":false},"author":1,"featured_media":0,"parent":0,"menu_order":0,"comment_status":"closed","ping_status":"closed","template":"","meta":{"footnotes":""},"class_list":["post-4","page","type-page","status-publish","hentry"],"_links":{"self":[{"href":"https:\/\/servicios.unileon.es\/traduccion\/wp-json\/wp\/v2\/pages\/4","targetHints":{"allow":["GET"]}}],"collection":[{"href":"https:\/\/servicios.unileon.es\/traduccion\/wp-json\/wp\/v2\/pages"}],"about":[{"href":"https:\/\/servicios.unileon.es\/traduccion\/wp-json\/wp\/v2\/types\/page"}],"author":[{"embeddable":true,"href":"https:\/\/servicios.unileon.es\/traduccion\/wp-json\/wp\/v2\/users\/1"}],"replies":[{"embeddable":true,"href":"https:\/\/servicios.unileon.es\/traduccion\/wp-json\/wp\/v2\/comments?post=4"}],"version-history":[{"count":4,"href":"https:\/\/servicios.unileon.es\/traduccion\/wp-json\/wp\/v2\/pages\/4\/revisions"}],"predecessor-version":[{"id":33,"href":"https:\/\/servicios.unileon.es\/traduccion\/wp-json\/wp\/v2\/pages\/4\/revisions\/33"}],"wp:attachment":[{"href":"https:\/\/servicios.unileon.es\/traduccion\/wp-json\/wp\/v2\/media?parent=4"}],"curies":[{"name":"wp","href":"https:\/\/api.w.org\/{rel}","templated":true}]}}