{"id":23,"date":"2018-11-19T11:07:48","date_gmt":"2018-11-19T11:07:48","guid":{"rendered":"http:\/\/servicios.unileon.es\/unidad-de-apoyo-a-estudiantes-con-discapacidad\/?page_id=23"},"modified":"2025-01-23T07:47:21","modified_gmt":"2025-01-23T07:47:21","slug":"enlaces-de-interes","status":"publish","type":"page","link":"https:\/\/servicios.unileon.es\/servicio-de-apoyo-a-personas-con-discapacidad-o-necesidades-especificas\/enlaces-de-interes\/","title":{"rendered":"Enlaces de inter\u00e9s"},"content":{"rendered":"<ul>\n<li>\n<h4><span style=\"color: #000000;\"><a style=\"color: #000000;\" href=\"https:\/\/www.educa.jcyl.es\/universidad\/es?locale=es_ES\">Educacyl Universidades<\/a><\/span><\/h4>\n<\/li>\n<li>\n<h4><span style=\"color: #000000;\"><a style=\"color: #000000;\" href=\"https:\/\/web.ua.es\/es\/accesibilidad\/tecnologias-accesibles.html\">Gu\u00eda de tecnolog\u00edas accesibles<\/a><\/span><\/h4>\n<\/li>\n<li>\n<h4><a href=\"https:\/\/www.cedid.es\/\"><span style=\"color: #000000;\">Centro Espa\u00f1ol de Documentaci\u00f3n e investigaci\u00f3n sobre Discapacidad<\/span><\/a><\/h4>\n<\/li>\n<li>\n<h4><span style=\"color: #000000;\"><a style=\"color: #000000;\" href=\"http:\/\/www.cesya.es\/\">Centro Espa\u00f1ol del Subtitulado y la Audiodescripci\u00f3n\u00a0 CESyA\u00a0\u00a0<\/a><\/span><\/h4>\n<\/li>\n<li>\n<h4><span style=\"color: #000000;\"><a style=\"color: #000000;\" href=\"http:\/\/sid.usal.es\/\">Servicio de Informaci\u00f3n sobre Discapacidad<\/a><\/span><\/h4>\n<\/li>\n<li>\n<h4><span style=\"color: #000000;\"><a style=\"color: #000000;\" href=\"http:\/\/www.ceapat.org\/\">Centro Estatal de Autonom\u00eda Personal y Ayudas T\u00e9cnicas<\/a><\/span><\/h4>\n<\/li>\n<li>\n<h4><span style=\"color: #000000;\"><a style=\"color: #000000;\" href=\"https:\/\/www.cermi.es\/es\">CERMI (Comit\u00e9 Espa\u00f1ol de Representantes de Personas con Discapacidad)<\/a><\/span><\/h4>\n<\/li>\n<li>\n<h4><a href=\"https:\/\/www.rpdiscapacidad.gob.es\/\"><span style=\"color: #000000;\">Real Patronato sobre Discapacidad<\/span><\/a><\/h4>\n<\/li>\n<li>\n<h4><a href=\"https:\/\/www.fundacionuniversia.net\/es\/index.html\"><span style=\"color: #000000;\">Fundaci\u00f3n Universia<\/span><\/a><\/h4>\n<\/li>\n<li>\n<h4><span style=\"color: #000000;\"><a style=\"color: #000000;\" href=\"https:\/\/www.fundaciononce.es\/\">Fundaci\u00f3n ONCE<\/a><\/span><\/h4>\n<\/li>\n<\/ul>\n","protected":false},"excerpt":{"rendered":"<p>Educacyl Universidades Gu\u00eda de tecnolog\u00edas accesibles Centro Espa\u00f1ol de Documentaci\u00f3n e investigaci\u00f3n sobre Discapacidad Centro Espa\u00f1ol del Subtitulado y la Audiodescripci\u00f3n\u00a0 CESyA\u00a0\u00a0 Servicio de Informaci\u00f3n sobre Discapacidad Centro Estatal de Autonom\u00eda Personal y Ayudas T\u00e9cnicas CERMI (Comit\u00e9 Espa\u00f1ol de Representantes &hellip; <a href=\"https:\/\/servicios.unileon.es\/servicio-de-apoyo-a-personas-con-discapacidad-o-necesidades-especificas\/enlaces-de-interes\/\">Sigue leyendo <span class=\"meta-nav\">&rarr;<\/span><\/a><\/p>\n","protected":false},"author":344,"featured_media":0,"parent":0,"menu_order":0,"comment_status":"closed","ping_status":"closed","template":"","meta":{"footnotes":""},"class_list":["post-23","page","type-page","status-publish","hentry"],"_links":{"self":[{"href":"https:\/\/servicios.unileon.es\/servicio-de-apoyo-a-personas-con-discapacidad-o-necesidades-especificas\/wp-json\/wp\/v2\/pages\/23","targetHints":{"allow":["GET"]}}],"collection":[{"href":"https:\/\/servicios.unileon.es\/servicio-de-apoyo-a-personas-con-discapacidad-o-necesidades-especificas\/wp-json\/wp\/v2\/pages"}],"about":[{"href":"https:\/\/servicios.unileon.es\/servicio-de-apoyo-a-personas-con-discapacidad-o-necesidades-especificas\/wp-json\/wp\/v2\/types\/page"}],"author":[{"embeddable":true,"href":"https:\/\/servicios.unileon.es\/servicio-de-apoyo-a-personas-con-discapacidad-o-necesidades-especificas\/wp-json\/wp\/v2\/users\/344"}],"replies":[{"embeddable":true,"href":"https:\/\/servicios.unileon.es\/servicio-de-apoyo-a-personas-con-discapacidad-o-necesidades-especificas\/wp-json\/wp\/v2\/comments?post=23"}],"version-history":[{"count":14,"href":"https:\/\/servicios.unileon.es\/servicio-de-apoyo-a-personas-con-discapacidad-o-necesidades-especificas\/wp-json\/wp\/v2\/pages\/23\/revisions"}],"predecessor-version":[{"id":350,"href":"https:\/\/servicios.unileon.es\/servicio-de-apoyo-a-personas-con-discapacidad-o-necesidades-especificas\/wp-json\/wp\/v2\/pages\/23\/revisions\/350"}],"wp:attachment":[{"href":"https:\/\/servicios.unileon.es\/servicio-de-apoyo-a-personas-con-discapacidad-o-necesidades-especificas\/wp-json\/wp\/v2\/media?parent=23"}],"curies":[{"name":"wp","href":"https:\/\/api.w.org\/{rel}","templated":true}]}}