{"id":21,"date":"2018-11-19T11:07:00","date_gmt":"2018-11-19T11:07:00","guid":{"rendered":"http:\/\/servicios.unileon.es\/unidad-de-apoyo-a-estudiantes-con-discapacidad\/?page_id=21"},"modified":"2025-03-26T09:59:10","modified_gmt":"2025-03-26T09:59:10","slug":"normativa","status":"publish","type":"page","link":"https:\/\/servicios.unileon.es\/servicio-de-apoyo-a-personas-con-discapacidad-o-necesidades-especificas\/normativa\/","title":{"rendered":"Normativa"},"content":{"rendered":"<p><span style=\"color: #000000;\"><em><strong>Universidad de Le\u00f3n:<\/strong><\/em><\/span><\/p>\n<ul>\n<li><a href=\"https:\/\/servicios.unileon.es\/servicio-de-apoyo-a-personas-con-discapacidad-o-necesidades-especificas\/files\/2024\/10\/Reglamento_sobre_la_atencion_a_las_personas_con_discapacidad_y_necesidades_educativas_en_la_universidad_de_leon.pdf\"><span style=\"color: #000000;\">Reglamento_sobre_la_atencion_a_las_personas_con_discapacidad_y_necesidades_educativas_en_la_universidad_de_leon (2)<\/span><\/a><\/li>\n<\/ul>\n<p><strong><em>Internacional:<\/em><\/strong><\/p>\n<ul>\n<li><span style=\"color: #000000;\"><a style=\"color: #000000;\" href=\"http:\/\/www.oas.org\/DIL\/esp\/A-RES_61-106_spa.pdf\">61\/106 Convenci\u00f3n de los derechos de las personas con discapacidad<\/a><\/span><span style=\"color: #000000;\"><strong><br \/>\n<\/strong><\/span><\/li>\n<\/ul>\n<p><span style=\"color: #000000;\"><em><strong>Estatal:<\/strong><\/em><\/span><\/p>\n<ul>\n<li><span style=\"color: #000000;\"><a style=\"color: #000000;\" title=\"ley 26\/2011\" href=\"http:\/\/www.boe.es\/boe\/dias\/2011\/08\/02\/pdfs\/BOE-A-2011-13241.pdf\"><strong>Ley 26\/2011<\/strong>, de 1 de agosto, de adaptaci\u00f3n normativa a la Convenci\u00f3n <\/a><a style=\"color: #000000;\" title=\"ley 26\/2011\" href=\"http:\/\/www.boe.es\/boe\/dias\/2011\/08\/02\/pdfs\/BOE-A-2011-13241.pdf\">Internacional sobre los Derechos de las Personas con Discapacidad.<\/a><\/span><\/li>\n<\/ul>\n<ul>\n<li><span style=\"color: #000000;\"><a style=\"color: #000000;\" href=\"http:\/\/www.boe.es\/boe\/dias\/2013\/12\/03\/pdfs\/BOE-A-2013-12632.pdf\"><strong>Real Decreto Legislativo 1\/2013<\/strong>, de 29 de noviembre, por el que se aprueba <\/a><\/span><br \/>\n<span style=\"color: #000000;\"><a style=\"color: #000000;\" href=\"http:\/\/www.boe.es\/boe\/dias\/2013\/12\/03\/pdfs\/BOE-A-2013-12632.pdf\">el Texto Refundido de la Ley General de derechos de las personas con <\/a><\/span><br \/>\n<span style=\"color: #000000;\"><a style=\"color: #000000;\" href=\"http:\/\/www.boe.es\/boe\/dias\/2013\/12\/03\/pdfs\/BOE-A-2013-12632.pdf\">discapacidad y de su inclusi\u00f3n social.<\/a><\/span><\/li>\n<\/ul>\n<p><span style=\"color: #000000;\">Educaci\u00f3n<\/span><\/p>\n<ul style=\"list-style-type: square;\">\n<li>\n<h4><span style=\"color: #000000;\"><a style=\"color: #000000;\" href=\"http:\/\/www.boe.es\/boe\/dias\/2007\/04\/13\/pdfs\/A16241-16260.pdf\">Ley Org\u00e1nica 4\/2007, de 12 de abril, por la que se modifica la LOU<\/a><\/span><\/h4>\n<\/li>\n<li>\n<h4><span style=\"color: #000000;\"><a style=\"color: #000000;\" href=\"http:\/\/www.boe.es\/boe\/dias\/2007\/10\/30\/pdfs\/A44037-44048.pdf\"><strong>Real Decreto 1393\/2007<\/strong>, de 29 de octubre, por el que se establece la ordenaci\u00f3n de las ense\u00f1anzas universitarias oficiales.<\/a><\/span><\/h4>\n<\/li>\n<li>\n<h4><span style=\"color: #000000;\"><a style=\"color: #000000;\" href=\"https:\/\/www.boe.es\/buscar\/act.php?id=BOE-A-2014-6008\">Real Decreto 412\/2014, de 6 de junio, por el que se establece la normativa b\u00e1sica de los procedimientos de admisi\u00f3n a las ense\u00f1anzas universitarias oficiales de Grado.<\/a><\/span><\/h4>\n<\/li>\n<li>\n<h4><span style=\"color: #000000;\"><a style=\"color: #000000;\" href=\"http:\/\/www.boe.es\/boe\/dias\/2010\/12\/31\/pdfs\/BOE-A-2010-20147.pdf\"><strong>Real Decreto 1791\/2010<\/strong>, de 30 de diciembre, por el que se aprueba el Estatuto del Estudiante Universitario.<\/a><\/span><\/h4>\n<\/li>\n<li>\n<h4><strong><span style=\"color: #000000;\"><a style=\"color: #000000;\" href=\"https:\/\/www.boe.es\/buscar\/doc.php?id=BOE-A-2021-15781\">Real Decreto 822\/2021, de 28 de septiembre,<\/a><\/span><\/strong> por el que se establece la\u00a0<em>organizaci\u00f3n de las ense\u00f1anzas universitarias y del procedimiento de aseguramiento de su calidad<\/em><\/h4>\n<\/li>\n<li>\n<h3 class=\"documento-tit\"><span style=\"color: #000000;\"><a style=\"color: #000000;\" href=\"https:\/\/www.boe.es\/buscar\/act.php?id=BOE-A-2023-7500\">Ley Org\u00e1nica 2\/2023, de 22 de marzo, del Sistema Universitario.<\/a><\/span><\/h3>\n<\/li>\n<\/ul>\n<h4><span style=\"color: #000000;\">Empleo<\/span><\/h4>\n<ul>\n<li><span style=\"color: #000000;\"><a style=\"color: #000000;\" href=\"http:\/\/www.boe.es\/boe\/dias\/2004\/12\/17\/pdfs\/A41261-41264.pdf\"><strong>Real Decreto 2271\/2004<\/strong>, de 3 de diciembre,por el que se regula el acceso al empleo p\u00fablico y la provisi\u00f3n de puestos de trabajo de las personas con discapacidad.<\/a><\/span><\/li>\n<li class=\"documento-tit\"><strong><span style=\"color: #000000;\"><a style=\"color: #000000;\" href=\"https:\/\/www.boe.es\/eli\/es\/o\/2006\/06\/09\/pre1822\">Orden PRE\/1822\/2006, de 9 de junio,<\/a><\/span><\/strong> por la que se establecen criterios generales para la adaptaci\u00f3n de tiempos adicionales en los procesos selectivos para el acceso al empleo p\u00fablico de personas con discapacidad.<\/li>\n<\/ul>\n<p><span style=\"color: #000000;\"><em><strong>Auton\u00f3mica:<\/strong><\/em><\/span><\/p>\n<ul>\n<li><span style=\"color: #000000;\"><a style=\"color: #000000;\" title=\"El v\u00ednculo se abre en otra ventana\" href=\"http:\/\/bocyl.jcyl.es\/boletines\/2013\/05\/24\/pdf\/BOCYL-D-24052013-1.pdf\" target=\"_blank\" rel=\"noopener noreferrer\"><strong>Ley 2\/2013<\/strong>, de 15 de mayo, de Igualdad de Oportunidades para las Personas con Discapacidad<\/a><\/span><\/li>\n<\/ul>\n<ul>\n<li><\/li>\n<\/ul>\n","protected":false},"excerpt":{"rendered":"<p>Universidad de Le\u00f3n: Reglamento_sobre_la_atencion_a_las_personas_con_discapacidad_y_necesidades_educativas_en_la_universidad_de_leon (2) Internacional: 61\/106 Convenci\u00f3n de los derechos de las personas con discapacidad Estatal: Ley 26\/2011, de 1 de agosto, de adaptaci\u00f3n normativa a la Convenci\u00f3n Internacional sobre los Derechos de las Personas con Discapacidad. Real Decreto &hellip; <a href=\"https:\/\/servicios.unileon.es\/servicio-de-apoyo-a-personas-con-discapacidad-o-necesidades-especificas\/normativa\/\">Sigue leyendo <span class=\"meta-nav\">&rarr;<\/span><\/a><\/p>\n","protected":false},"author":344,"featured_media":0,"parent":0,"menu_order":0,"comment_status":"closed","ping_status":"closed","template":"","meta":{"footnotes":""},"class_list":["post-21","page","type-page","status-publish","hentry"],"_links":{"self":[{"href":"https:\/\/servicios.unileon.es\/servicio-de-apoyo-a-personas-con-discapacidad-o-necesidades-especificas\/wp-json\/wp\/v2\/pages\/21","targetHints":{"allow":["GET"]}}],"collection":[{"href":"https:\/\/servicios.unileon.es\/servicio-de-apoyo-a-personas-con-discapacidad-o-necesidades-especificas\/wp-json\/wp\/v2\/pages"}],"about":[{"href":"https:\/\/servicios.unileon.es\/servicio-de-apoyo-a-personas-con-discapacidad-o-necesidades-especificas\/wp-json\/wp\/v2\/types\/page"}],"author":[{"embeddable":true,"href":"https:\/\/servicios.unileon.es\/servicio-de-apoyo-a-personas-con-discapacidad-o-necesidades-especificas\/wp-json\/wp\/v2\/users\/344"}],"replies":[{"embeddable":true,"href":"https:\/\/servicios.unileon.es\/servicio-de-apoyo-a-personas-con-discapacidad-o-necesidades-especificas\/wp-json\/wp\/v2\/comments?post=21"}],"version-history":[{"count":25,"href":"https:\/\/servicios.unileon.es\/servicio-de-apoyo-a-personas-con-discapacidad-o-necesidades-especificas\/wp-json\/wp\/v2\/pages\/21\/revisions"}],"predecessor-version":[{"id":354,"href":"https:\/\/servicios.unileon.es\/servicio-de-apoyo-a-personas-con-discapacidad-o-necesidades-especificas\/wp-json\/wp\/v2\/pages\/21\/revisions\/354"}],"wp:attachment":[{"href":"https:\/\/servicios.unileon.es\/servicio-de-apoyo-a-personas-con-discapacidad-o-necesidades-especificas\/wp-json\/wp\/v2\/media?parent=21"}],"curies":[{"name":"wp","href":"https:\/\/api.w.org\/{rel}","templated":true}]}}