{"id":19,"date":"2018-11-19T11:06:05","date_gmt":"2018-11-19T11:06:05","guid":{"rendered":"http:\/\/servicios.unileon.es\/unidad-de-apoyo-a-estudiantes-con-discapacidad\/?page_id=19"},"modified":"2025-01-20T11:30:23","modified_gmt":"2025-01-20T11:30:23","slug":"guias-y-documentacion","status":"publish","type":"page","link":"https:\/\/servicios.unileon.es\/servicio-de-apoyo-a-personas-con-discapacidad-o-necesidades-especificas\/guias-y-documentacion\/","title":{"rendered":"Gu\u00edas y documentaci\u00f3n"},"content":{"rendered":"<ul>\n<li>\n<h4><span style=\"color: #000000;\"><a style=\"color: #000000;\" href=\"https:\/\/servicios.unileon.es\/servicio-de-apoyo-a-personas-con-discapacidad-o-necesidades-especificas\/files\/2024\/09\/Guia-de-adaptaciones_DIGITAL-SAPDU.pdf\">Guia de adaptaciones_DIGITAL SAPDU<\/a><\/span><\/h4>\n<\/li>\n<li>\n<h4><span style=\"color: #000000;\"><a style=\"color: #000000;\" href=\"https:\/\/www.fundacionuniversia.net\/content\/dam\/fundacionuniversia\/pdf\/estudios\/V%20Estudio%20Universidad%20y%20Discapacidad%202019-2020%20%20(Accesible).pdf\">V Estudio Universidad y Discapacidad<\/a><\/span><\/h4>\n<\/li>\n<li>\n<h4><span style=\"color: #000000;\"><a style=\"color: #000000;\" href=\"https:\/\/web.ua.es\/es\/accesibilidad\/documentos-electronicos-accesibles.html\">Documentos electr\u00f3nicos accesibles<\/a><\/span><\/h4>\n<\/li>\n<li>\n<h4><span style=\"color: #000000;\"><a style=\"color: #000000;\" href=\"https:\/\/www.ucm.es\/data\/cont\/docs\/3-2017-03-10-Gu%C3%ADa%20para%20hacer%20documentacion%20accesible%202017.pdf\">Gu\u00eda para elaborar documentaci\u00f3n digital accesible<\/a><\/span><\/h4>\n<\/li>\n<li>\n<h4><span style=\"color: #000000;\"><a style=\"color: #000000;\" href=\"https:\/\/web.ua.es\/es\/accesibilidad\/tecnologias-accesibles\/video-tutoriales-de-tecnologias-accesibles.html\">Video tutoriales sobre tecnolog\u00edas accesibles<\/a><\/span><\/h4>\n<\/li>\n<\/ul>\n","protected":false},"excerpt":{"rendered":"<p>Guia de adaptaciones_DIGITAL SAPDU V Estudio Universidad y Discapacidad Documentos electr\u00f3nicos accesibles Gu\u00eda para elaborar documentaci\u00f3n digital accesible Video tutoriales sobre tecnolog\u00edas accesibles<\/p>\n","protected":false},"author":344,"featured_media":0,"parent":0,"menu_order":0,"comment_status":"closed","ping_status":"closed","template":"","meta":{"footnotes":""},"class_list":["post-19","page","type-page","status-publish","hentry"],"_links":{"self":[{"href":"https:\/\/servicios.unileon.es\/servicio-de-apoyo-a-personas-con-discapacidad-o-necesidades-especificas\/wp-json\/wp\/v2\/pages\/19","targetHints":{"allow":["GET"]}}],"collection":[{"href":"https:\/\/servicios.unileon.es\/servicio-de-apoyo-a-personas-con-discapacidad-o-necesidades-especificas\/wp-json\/wp\/v2\/pages"}],"about":[{"href":"https:\/\/servicios.unileon.es\/servicio-de-apoyo-a-personas-con-discapacidad-o-necesidades-especificas\/wp-json\/wp\/v2\/types\/page"}],"author":[{"embeddable":true,"href":"https:\/\/servicios.unileon.es\/servicio-de-apoyo-a-personas-con-discapacidad-o-necesidades-especificas\/wp-json\/wp\/v2\/users\/344"}],"replies":[{"embeddable":true,"href":"https:\/\/servicios.unileon.es\/servicio-de-apoyo-a-personas-con-discapacidad-o-necesidades-especificas\/wp-json\/wp\/v2\/comments?post=19"}],"version-history":[{"count":36,"href":"https:\/\/servicios.unileon.es\/servicio-de-apoyo-a-personas-con-discapacidad-o-necesidades-especificas\/wp-json\/wp\/v2\/pages\/19\/revisions"}],"predecessor-version":[{"id":348,"href":"https:\/\/servicios.unileon.es\/servicio-de-apoyo-a-personas-con-discapacidad-o-necesidades-especificas\/wp-json\/wp\/v2\/pages\/19\/revisions\/348"}],"wp:attachment":[{"href":"https:\/\/servicios.unileon.es\/servicio-de-apoyo-a-personas-con-discapacidad-o-necesidades-especificas\/wp-json\/wp\/v2\/media?parent=19"}],"curies":[{"name":"wp","href":"https:\/\/api.w.org\/{rel}","templated":true}]}}