{"id":14,"date":"2018-11-19T11:04:06","date_gmt":"2018-11-19T11:04:06","guid":{"rendered":"http:\/\/servicios.unileon.es\/unidad-de-apoyo-a-estudiantes-con-discapacidad\/?page_id=14"},"modified":"2026-03-25T10:11:55","modified_gmt":"2026-03-25T10:11:55","slug":"servicios-que-presta","status":"publish","type":"page","link":"https:\/\/servicios.unileon.es\/servicio-de-apoyo-a-personas-con-discapacidad-o-necesidades-especificas\/servicios-que-presta\/","title":{"rendered":"Servicios que presta"},"content":{"rendered":"<ul>\n<li>INFORMACI\u00d3N sobre <strong>adaptaciones a la PAU<\/strong> para alumnado con necesidades espec\u00edficas de apoyo educativo. <a href=\"https:\/\/www.educa.jcyl.es\/universidad\/es\/servicio-ensenanza-universitaria\/acceso-universidades-publicas-castilla-leon\/pau-2026\/copau-alumnos-necesidades-especificas-apoyo-educativo\">CO PAU 2026<\/a><\/li>\n<li>Informaci\u00f3n general sobre temas relacionados con la discapacidad tales como legislaci\u00f3n espec\u00edfica, ayudas p\u00fablicas y privadas, movimiento asociativo, voluntariado etc.<\/li>\n<li style=\"text-align: justify;\">Evaluaci\u00f3n de necesidades y atenci\u00f3n personalizad para facilitar la plena inclusi\u00f3n en el \u00e1mbito universitario.<\/li>\n<li style=\"text-align: justify;\">Informaci\u00f3n y asesoramiento al personal docente y de administraci\u00f3n y servicios, sobre la forma mas adecuada de apoyar, en cada caso, al alumnado con necesidades especificas.<\/li>\n<li style=\"text-align: justify;\">Gesti\u00f3n de apoyos que faciliten la comunicaci\u00f3n y el aprendizaje del alumnado con discapacidad, que promuevan la autonom\u00eda personal y mejoren la calidad de vida tanto a nivel acad\u00e9mico como social. Los apoyos se pueden concretar en: adaptaciones en el aula, pr\u00e9stamo de productos de apoyo (Fundaci\u00f3n ONCE), tomador de apuntes, ajustes en tiempo y forma de realizaci\u00f3n de ex\u00e1menes etc.<\/li>\n<li style=\"text-align: justify;\">Programa de Alumno Ayudante.(Voluntariado)<a href=\"https:\/\/servicios.unileon.es\/servicio-de-apoyo-a-personas-con-discapacidad-o-necesidades-especificas\/files\/2025\/11\/Programa-Alumno-Ayudante-Contenido-programa-Corregido-2-2.pdf\">Programa Alumno Ayudante Con<\/a><\/li>\n<li style=\"text-align: justify;\">Estudio y valoraci\u00f3n de los problemas de accesibilidad dentro de la Universidad que nos permitan afrontar eficazmente la eliminaci\u00f3n de barreras.<\/li>\n<li style=\"text-align: justify;\">Sensibilizaci\u00f3n de la comunidad universitaria sobre los temas de discapacidad, mediante la organizaci\u00f3n de jornadas informativas, cursos de formaci\u00f3n espec\u00edfica, actividades de deporte adaptado etc.<\/li>\n<\/ul>\n","protected":false},"excerpt":{"rendered":"<p>INFORMACI\u00d3N sobre adaptaciones a la PAU para alumnado con necesidades espec\u00edficas de apoyo educativo. CO PAU 2026 Informaci\u00f3n general sobre temas relacionados con la discapacidad tales como legislaci\u00f3n espec\u00edfica, ayudas p\u00fablicas y privadas, movimiento asociativo, voluntariado etc. Evaluaci\u00f3n de necesidades &hellip; <a href=\"https:\/\/servicios.unileon.es\/servicio-de-apoyo-a-personas-con-discapacidad-o-necesidades-especificas\/servicios-que-presta\/\">Sigue leyendo <span class=\"meta-nav\">&rarr;<\/span><\/a><\/p>\n","protected":false},"author":344,"featured_media":0,"parent":0,"menu_order":0,"comment_status":"closed","ping_status":"closed","template":"","meta":{"footnotes":""},"class_list":["post-14","page","type-page","status-publish","hentry"],"_links":{"self":[{"href":"https:\/\/servicios.unileon.es\/servicio-de-apoyo-a-personas-con-discapacidad-o-necesidades-especificas\/wp-json\/wp\/v2\/pages\/14","targetHints":{"allow":["GET"]}}],"collection":[{"href":"https:\/\/servicios.unileon.es\/servicio-de-apoyo-a-personas-con-discapacidad-o-necesidades-especificas\/wp-json\/wp\/v2\/pages"}],"about":[{"href":"https:\/\/servicios.unileon.es\/servicio-de-apoyo-a-personas-con-discapacidad-o-necesidades-especificas\/wp-json\/wp\/v2\/types\/page"}],"author":[{"embeddable":true,"href":"https:\/\/servicios.unileon.es\/servicio-de-apoyo-a-personas-con-discapacidad-o-necesidades-especificas\/wp-json\/wp\/v2\/users\/344"}],"replies":[{"embeddable":true,"href":"https:\/\/servicios.unileon.es\/servicio-de-apoyo-a-personas-con-discapacidad-o-necesidades-especificas\/wp-json\/wp\/v2\/comments?post=14"}],"version-history":[{"count":36,"href":"https:\/\/servicios.unileon.es\/servicio-de-apoyo-a-personas-con-discapacidad-o-necesidades-especificas\/wp-json\/wp\/v2\/pages\/14\/revisions"}],"predecessor-version":[{"id":397,"href":"https:\/\/servicios.unileon.es\/servicio-de-apoyo-a-personas-con-discapacidad-o-necesidades-especificas\/wp-json\/wp\/v2\/pages\/14\/revisions\/397"}],"wp:attachment":[{"href":"https:\/\/servicios.unileon.es\/servicio-de-apoyo-a-personas-con-discapacidad-o-necesidades-especificas\/wp-json\/wp\/v2\/media?parent=14"}],"curies":[{"name":"wp","href":"https:\/\/api.w.org\/{rel}","templated":true}]}}