{"id":10,"date":"2018-11-19T10:59:40","date_gmt":"2018-11-19T10:59:40","guid":{"rendered":"http:\/\/servicios.unileon.es\/unidad-de-apoyo-a-estudiantes-con-discapacidad\/?page_id=10"},"modified":"2026-01-12T06:57:51","modified_gmt":"2026-01-12T06:57:51","slug":"presentacion","status":"publish","type":"page","link":"https:\/\/servicios.unileon.es\/servicio-de-apoyo-a-personas-con-discapacidad-o-necesidades-especificas\/","title":{"rendered":"Presentaci\u00f3n"},"content":{"rendered":"<p style=\"text-align: justify;\">El Servicio de Apoyo a las Personas con Discapacidad o Necesidades Espec\u00edficas de la ULE, dependiente del <strong>Vicerrectorado de Inclusi\u00f3n, Igualdad y Proyecci\u00f3n Social<\/strong>,\u00a0 se crea en 2002 mediante un Convenio de colaboraci\u00f3n entre la ULE y la Junta de Castilla y le\u00f3n.<\/p>\n<div style=\"width: 96%; background-color: #91f7a9; border: solid 1px #aaa; padding: 10px;\">\n<h3 style=\"font-size: 18px;\"><span style=\"color: #ff0000;\"><strong>IMPORTANTE<\/strong><\/span><\/h3>\n<h3 style=\"font-size: 18px;\"><em><strong>Plazo para solicitar adaptaciones para el segundo semestre : <\/strong><\/em><\/h3>\n<h3 style=\"font-size: 18px;\"><em><strong>del 8 de enero al 8 de febrero. <\/strong><\/em><\/h3>\n<h3 style=\"font-size: 18px;\"><span style=\"font-size: 10pt;\"><strong><em>(No se admitir\u00e1n solicitudes fuera de plazo, salvo para situaciones\u00a0 sobrevenidas)<\/em><\/strong><\/span><\/h3>\n<\/div>\n<p>Nuestras actuaciones est\u00e1n encaminadas a la consecuci\u00f3n de los siguientes <strong>objetivos:<\/strong><\/p>\n<ul>\n<li style=\"text-align: justify;\">Garantizar la igualdad de oportunidades de las personas con discapacidad y NEAE en la Universidad.<\/li>\n<li>Promover la supresi\u00f3n de barreras en el acceso, participaci\u00f3n y aprendizaje.<\/li>\n<li>Potenciar la sensibilizaci\u00f3n y la solidaridad en el \u00e1mbito universitario hacia las personas con discapacidad y NEAE<\/li>\n<li>Propiciar la realizaci\u00f3n de acciones formativas relacionadas con la discapacidad y NEAE.<\/li>\n<\/ul>\n<p style=\"text-align: justify;\"><span style=\"color: #3366ff;\"><em>Si necesitas adaptaciones o prestaci\u00f3n de servicios especiales para el seguimiento de las clases y\/o la realizaci\u00f3n de ex\u00e1menes, pasa por nuestra oficina en los primeros d\u00edas de cada\u00a0 semestre.\u00a0 CITA PREVIA<\/em><\/span><\/p>\n<h3>Contactos<\/h3>\n<table style=\"height: 71px;\" width=\"651\">\n<tbody>\n<tr>\n<th style=\"width: 199.2px; height: 17px;\">T\u00e9cnica<\/th>\n<td style=\"width: 343.2px; height: 17px;\">Rosario Turienzo Gonz\u00e1lez. Telf.: 987 29 18 90<\/td>\n<\/tr>\n<tr>\n<th style=\"width: 199.2px; height: 18px;\">T\u00e9cnica<\/th>\n<td style=\"width: 343.2px; height: 18px;\">Nieves Alonso \u00c1lvarez. Telf. 987 29 37 72<\/td>\n<\/tr>\n<tr>\n<th style=\"width: 199.2px; height: 18px;\">Buz\u00f3n electr\u00f3nico<\/th>\n<td style=\"width: 343.2px; height: 18px;\">apoyo.discapacidad@unileon.es<\/td>\n<\/tr>\n<\/tbody>\n<\/table>\n<p>&nbsp;<\/p>\n<h3>Ubicaci\u00f3n:<\/h3>\n<p><a href=\"https:\/\/servicios.unileon.es\/servicio-de-apoyo-a-personas-con-discapacidad-o-necesidades-especificas\/files\/2021\/09\/Edificio-de-Servicios.jpg\"><img loading=\"lazy\" decoding=\"async\" class=\"alignright wp-image-210\" src=\"https:\/\/servicios.unileon.es\/servicio-de-apoyo-a-personas-con-discapacidad-o-necesidades-especificas\/files\/2021\/09\/Edificio-de-Servicios.jpg\" alt=\"\" width=\"272\" height=\"204\" \/><\/a><br \/>\nCampus de Vegazana . Edificio de Servicios, planta 1\u00aa, puerta 1021<\/p>\n<p>&nbsp;<\/p>\n<p>Adheridos a la <a href=\"https:\/\/redsapdu.org\/home\/\">Red SAPDU<\/a><\/p>\n","protected":false},"excerpt":{"rendered":"<p>El Servicio de Apoyo a las Personas con Discapacidad o Necesidades Espec\u00edficas de la ULE, dependiente del Vicerrectorado de Inclusi\u00f3n, Igualdad y Proyecci\u00f3n Social,\u00a0 se crea en 2002 mediante un Convenio de colaboraci\u00f3n entre la ULE y la Junta de &hellip; <a href=\"https:\/\/servicios.unileon.es\/servicio-de-apoyo-a-personas-con-discapacidad-o-necesidades-especificas\/\">Sigue leyendo <span class=\"meta-nav\">&rarr;<\/span><\/a><\/p>\n","protected":false},"author":344,"featured_media":0,"parent":0,"menu_order":0,"comment_status":"closed","ping_status":"closed","template":"","meta":{"footnotes":""},"class_list":["post-10","page","type-page","status-publish","hentry"],"_links":{"self":[{"href":"https:\/\/servicios.unileon.es\/servicio-de-apoyo-a-personas-con-discapacidad-o-necesidades-especificas\/wp-json\/wp\/v2\/pages\/10","targetHints":{"allow":["GET"]}}],"collection":[{"href":"https:\/\/servicios.unileon.es\/servicio-de-apoyo-a-personas-con-discapacidad-o-necesidades-especificas\/wp-json\/wp\/v2\/pages"}],"about":[{"href":"https:\/\/servicios.unileon.es\/servicio-de-apoyo-a-personas-con-discapacidad-o-necesidades-especificas\/wp-json\/wp\/v2\/types\/page"}],"author":[{"embeddable":true,"href":"https:\/\/servicios.unileon.es\/servicio-de-apoyo-a-personas-con-discapacidad-o-necesidades-especificas\/wp-json\/wp\/v2\/users\/344"}],"replies":[{"embeddable":true,"href":"https:\/\/servicios.unileon.es\/servicio-de-apoyo-a-personas-con-discapacidad-o-necesidades-especificas\/wp-json\/wp\/v2\/comments?post=10"}],"version-history":[{"count":41,"href":"https:\/\/servicios.unileon.es\/servicio-de-apoyo-a-personas-con-discapacidad-o-necesidades-especificas\/wp-json\/wp\/v2\/pages\/10\/revisions"}],"predecessor-version":[{"id":391,"href":"https:\/\/servicios.unileon.es\/servicio-de-apoyo-a-personas-con-discapacidad-o-necesidades-especificas\/wp-json\/wp\/v2\/pages\/10\/revisions\/391"}],"wp:attachment":[{"href":"https:\/\/servicios.unileon.es\/servicio-de-apoyo-a-personas-con-discapacidad-o-necesidades-especificas\/wp-json\/wp\/v2\/media?parent=10"}],"curies":[{"name":"wp","href":"https:\/\/api.w.org\/{rel}","templated":true}]}}