{"id":4,"date":"2013-05-23T10:46:49","date_gmt":"2013-05-23T10:46:49","guid":{"rendered":"http:\/\/servicios.unileon.es\/radio-universitaria\/?page_id=4"},"modified":"2022-09-16T06:03:08","modified_gmt":"2022-09-16T06:03:08","slug":"escuchanos","status":"publish","type":"page","link":"https:\/\/servicios.unileon.es\/radio-universitaria\/","title":{"rendered":"Esc\u00fachanos"},"content":{"rendered":"<h3>Emisi\u00f3n en directo<\/h3>\r\n\r\n<audio xmlns=\"http:\/\/www.w3.org\/1999\/xhtml\" controls=\"controls\" preload=\"none\"><source src=\"https:\/\/radio.unileon.es\/radio-unileon-320\" type=\"application\/ogg\" \/><\/audio>\r\n\r\n\r\n<h3>Esc\u00fachanos a trav\u00e9s de cualquier reproductor<\/h3>\r\n\r\n<p>Si no quieres escuchar Radio Universitaria desde la propia p\u00e1gina web, puedes hacerlo a trav\u00e9s de cualquier reproductor. Desde aqu\u00ed te recomendamos que instales y utilices <a href=\"http:\/\/www.videolan.org\/vlc\/\" target=\"_blank\" rel=\"noopener\">VideoLAN (VLC)<\/a>. Con esta aplicaci\u00f3n no tendr\u00e1s pr\u00e1cticamente ning\u00fan problema a la hora de reproducir cualquier formato de audio o v\u00eddeo. Si ya dispones de un reproductor y no quieres cambiarlo (Winamp, Windows Media Player, Amarok&#8230;), prueba a abrir alguna de las siguientes URLs:<\/p>\r\n\r\n<ul>\r\n    <li><a href=\"http:\/\/radio.unileon.es:8000\/radio-unileon-320.m3u\" target=\"_blank\" rel=\"noopener\">Radio universitaria de Le\u00f3n (Alta calidad)<\/a><\/li>\r\n<\/ul>\r\n\r\n<p>El c\u00f3dec que usamos en Radio Universitaria por defecto es OGG\/Vorbis. Se trata de un c\u00f3dec libre y gratuito pero algunos reproductores no lo reconocen por defecto. Para instalar el c\u00f3dec solo tienes que acudir a la p\u00e1gina principal de <a href=\"http:\/\/www.vorbis.com\/\" target=\"_blank\" rel=\"noopener\">OGG\/Vorbis<\/a> y seguir los pasos que all\u00ed se detallan dependiendo de la plataforma en la que te encuentres.<\/p>\r\n\r\n<p>Si a\u00fan as\u00ed sigues sin poder escucharnos o simplemente no quieres dar tantas vueltas, utiliza esta otra URL que aqu\u00ed te proporcionamos (<a href=\"http:\/\/radio.unileon.es:8000\/radio-unileon-192-aac.m3u\" target=\"_blank\" rel=\"noopener\">http:\/\/radio.unileon.es:8000\/radio-unileon-192-aac.m3u<\/a>). El stream que servimos desde aqu\u00ed est\u00e1 codificado con AAC y hoy en d\u00eda se encuentra m\u00e1s extendido que OGG\/Vorbis, por lo que no deber\u00edas tener problemas.<\/p>","protected":false},"excerpt":{"rendered":"<p>Emisi\u00f3n en directo Esc\u00fachanos a trav\u00e9s de cualquier reproductor Si no quieres escuchar Radio Universitaria desde la propia p\u00e1gina web, puedes hacerlo a trav\u00e9s de cualquier reproductor. Desde aqu\u00ed te recomendamos que instales y utilices VideoLAN (VLC). Con esta aplicaci\u00f3n no tendr\u00e1s pr\u00e1cticamente ning\u00fan problema a la hora de reproducir cualquier formato de audio o [&hellip;]<\/p>\n","protected":false},"author":1,"featured_media":0,"parent":0,"menu_order":0,"comment_status":"closed","ping_status":"closed","template":"","meta":{"footnotes":""},"class_list":["post-4","page","type-page","status-publish","hentry"],"_links":{"self":[{"href":"https:\/\/servicios.unileon.es\/radio-universitaria\/wp-json\/wp\/v2\/pages\/4","targetHints":{"allow":["GET"]}}],"collection":[{"href":"https:\/\/servicios.unileon.es\/radio-universitaria\/wp-json\/wp\/v2\/pages"}],"about":[{"href":"https:\/\/servicios.unileon.es\/radio-universitaria\/wp-json\/wp\/v2\/types\/page"}],"author":[{"embeddable":true,"href":"https:\/\/servicios.unileon.es\/radio-universitaria\/wp-json\/wp\/v2\/users\/1"}],"replies":[{"embeddable":true,"href":"https:\/\/servicios.unileon.es\/radio-universitaria\/wp-json\/wp\/v2\/comments?post=4"}],"version-history":[{"count":26,"href":"https:\/\/servicios.unileon.es\/radio-universitaria\/wp-json\/wp\/v2\/pages\/4\/revisions"}],"predecessor-version":[{"id":232,"href":"https:\/\/servicios.unileon.es\/radio-universitaria\/wp-json\/wp\/v2\/pages\/4\/revisions\/232"}],"wp:attachment":[{"href":"https:\/\/servicios.unileon.es\/radio-universitaria\/wp-json\/wp\/v2\/media?parent=4"}],"curies":[{"name":"wp","href":"https:\/\/api.w.org\/{rel}","templated":true}]}}