{"id":31,"date":"2013-05-23T14:59:41","date_gmt":"2013-05-23T14:59:41","guid":{"rendered":"http:\/\/servicios.unileon.es\/radio-universitaria\/?page_id=31"},"modified":"2021-07-12T08:23:58","modified_gmt":"2021-07-12T08:23:58","slug":"contacto","status":"publish","type":"page","link":"https:\/\/servicios.unileon.es\/radio-universitaria\/contacto\/","title":{"rendered":"Contacto"},"content":{"rendered":"<h3>Radio Universitaria Le\u00f3n | 106.6 fm<\/h3>\r\n<dl>\r\n \t<dt>Direcci\u00f3n postal<\/dt>\r\n \t<dd><address>Universidad de Le\u00f3n\r\nEdificio Radio Universitaria\r\nAv. de la Factultad n\u00ba 25\r\n24004 Le\u00f3n<\/address><\/dd>\r\n \t<dt>Tel\u00e9fono<\/dt>\r\n \t<dd>98729 3031 \/ 1885 \/ 1588<\/dd>\r\n \t<dt>Buz\u00f3n electr\u00f3nico<\/dt>\r\n \t<dd><a href=\"mailto:radio@unileon.es\">radio@unileon.es<\/a><\/dd>\r\n<\/dl>\r\n&nbsp;\r\n<h3>Radio Universitaria Ponferrada | 105.0 fm<\/h3>\r\n<dl>\r\n \t<dt>Direcci\u00f3n postal<\/dt>\r\n \t<dd><address>Universidad de Le\u00f3n, Campus de Ponferrada\r\nEdificio Radio Universitaria\r\nAv. de Astorga 15\r\n24400 Ponferrada (Le\u00f3n)<\/address><\/dd>\r\n \t<dt>Tel\u00e9fono<\/dt>\r\n \t<dd>987 44 20 92<\/dd>\r\n \t<dt>Buz\u00f3n electr\u00f3nico<\/dt>\r\n \t<dd><a href=\"mailto:radiopon@unileon.es\">radiopon@unileon.es<\/a><\/dd>\r\n<\/dl>","protected":false},"excerpt":{"rendered":"<p>Radio Universitaria Le\u00f3n | 106.6 fm Direcci\u00f3n postal Universidad de Le\u00f3n Edificio Radio Universitaria Av. de la Factultad n\u00ba 25 24004 Le\u00f3n Tel\u00e9fono 98729 3031 \/ 1885 \/ 1588 Buz\u00f3n electr\u00f3nico radio@unileon.es &nbsp; Radio Universitaria Ponferrada | 105.0 fm Direcci\u00f3n postal Universidad de Le\u00f3n, Campus de Ponferrada Edificio Radio Universitaria Av. de Astorga 15 24400 [&hellip;]<\/p>\n","protected":false},"author":1,"featured_media":0,"parent":0,"menu_order":0,"comment_status":"closed","ping_status":"closed","template":"","meta":{"footnotes":""},"class_list":["post-31","page","type-page","status-publish","hentry"],"_links":{"self":[{"href":"https:\/\/servicios.unileon.es\/radio-universitaria\/wp-json\/wp\/v2\/pages\/31","targetHints":{"allow":["GET"]}}],"collection":[{"href":"https:\/\/servicios.unileon.es\/radio-universitaria\/wp-json\/wp\/v2\/pages"}],"about":[{"href":"https:\/\/servicios.unileon.es\/radio-universitaria\/wp-json\/wp\/v2\/types\/page"}],"author":[{"embeddable":true,"href":"https:\/\/servicios.unileon.es\/radio-universitaria\/wp-json\/wp\/v2\/users\/1"}],"replies":[{"embeddable":true,"href":"https:\/\/servicios.unileon.es\/radio-universitaria\/wp-json\/wp\/v2\/comments?post=31"}],"version-history":[{"count":7,"href":"https:\/\/servicios.unileon.es\/radio-universitaria\/wp-json\/wp\/v2\/pages\/31\/revisions"}],"predecessor-version":[{"id":204,"href":"https:\/\/servicios.unileon.es\/radio-universitaria\/wp-json\/wp\/v2\/pages\/31\/revisions\/204"}],"wp:attachment":[{"href":"https:\/\/servicios.unileon.es\/radio-universitaria\/wp-json\/wp\/v2\/media?parent=31"}],"curies":[{"name":"wp","href":"https:\/\/api.w.org\/{rel}","templated":true}]}}