{"id":19,"date":"2013-05-23T14:43:36","date_gmt":"2013-05-23T14:43:36","guid":{"rendered":"http:\/\/servicios.unileon.es\/radio-universitaria\/?page_id=19"},"modified":"2021-07-12T08:33:27","modified_gmt":"2021-07-12T08:33:27","slug":"quienes-somos","status":"publish","type":"page","link":"https:\/\/servicios.unileon.es\/radio-universitaria\/quienes-somos\/","title":{"rendered":"Quienes somos"},"content":{"rendered":"<p>Radio Universitaria de la Universidad de Le\u00f3n nace oficialmente en el a\u00f1o 2000, pero sus antecedentes parten de un grupo de estudiantes, que un lustro antes, ya tuvieron una gran idea: dotar a nuestra universidad de una radio. Esta es la historia que hasta ahora ha acontecido, la futura puedes escribirla t\u00fa.<\/p>\r\n\r\n<p>En el a\u00f1o 1995 un grupo de j\u00f3venes universitarios leoneses miraron m\u00e1s all\u00e1 de su Universidad y no les disgust\u00f3 la idea de que, al igual que en otras Universidades de nuestro pa\u00eds y del resto del mundo, la Universidad de Le\u00f3n pudiese contar con una agrupaci\u00f3n de estudiantes unidos por la misma afici\u00f3n: el mundo de la radio.<\/p>\r\n\r\n<p>No eran pocos los pasos a seguir para la constituci\u00f3n de una Asociaci\u00f3n Universitaria, por lo que r\u00e1pidamente se pusieron a trabajar. La tarea que m\u00e1s complicada les pareci\u00f3 a primera vista fue conseguir las firmas necesarias para constituirse como Asociaci\u00f3n, pero lleg\u00f3 la sorpresa y al cabo de unas pocas semanas eran ya m\u00e1s de 1500 los estudiantes que acreditaron su conformidad. Tras ello vinieron los innumerables montones de papeles, tr\u00e1mites, hojas de registro, peticiones etc&#8230; y por fin en el mes de noviembre de 1995 naci\u00f3 oficialmente la Asociaci\u00f3n Ondas, con la finalidad de conseguir que la Universidad de Le\u00f3n tuviese una radio universitaria.<\/p>\r\n\r\n<p>La Asociaci\u00f3n Ondas desarroll\u00f3 en los a\u00f1os siguientes una actividad muy destacada, de manera que se trajeron al campus algunos de los programas de radio m\u00e1s destacados del panorama nacional como \u201cMatinal Romero Show\u201d, \u201cGomaespuma\u201d, \u201cEl show de la Jungla\u201d, \u201cConservas Escalada\u201d o \u201cDiario Pop\u201d. Junto con ello las actividades relacionadas con el mundo de la radio se fueron desarrollando con la organizaci\u00f3n de talleres, semanas radiof\u00f3nicas en el d\u00eda del estudiante, coloquios, mesas redondas, charlas en importantes centros de ense\u00f1anza de nuestra ciudad, colaboraci\u00f3n semanal con peri\u00f3dicos locales, etc&#8230; y la Asociaci\u00f3n consigui\u00f3 adquirir su primer equipo t\u00e9cnico completo para que los socios pudiesen continuar con sus pr\u00e1cticas radiof\u00f3nicas y comenzar con un innovador proyecto que servir\u00eda para convencer un poco m\u00e1s de que se puede hacer radio de calidad sin ser un profesional del medio; la emisi\u00f3n de una variada programaci\u00f3n a trav\u00e9s de Internet.<\/p>\r\n\r\n<p>Por fin lleg\u00f3 el curso 2000\/2001 y lo que desde hac\u00eda meses ven\u00eda pareciendo una realidad se convirti\u00f3 precisamente en eso. La Universidad de Le\u00f3n apoy\u00f3 la iniciaci\u00f3n de lo que hoy es la Radio Universitaria, dej\u00e1ndola tanto en su parte organizativa como en la parte t\u00e9cnica en manos de los alumnos. Las ganas e ilusi\u00f3n de los miembros de la comunidad universitaria proporcionaron una primera parrilla que iba desde las 15:30 h. hasta las 20:30 h. de lunes a viernes, de noviembre a mayo, con una gran variedad tem\u00e1tica.<\/p>\r\n\r\n<p>En el curso 2002\/2003 llega al Campus de Ponferrada Radio Universitaria inaugurando nuevas instalaciones y renovando ilusiones a trav\u00e9s del 105.0 FM. En noviembre de 2004 se estrenan nuevas instalaciones en el Campus de Vegazana (Le\u00f3n). Unos estudios con equipamiento profesional y una sala multiusos que contribuyen a que el proyecto se consolide d\u00eda a d\u00eda.Durante el mes de marzo del a\u00f1o 2004, se celebr\u00f3 el I Encuentro Estatal de Radios Universitarias.<\/p>\r\n\r\n<p>Durante cinco jornadas se dieron cita en la Universidad de Le\u00f3n las diversas experiencias radiof\u00f3nicas universitarias que hay en Espa\u00f1a, as\u00ed como algunos de los m\u00e1s importantes periodistas del panorama radiof\u00f3nico. De este encuentro salieron iniciativas de colaboraci\u00f3n interuniversitaria y el germen del I Encuentro Iberoamericano de Radios Universitarias, que fue organizado por la Universidad de Granada y Radio Universitaria de la ULE un a\u00f1o m\u00e1s tarde en la ciudad andaluza.<\/p>\r\n\r\n<p>Durante los a\u00f1os 2000 se consolida la amplitud horaria de la parrilla de Radio Universitaria, desde las 10 de la ma\u00f1ana hasta las 11 de la noche, bati\u00e9ndose adem\u00e1s el n\u00famero de programas y de participantes curso tras curso.<\/p>\r\n\r\n<p>Desde entonces, la Radio ha continuado su andadura con numerosas iniciativas vinculadas a la sociedad que la rodea; escenario Radio Universitaria en las Fiestas de Le\u00f3n, edici\u00f3n de discos recopilatorios con grupos locales, concursos de relato breves, creaci\u00f3n del portal digital masinfo, o los especiales \u201cBolas de Navidad\u201d y \u201cPrimavera Solidaria\u201d, donde diversos locutores de la cadena y artistas leoneses colaboran con la finalidad de recaudar medios para los m\u00e1s necesitados.<\/p>\r\n\r\n<p>As\u00ed mismo, los fundadores de la Radio que un d\u00eda se unieron en torno a la Asociaci\u00f3n Ondas siguen colaborando con la misma, produciendo contenido e impartiendo talleres de radio y locuci\u00f3n a las nuevas generaciones de participantes en la emisora.<\/p>\r\n\r\n<p>Desde Radio Universitaria os queremos animar a disfrutar de la radio y a participar en nuestro proyecto. Si quieres hacerlo, escr\u00edbenos a <a href=\"mailto:dirradio@unileon.es\">dirradio@unileon.es<\/a><\/p>","protected":false},"excerpt":{"rendered":"<p>Radio Universitaria de la Universidad de Le\u00f3n nace oficialmente en el a\u00f1o 2000, pero sus antecedentes parten de un grupo de estudiantes, que un lustro antes, ya tuvieron una gran idea: dotar a nuestra universidad de una radio. Esta es la historia que hasta ahora ha acontecido, la futura puedes escribirla t\u00fa. En el a\u00f1o [&hellip;]<\/p>\n","protected":false},"author":1,"featured_media":0,"parent":0,"menu_order":0,"comment_status":"closed","ping_status":"closed","template":"","meta":{"footnotes":""},"class_list":["post-19","page","type-page","status-publish","hentry"],"_links":{"self":[{"href":"https:\/\/servicios.unileon.es\/radio-universitaria\/wp-json\/wp\/v2\/pages\/19","targetHints":{"allow":["GET"]}}],"collection":[{"href":"https:\/\/servicios.unileon.es\/radio-universitaria\/wp-json\/wp\/v2\/pages"}],"about":[{"href":"https:\/\/servicios.unileon.es\/radio-universitaria\/wp-json\/wp\/v2\/types\/page"}],"author":[{"embeddable":true,"href":"https:\/\/servicios.unileon.es\/radio-universitaria\/wp-json\/wp\/v2\/users\/1"}],"replies":[{"embeddable":true,"href":"https:\/\/servicios.unileon.es\/radio-universitaria\/wp-json\/wp\/v2\/comments?post=19"}],"version-history":[{"count":7,"href":"https:\/\/servicios.unileon.es\/radio-universitaria\/wp-json\/wp\/v2\/pages\/19\/revisions"}],"predecessor-version":[{"id":209,"href":"https:\/\/servicios.unileon.es\/radio-universitaria\/wp-json\/wp\/v2\/pages\/19\/revisions\/209"}],"wp:attachment":[{"href":"https:\/\/servicios.unileon.es\/radio-universitaria\/wp-json\/wp\/v2\/media?parent=19"}],"curies":[{"name":"wp","href":"https:\/\/api.w.org\/{rel}","templated":true}]}}