{"id":6,"date":"2011-06-08T11:21:25","date_gmt":"2011-06-08T11:21:25","guid":{"rendered":"http:\/\/servicios.unileon.es\/plagas-enfermedades\/?page_id=6"},"modified":"2018-07-05T11:37:56","modified_gmt":"2018-07-05T11:37:56","slug":"introduccion","status":"publish","type":"page","link":"https:\/\/servicios.unileon.es\/plagas-enfermedades\/introduccion\/","title":{"rendered":"Introducci\u00f3n"},"content":{"rendered":"<p><img loading=\"lazy\" decoding=\"async\" class=\"wp-image-43 size-medium aligncenter\" src=\"http:\/\/servicios.unileon.es\/plagas-enfermedades\/files\/2018\/06\/Diapositiva3-300x208.jpg\" alt=\"\" width=\"300\" height=\"208\" srcset=\"https:\/\/servicios.unileon.es\/plagas-enfermedades\/files\/2018\/06\/Diapositiva3-300x208.jpg 300w, https:\/\/servicios.unileon.es\/plagas-enfermedades\/files\/2018\/06\/Diapositiva3-768x532.jpg 768w, https:\/\/servicios.unileon.es\/plagas-enfermedades\/files\/2018\/06\/Diapositiva3-1024x709.jpg 1024w, https:\/\/servicios.unileon.es\/plagas-enfermedades\/files\/2018\/06\/Diapositiva3.jpg 1040w\" sizes=\"auto, (max-width: 300px) 100vw, 300px\" \/><\/p>\n<p>El Laboratorio de Diagn\u00f3stico de Plagas y Enfermedades Vegetales se fund\u00f3 en el a\u00f1o 2000 gracias a la financiaci\u00f3n de la Fundaci\u00f3n Ben\u00e9fico Docente Chicarro-Canseco-Banciella funcionando interrumpidamente hasta el momento actual.<\/p>\n<p>Est\u00e1 ubicado en la Escuela de Ingenier\u00eda Agraria y Forestal y tiene como funciones el Diagn\u00f3stico general de plagas y enfermedades vegetales sobre muestras de cultivos agr\u00edcolas, forestales y ornamentales.<\/p>\n<p>El servicio es gratuito para los usuarios y est\u00e1 dirigido a Agricultores, asociaciones y otras entidades relacionadas con los sectores agrario y forestal.<\/p>\n<p style=\"text-align: right;\"><a href=\"http:\/\/servicios.unileon.es\/plagas-enfermedades\/\"><em>Volver a Inicio<\/em><\/a><\/p>\n","protected":false},"excerpt":{"rendered":"<p>El Laboratorio de Diagn\u00f3stico de Plagas y Enfermedades Vegetales se fund\u00f3 en el a\u00f1o 2000 gracias a la financiaci\u00f3n de la Fundaci\u00f3n Ben\u00e9fico Docente Chicarro-Canseco-Banciella funcionando interrumpidamente hasta el momento actual. Est\u00e1 ubicado en la Escuela de Ingenier\u00eda Agraria y &hellip; <a href=\"https:\/\/servicios.unileon.es\/plagas-enfermedades\/introduccion\/\">Sigue leyendo <span class=\"meta-nav\">&rarr;<\/span><\/a><\/p>\n","protected":false},"author":1,"featured_media":0,"parent":0,"menu_order":0,"comment_status":"closed","ping_status":"open","template":"","meta":{"footnotes":""},"class_list":["post-6","page","type-page","status-publish","hentry"],"_links":{"self":[{"href":"https:\/\/servicios.unileon.es\/plagas-enfermedades\/wp-json\/wp\/v2\/pages\/6","targetHints":{"allow":["GET"]}}],"collection":[{"href":"https:\/\/servicios.unileon.es\/plagas-enfermedades\/wp-json\/wp\/v2\/pages"}],"about":[{"href":"https:\/\/servicios.unileon.es\/plagas-enfermedades\/wp-json\/wp\/v2\/types\/page"}],"author":[{"embeddable":true,"href":"https:\/\/servicios.unileon.es\/plagas-enfermedades\/wp-json\/wp\/v2\/users\/1"}],"replies":[{"embeddable":true,"href":"https:\/\/servicios.unileon.es\/plagas-enfermedades\/wp-json\/wp\/v2\/comments?post=6"}],"version-history":[{"count":8,"href":"https:\/\/servicios.unileon.es\/plagas-enfermedades\/wp-json\/wp\/v2\/pages\/6\/revisions"}],"predecessor-version":[{"id":101,"href":"https:\/\/servicios.unileon.es\/plagas-enfermedades\/wp-json\/wp\/v2\/pages\/6\/revisions\/101"}],"wp:attachment":[{"href":"https:\/\/servicios.unileon.es\/plagas-enfermedades\/wp-json\/wp\/v2\/media?parent=6"}],"curies":[{"name":"wp","href":"https:\/\/api.w.org\/{rel}","templated":true}]}}