{"id":4,"date":"2011-06-08T11:18:08","date_gmt":"2011-06-08T11:18:08","guid":{"rendered":"http:\/\/servicios.unileon.es\/plagas-enfermedades\/?page_id=4"},"modified":"2025-05-13T14:40:37","modified_gmt":"2025-05-13T14:40:37","slug":"informacion-de-contacto","status":"publish","type":"page","link":"https:\/\/servicios.unileon.es\/plagas-enfermedades\/informacion-de-contacto\/","title":{"rendered":"Informaci\u00f3n de contacto"},"content":{"rendered":"<table class=\"extendida\" style=\"width: 100%; height: 164px;\">\n<tbody>\n<tr style=\"height: 91px;\">\n<th style=\"height: 91px;\">Direcci\u00f3n Postal<\/th>\n<td style=\"height: 91px;\">Universidad de Le\u00f3n<br \/>\nEscuela de Ingenier\u00eda Agraria y Forestal<br \/>\nAvda de Portugal n\u00ba 41<br \/>\n24009 Le\u00f3n<\/td>\n<\/tr>\n<tr style=\"height: 19px;\">\n<th style=\"height: 19px;\" rowspan=\"3\">Tel\u00e9fono<\/th>\n<td style=\"height: 19px;\">987 29 19 27<\/td>\n<\/tr>\n<tr style=\"height: 17px;\">\n<td style=\"height: 17px;\">987 29 18 00 (Conserjer\u00eda de la EIAF)<\/td>\n<\/tr>\n<tr>\n<td>987 29 35 62<\/td>\n<\/tr>\n<tr style=\"height: 18px;\">\n<th style=\"height: 18px;\">Correo electr\u00f3nico<\/th>\n<td style=\"height: 18px;\"><a href=\"mailto:eialdi@unileon.es\">eialdi@unileon.es<\/a><\/td>\n<\/tr>\n<\/tbody>\n<\/table>\n<p>[mappress mapid=\u00bb1&#8243;]<\/p>\n<p style=\"text-align: right;\"><a href=\"http:\/\/servicios.unileon.es\/plagas-enfermedades\/\"><em>Volver a Inicio<\/em><\/a><\/p>\n","protected":false},"excerpt":{"rendered":"<p>Direcci\u00f3n Postal Universidad de Le\u00f3n Escuela de Ingenier\u00eda Agraria y Forestal Avda de Portugal n\u00ba 41 24009 Le\u00f3n Tel\u00e9fono 987 29 19 27 987 29 18 00 (Conserjer\u00eda de la EIAF) 987 29 35 62 Correo electr\u00f3nico eialdi@unileon.es [mappress mapid=\u00bb1&#8243;] &hellip; <a href=\"https:\/\/servicios.unileon.es\/plagas-enfermedades\/informacion-de-contacto\/\">Sigue leyendo <span class=\"meta-nav\">&rarr;<\/span><\/a><\/p>\n","protected":false},"author":1,"featured_media":0,"parent":0,"menu_order":0,"comment_status":"closed","ping_status":"open","template":"","meta":{"footnotes":""},"class_list":["post-4","page","type-page","status-publish","hentry"],"_links":{"self":[{"href":"https:\/\/servicios.unileon.es\/plagas-enfermedades\/wp-json\/wp\/v2\/pages\/4","targetHints":{"allow":["GET"]}}],"collection":[{"href":"https:\/\/servicios.unileon.es\/plagas-enfermedades\/wp-json\/wp\/v2\/pages"}],"about":[{"href":"https:\/\/servicios.unileon.es\/plagas-enfermedades\/wp-json\/wp\/v2\/types\/page"}],"author":[{"embeddable":true,"href":"https:\/\/servicios.unileon.es\/plagas-enfermedades\/wp-json\/wp\/v2\/users\/1"}],"replies":[{"embeddable":true,"href":"https:\/\/servicios.unileon.es\/plagas-enfermedades\/wp-json\/wp\/v2\/comments?post=4"}],"version-history":[{"count":12,"href":"https:\/\/servicios.unileon.es\/plagas-enfermedades\/wp-json\/wp\/v2\/pages\/4\/revisions"}],"predecessor-version":[{"id":184,"href":"https:\/\/servicios.unileon.es\/plagas-enfermedades\/wp-json\/wp\/v2\/pages\/4\/revisions\/184"}],"wp:attachment":[{"href":"https:\/\/servicios.unileon.es\/plagas-enfermedades\/wp-json\/wp\/v2\/media?parent=4"}],"curies":[{"name":"wp","href":"https:\/\/api.w.org\/{rel}","templated":true}]}}