{"id":23,"date":"2011-06-08T11:43:05","date_gmt":"2011-06-08T11:43:05","guid":{"rendered":"http:\/\/servicios.unileon.es\/plagas-enfermedades\/?page_id=23"},"modified":"2025-07-29T10:57:21","modified_gmt":"2025-07-29T10:57:21","slug":"normas-para-la-recogida-y-envio-de-muestras","status":"publish","type":"page","link":"https:\/\/servicios.unileon.es\/plagas-enfermedades\/normas-para-la-recogida-y-envio-de-muestras\/","title":{"rendered":"Normas para la recogida y env\u00edo de muestras"},"content":{"rendered":"<p>Es conveniente recoger las muestras en el cultivo antes de aplicar cualquier producto fitosanitario.<\/p>\n<p>Hasta su recepci\u00f3n en el laboratorio, la muestra se introducir\u00e1 en una bolsa limpia y deber\u00e1 conservarse refrigerada para evitar su deterioro: desecaci\u00f3n, pudrici\u00f3n\u2026<\/p>\n<p>Se adjuntar\u00e1 el mayor n\u00famero posible de datos referidos a las condiciones agron\u00f3micas del cultivo afectado.<\/p>\n<h3><strong>Insectos y \u00e1caros <\/strong><\/h3>\n<p>Enviar 5-6 individuos vivos con un poco del material vegetal del que se alimentan.<\/p>\n<p>Meterlos en una caja r\u00edgida de cart\u00f3n, madera, cristal o pl\u00e1stico con agujeros para que puedan respirar.<\/p>\n<p>Cuando se env\u00eden insectos muertos, p\u00f3nganse en una soluci\u00f3n de agua y alcohol al 50%, salvo en el caso de las mariposas.<\/p>\n<h3><strong>Nematodos <\/strong><\/h3>\n<p>Nematodos formadores de quistes: previamente a la siembra, tomar muestras de tierra a unos 15 cm de profundidad en varios puntos de la parcela hasta alcanzar 1 kg de tierra por ha.<\/p>\n<p>Plantas herb\u00e1ceas: tomar 5 cepellones de plantas con s\u00edntomas en diferentes puntos de la parcela, que contengan, como m\u00ednimo, 200 g de ra\u00edz + 500 g de suelo.<\/p>\n<p>Plantas le\u00f1osas: tomar 5 trozos de cepellones con ra\u00edz fina barbada de plantas con s\u00edntomas en diferentes puntos de la parcela, que contengan, como m\u00ednimo, 200 g de ra\u00edz + 500 g de suelo.<\/p>\n<p>Conservar en bolsas de pl\u00e1stico resistente.<\/p>\n<h3><strong>Plantas para diagnosticar enfermedades <\/strong><\/h3>\n<p>Las muestras, siempre que sea posible, corresponder\u00e1n a plantas completas, incluidas ra\u00edces y tierra adherida, que muestren s\u00edntomas en tres estados de desarrollo: inicio de la afecci\u00f3n, afecci\u00f3n ya desarrollada y en estado avanzado; si ello no es posible se remitir\u00e1n muestras de los \u00f3rganos de la planta que muestren el problema, incluyendo tejidos da\u00f1ados y no da\u00f1ados. En el caso de sospecha de una enfermedad que afecte a la ra\u00edz se incluir\u00e1 una muestra de tierra recogida de la zona perirradicular.<\/p>\n<p>No enviar plantas muertas o podridas.<\/p>\n<p>El tama\u00f1o de la muestra debe ser representativo de la parcela de cultivo para que se pueda estimar la gravedad de la enfermedad.<\/p>\n<p>Las partes blandas llegan en mejor estado cuando vienen en cajas r\u00edgidas. Para amortiguar los golpes es bueno rellenar los huecos con papeles de peri\u00f3dico, por ejemplo.<\/p>\n<p>En el caso de estaquillas, bulbos, pl\u00e1ntulas, plantones, etc. tomar de 8 a 12 unidades por variedad, seleccionados de diferentes bandejas.<\/p>\n<p>La entrega de la muestra se har\u00e1 lo antes posible. Conservar en nevera hasta su entrega.<\/p>\n<p>Evitar enviar muestras muy h\u00famedas. Si no es posible, las muestras se enviar\u00e1n envolvi\u00e9ndolas en papel de peri\u00f3dico dentro de una bolsa de pl\u00e1stico abierto.<\/p>\n<p style=\"text-align: right;\"><a href=\"http:\/\/servicios.unileon.es\/plagas-enfermedades\/\"><em>Volver a Inicio<\/em><\/a><\/p>\n","protected":false},"excerpt":{"rendered":"<p>Es conveniente recoger las muestras en el cultivo antes de aplicar cualquier producto fitosanitario. Hasta su recepci\u00f3n en el laboratorio, la muestra se introducir\u00e1 en una bolsa limpia y deber\u00e1 conservarse refrigerada para evitar su deterioro: desecaci\u00f3n, pudrici\u00f3n\u2026 Se adjuntar\u00e1 &hellip; <a href=\"https:\/\/servicios.unileon.es\/plagas-enfermedades\/normas-para-la-recogida-y-envio-de-muestras\/\">Sigue leyendo <span class=\"meta-nav\">&rarr;<\/span><\/a><\/p>\n","protected":false},"author":1,"featured_media":0,"parent":0,"menu_order":0,"comment_status":"closed","ping_status":"open","template":"","meta":{"footnotes":""},"class_list":["post-23","page","type-page","status-publish","hentry"],"_links":{"self":[{"href":"https:\/\/servicios.unileon.es\/plagas-enfermedades\/wp-json\/wp\/v2\/pages\/23","targetHints":{"allow":["GET"]}}],"collection":[{"href":"https:\/\/servicios.unileon.es\/plagas-enfermedades\/wp-json\/wp\/v2\/pages"}],"about":[{"href":"https:\/\/servicios.unileon.es\/plagas-enfermedades\/wp-json\/wp\/v2\/types\/page"}],"author":[{"embeddable":true,"href":"https:\/\/servicios.unileon.es\/plagas-enfermedades\/wp-json\/wp\/v2\/users\/1"}],"replies":[{"embeddable":true,"href":"https:\/\/servicios.unileon.es\/plagas-enfermedades\/wp-json\/wp\/v2\/comments?post=23"}],"version-history":[{"count":9,"href":"https:\/\/servicios.unileon.es\/plagas-enfermedades\/wp-json\/wp\/v2\/pages\/23\/revisions"}],"predecessor-version":[{"id":190,"href":"https:\/\/servicios.unileon.es\/plagas-enfermedades\/wp-json\/wp\/v2\/pages\/23\/revisions\/190"}],"wp:attachment":[{"href":"https:\/\/servicios.unileon.es\/plagas-enfermedades\/wp-json\/wp\/v2\/media?parent=23"}],"curies":[{"name":"wp","href":"https:\/\/api.w.org\/{rel}","templated":true}]}}