{"id":21,"date":"2011-06-08T11:42:51","date_gmt":"2011-06-08T11:42:51","guid":{"rendered":"http:\/\/servicios.unileon.es\/plagas-enfermedades\/?page_id=21"},"modified":"2025-07-29T10:55:37","modified_gmt":"2025-07-29T10:55:37","slug":"otras-actividades","status":"publish","type":"page","link":"https:\/\/servicios.unileon.es\/plagas-enfermedades\/otras-actividades\/","title":{"rendered":"Actividades que se realizan"},"content":{"rendered":"<p>El Laboratorio desarrolla diversos convenios con diversos departamentos de la Consejer\u00eda de Agricultura y Ganader\u00eda de la Junta de Castilla y Le\u00f3n y trabaja en estrecha colaboraci\u00f3n con el sector agroalimentario de algunos productos de calidad de Le\u00f3n y resto de la comunidad de Castilla y Le\u00f3n. La colaboraci\u00f3n realizada se circunscribe al \u00e1mbito de la Sanidad Vegetal.<\/p>\n<p>Tambi\u00e9n completa la formaci\u00f3n en diversos aspectos fitosanitarios a los alumnos de la E.I.A.F. para el desarrollo de sus Trabajos Fin de Grado y de M\u00e1ster.<\/p>\n<p>Se realizan, seg\u00fan las caracter\u00edsticas de la muestra, las siguientes pruebas<\/p>\n<ul>\n<li>Caracterizaci\u00f3n de potenciales agentes de control biol\u00f3gico<\/li>\n<li>Estudio de microorganismos fitopat\u00f3genos del suelo y la planta<\/li>\n<li>An\u00e1lisis visual y bajo microscopio estereoscopio<\/li>\n<li>Puesta en c\u00e1mara h\u00fameda<\/li>\n<li>Siembra en medio de cultivo<\/li>\n<li>Realizaci\u00f3n de preparaciones y observaci\u00f3n microsc\u00f3pica<\/li>\n<li>Identificaci\u00f3n mediante secuenciaci\u00f3n g\u00e9nica<\/li>\n<li>Pruebas bioqu\u00edmicas para caracterizaci\u00f3n de microorganismos<\/li>\n<li>Pruebas de germinaci\u00f3n<\/li>\n<li>Cr\u00eda de insecto<\/li>\n<li>Identificaci\u00f3n mediante claves<\/li>\n<li>Detecci\u00f3n mediante trampa de p\u00e9talos para <em>Pythium<\/em> y <em>Phytophthora<\/em><\/li>\n<li>Test detecci\u00f3n r\u00e1pido de <em>Erwinia amylovora<\/em><\/li>\n<li>Extracci\u00f3n de quistes de nematodos en muestras suelo tamizado mediante\u00a0\u00a0 t\u00e9cnica de flotaci\u00f3n espec\u00edfica con aparato Fenwick<\/li>\n<li>Extracci\u00f3n de nematodos del sistema radicular mediante la t\u00e9cnica del embudo de Baermann<\/li>\n<li>Extracci\u00f3n de nematodos de la parte a\u00e9rea mediante la t\u00e9cnica del embudo de Baermann<\/li>\n<li>Detecci\u00f3n de nematodos mediante tinci\u00f3n de ra\u00edces.<\/li>\n<li>Detecci\u00f3n de virus<\/li>\n<\/ul>\n<p style=\"text-align: right;\"><a href=\"http:\/\/servicios.unileon.es\/plagas-enfermedades\/\"><em>Volver a Inicio<\/em><\/a><\/p>\n","protected":false},"excerpt":{"rendered":"<p>El Laboratorio desarrolla diversos convenios con diversos departamentos de la Consejer\u00eda de Agricultura y Ganader\u00eda de la Junta de Castilla y Le\u00f3n y trabaja en estrecha colaboraci\u00f3n con el sector agroalimentario de algunos productos de calidad de Le\u00f3n y resto &hellip; <a href=\"https:\/\/servicios.unileon.es\/plagas-enfermedades\/otras-actividades\/\">Sigue leyendo <span class=\"meta-nav\">&rarr;<\/span><\/a><\/p>\n","protected":false},"author":1,"featured_media":0,"parent":0,"menu_order":0,"comment_status":"closed","ping_status":"open","template":"","meta":{"footnotes":""},"class_list":["post-21","page","type-page","status-publish","hentry"],"_links":{"self":[{"href":"https:\/\/servicios.unileon.es\/plagas-enfermedades\/wp-json\/wp\/v2\/pages\/21","targetHints":{"allow":["GET"]}}],"collection":[{"href":"https:\/\/servicios.unileon.es\/plagas-enfermedades\/wp-json\/wp\/v2\/pages"}],"about":[{"href":"https:\/\/servicios.unileon.es\/plagas-enfermedades\/wp-json\/wp\/v2\/types\/page"}],"author":[{"embeddable":true,"href":"https:\/\/servicios.unileon.es\/plagas-enfermedades\/wp-json\/wp\/v2\/users\/1"}],"replies":[{"embeddable":true,"href":"https:\/\/servicios.unileon.es\/plagas-enfermedades\/wp-json\/wp\/v2\/comments?post=21"}],"version-history":[{"count":10,"href":"https:\/\/servicios.unileon.es\/plagas-enfermedades\/wp-json\/wp\/v2\/pages\/21\/revisions"}],"predecessor-version":[{"id":189,"href":"https:\/\/servicios.unileon.es\/plagas-enfermedades\/wp-json\/wp\/v2\/pages\/21\/revisions\/189"}],"wp:attachment":[{"href":"https:\/\/servicios.unileon.es\/plagas-enfermedades\/wp-json\/wp\/v2\/media?parent=21"}],"curies":[{"name":"wp","href":"https:\/\/api.w.org\/{rel}","templated":true}]}}