{"id":11,"date":"2011-06-08T11:25:56","date_gmt":"2011-06-08T11:25:56","guid":{"rendered":"http:\/\/servicios.unileon.es\/plagas-enfermedades\/?page_id=11"},"modified":"2025-07-29T10:50:46","modified_gmt":"2025-07-29T10:50:46","slug":"personal","status":"publish","type":"page","link":"https:\/\/servicios.unileon.es\/plagas-enfermedades\/personal\/","title":{"rendered":"Personal"},"content":{"rendered":"<table class=\"extendida\">\n<tbody>\n<tr>\n<th>Director<\/th>\n<td>Dr. Pedro A. Casquero Luelmo<\/td>\n<\/tr>\n<tr>\n<th>Investigadores<\/th>\n<td>Dra. Sara Mayo Prieto<\/p>\n<p>Dr. Guzm\u00e1n Carro Huerga<\/p>\n<p>Dra. Alicia Lorenzana de la Varga<\/p>\n<p>Dra. M\u00aa Piedad Campelo Rodr\u00edguez<\/p>\n<p>Dr. \u00c1lvaro Rodr\u00edguez Gonz\u00e1lez<\/p>\n<p>Laura Zanfa\u00f1o Gonz\u00e1lez<\/p>\n<p>Daniela Ram\u00edrez Lozano<\/p>\n<p>Roc\u00edo Montes Ruiz<\/p>\n<p>Luc\u00eda Delgado Sal\u00e1n<\/td>\n<\/tr>\n<\/tbody>\n<\/table>\n<h3>Si quieren conocer m\u00e1s sobre nosotros, vis\u00edtenos en nuestra p\u00e1gina web: <a href=\"http:\/\/grupos.unileon.es\/ingenieria-y-agricultura-sostenible\/\" target=\"_blank\" rel=\"noopener noreferrer\">GUIIAS<\/a><\/h3>\n<p style=\"text-align: right;\"><a href=\"http:\/\/servicios.unileon.es\/plagas-enfermedades\/\"><em>Volver a Inicio<\/em><\/a><\/p>\n","protected":false},"excerpt":{"rendered":"<p>Director Dr. Pedro A. Casquero Luelmo Investigadores Dra. Sara Mayo Prieto Dr. Guzm\u00e1n Carro Huerga Dra. Alicia Lorenzana de la Varga Dra. M\u00aa Piedad Campelo Rodr\u00edguez Dr. \u00c1lvaro Rodr\u00edguez Gonz\u00e1lez Laura Zanfa\u00f1o Gonz\u00e1lez Daniela Ram\u00edrez Lozano Roc\u00edo Montes Ruiz Luc\u00eda &hellip; <a href=\"https:\/\/servicios.unileon.es\/plagas-enfermedades\/personal\/\">Sigue leyendo <span class=\"meta-nav\">&rarr;<\/span><\/a><\/p>\n","protected":false},"author":1,"featured_media":0,"parent":0,"menu_order":0,"comment_status":"closed","ping_status":"open","template":"","meta":{"footnotes":""},"class_list":["post-11","page","type-page","status-publish","hentry"],"_links":{"self":[{"href":"https:\/\/servicios.unileon.es\/plagas-enfermedades\/wp-json\/wp\/v2\/pages\/11","targetHints":{"allow":["GET"]}}],"collection":[{"href":"https:\/\/servicios.unileon.es\/plagas-enfermedades\/wp-json\/wp\/v2\/pages"}],"about":[{"href":"https:\/\/servicios.unileon.es\/plagas-enfermedades\/wp-json\/wp\/v2\/types\/page"}],"author":[{"embeddable":true,"href":"https:\/\/servicios.unileon.es\/plagas-enfermedades\/wp-json\/wp\/v2\/users\/1"}],"replies":[{"embeddable":true,"href":"https:\/\/servicios.unileon.es\/plagas-enfermedades\/wp-json\/wp\/v2\/comments?post=11"}],"version-history":[{"count":17,"href":"https:\/\/servicios.unileon.es\/plagas-enfermedades\/wp-json\/wp\/v2\/pages\/11\/revisions"}],"predecessor-version":[{"id":188,"href":"https:\/\/servicios.unileon.es\/plagas-enfermedades\/wp-json\/wp\/v2\/pages\/11\/revisions\/188"}],"wp:attachment":[{"href":"https:\/\/servicios.unileon.es\/plagas-enfermedades\/wp-json\/wp\/v2\/media?parent=11"}],"curies":[{"name":"wp","href":"https:\/\/api.w.org\/{rel}","templated":true}]}}