{"id":5,"date":"2026-03-03T09:18:30","date_gmt":"2026-03-03T08:18:30","guid":{"rendered":"https:\/\/servicios.unileon.es\/paleolab-ule\/?page_id=5"},"modified":"2026-03-04T08:40:33","modified_gmt":"2026-03-04T07:40:33","slug":"informacion-de-contacto","status":"publish","type":"page","link":"https:\/\/servicios.unileon.es\/paleolab-ule\/informacion-de-contacto\/","title":{"rendered":"Informaci\u00f3n de contacto"},"content":{"rendered":"<table class=\"extendida\" style=\"width: 100%\">\r\n    <tbody>\r\n        <tr>\r\n            <th>P\u00e1gina web externa<\/th>\r\n            <td><a href=\"https:\/\/www.paleolab-ule.es\/\">www.paleolab-ule.es<\/a><\/td>\r\n        <\/tr>\r\n        <tr>\r\n            <th>Direcci\u00f3n Postal<\/th>\r\n            <td>Universidad de Le\u00f3n<br \/>Facultad de Filosof\u00eda y Letras<br \/>Puerta 15, planta s\u00f3tano<br \/>Av. Silverio Fern\u00e1ndez Tirador<br \/>Campus de Vegazana, 24007 Le\u00f3n<\/td>\r\n        <\/tr>\r\n        <tr>\r\n            <th>Tel\u00e9fonos<\/th>\r\n            <td>(+34) 987 293 707  (Laboratorio)<br \/>(+34) 987 293 644  (Director)<\/td>\r\n        <\/tr>\r\n        <tr>\r\n            <th>Buz\u00f3n electr\u00f3nico<\/td>\r\n            <td><a href=\"mailto:icorv@unileon.es\">icorv@unileon.es<\/a><br \/><a href=\"mailto:paleolab.unileon@gmail.com\">paleolab.unileon@gmail.com<\/a><\/td>\r\n        <\/tr>\r\n        <tr>\r\n            <th>Formulario de Contacto<\/td>\r\n            <td><a href=\"https:\/\/www.paleolab-ule.es\/contacto\">PaleoLab-ULe &#8211; Contacto<\/a><\/td>\r\n        <\/tr>\r\n    <\/tbody>\r\n<\/table>","protected":false},"excerpt":{"rendered":"<p>P\u00e1gina web externa www.paleolab-ule.es Direcci\u00f3n Postal Universidad de Le\u00f3nFacultad de Filosof\u00eda y LetrasPuerta 15, planta s\u00f3tanoAv. Silverio Fern\u00e1ndez TiradorCampus de Vegazana, 24007 Le\u00f3n Tel\u00e9fonos (+34) 987 293 707 (Laboratorio)(+34) 987 293 644 (Director) Buz\u00f3n electr\u00f3nico icorv@unileon.espaleolab.unileon@gmail.com Formulario de Contacto PaleoLab-ULe &#8211; Contacto<\/p>\n","protected":false},"author":344,"featured_media":0,"parent":0,"menu_order":0,"comment_status":"closed","ping_status":"closed","template":"","meta":{"footnotes":""},"class_list":["post-5","page","type-page","status-publish","hentry"],"_links":{"self":[{"href":"https:\/\/servicios.unileon.es\/paleolab-ule\/wp-json\/wp\/v2\/pages\/5","targetHints":{"allow":["GET"]}}],"collection":[{"href":"https:\/\/servicios.unileon.es\/paleolab-ule\/wp-json\/wp\/v2\/pages"}],"about":[{"href":"https:\/\/servicios.unileon.es\/paleolab-ule\/wp-json\/wp\/v2\/types\/page"}],"author":[{"embeddable":true,"href":"https:\/\/servicios.unileon.es\/paleolab-ule\/wp-json\/wp\/v2\/users\/344"}],"replies":[{"embeddable":true,"href":"https:\/\/servicios.unileon.es\/paleolab-ule\/wp-json\/wp\/v2\/comments?post=5"}],"version-history":[{"count":3,"href":"https:\/\/servicios.unileon.es\/paleolab-ule\/wp-json\/wp\/v2\/pages\/5\/revisions"}],"predecessor-version":[{"id":47,"href":"https:\/\/servicios.unileon.es\/paleolab-ule\/wp-json\/wp\/v2\/pages\/5\/revisions\/47"}],"wp:attachment":[{"href":"https:\/\/servicios.unileon.es\/paleolab-ule\/wp-json\/wp\/v2\/media?parent=5"}],"curies":[{"name":"wp","href":"https:\/\/api.w.org\/{rel}","templated":true}]}}