{"id":32,"date":"2026-03-03T12:41:49","date_gmt":"2026-03-03T11:41:49","guid":{"rendered":"https:\/\/servicios.unileon.es\/paleolab-ule\/?page_id=32"},"modified":"2026-03-03T12:55:48","modified_gmt":"2026-03-03T11:55:48","slug":"tarifas","status":"publish","type":"page","link":"https:\/\/servicios.unileon.es\/paleolab-ule\/tarifas\/","title":{"rendered":"Tarifas"},"content":{"rendered":"<style>\r\n    h2.tarifas { color: #007314; font-weight: 300; font-size: 25px; border-bottom: 2px solid #eee; padding-bottom: 10px; padding-top: 30px;}\r\n    table { width: 100%; border-collapse: collapse; margin-bottom: 30px; }\r\n    th, td { border: 1px solid #ddd; padding: 12px; text-align: left; }\r\n    th { background-color: #f8f9fa; }\r\n    tr:nth-child(even) { background-color: #fcfcfc; }\r\n    .note { font-size: 0.9em; color: #666; font-style: italic; margin-top: -20px; margin-bottom: 20px; }\r\n    .highlight { font-weight: bold; color: #e67e22; }\r\n<\/style>\r\n\r\n<p>Para la aplicaci\u00f3n de tarifas se establecen tres modalidades de usuarios:<\/p>\r\n<p><strong>Usuario Tipo 1:<\/strong> Usuarios pertenecientes o adscritos a la Universidad de Le\u00f3n: profesores, becarios, proyectos fin de grado o m\u00e1ster, tesis doctorales, Institutos de Investigaci\u00f3n, etc. Se incluyen aquellas Instituciones y Organismos con las que la Universidad tenga suscrito un Convenio de Colaboraci\u00f3n.<\/p>\r\n<p><strong>Usuario Tipo 2:<\/strong> Usuarios pertenecientes o adscritos a Organismos P\u00fablicos de Investigaci\u00f3n o a Organismos de la Administraci\u00f3n P\u00fablica que no tengan Convenio con la Universidad. Se a\u00f1adir\u00e1 el IVA. correspondiente.<\/p>\r\n<p><strong>Usuario Tipo 3:<\/strong> Usuarios privados: organismos privados, empresas, usuarios particulares, etc. Se a\u00f1adir\u00e1 el IVA. correspondiente.<\/p>\r\n\r\n<h2 class=\"tarifas\">1. Preparaci\u00f3n de muestras<\/h2>\r\n<table>\r\n    <thead>\r\n        <tr>\r\n            <th>Servicio<\/th>\r\n            <th>Tipo 1 (\u20ac)<\/th>\r\n            <th>Tipo 2 (\u20ac)<\/th>\r\n            <th>Tipo 3 (\u20ac)<\/th>\r\n        <\/tr>\r\n    <\/thead>\r\n    <tbody>\r\n        <tr><td>Corte de roca hasta 10 cm (en agua)<\/td><td>2<\/td><td>3<\/td><td>4<\/td><\/tr>\r\n        <tr><td>Corte de roca hasta 10 cm (en aceite o similar)<\/td><td>3<\/td><td>4.5<\/td><td>6<\/td><\/tr>\r\n        <tr><td>Probeta pulida: corte y pulido hasta 1 \u00b5m<\/td><td>9<\/td><td>13.5<\/td><td>18<\/td><\/tr>\r\n        <tr><td>Secci\u00f3n pulida: corte y pulido hasta 1 \u00b5m<\/td><td>12<\/td><td>18<\/td><td>24<\/td><\/tr>\r\n        <tr><td>Pulido muestra de mano hasta 15 \u00b5m<\/td><td>3<\/td><td>4.5<\/td><td>6<\/td><\/tr>\r\n        <tr><td>Lacado de muestra de mano<\/td><td>2<\/td><td>3<\/td><td>4<\/td><\/tr>\r\n        <tr><td>L\u00e1mina delgada 28&#215;48 mm sin cubrir<\/td><td>11<\/td><td>16.5<\/td><td>22<\/td><\/tr>\r\n        <tr><td>L\u00e1mina delgada 28&#215;48 mm superficie pulida hasta 1 \u00b5m<\/td><td>16<\/td><td>24<\/td><td>32<\/td><\/tr>\r\n        <tr><td>Pulido de mantenimiento de l\u00e1minas y probetas<\/td><td>3<\/td><td>4.5<\/td><td>6<\/td><\/tr>\r\n        <tr><td>Doble tinci\u00f3n carbonatos<\/td><td>2<\/td><td>3<\/td><td>4<\/td><\/tr>\r\n        <tr><td>Impregnaci\u00f3n en resina epoxy transparente gen\u00e9rica (10 mL)<\/td><td>5<\/td><td>7.5<\/td><td>10<\/td><\/tr>\r\n        <tr><td>Impregnaci\u00f3n en resina epoxy transparente Araldite 2020 (10 mL)<\/td><td>7<\/td><td>10.5<\/td><td>14<\/td><\/tr>\r\n        <tr><td>Impregnaci\u00f3n en resina epoxy especial<\/td><td colspan=\"3\" style=\"text-align:center;\">Bajo presupuesto<\/td><\/tr>\r\n        <tr><td>Microtaladrado de muestra previa consulta del material (hora)<\/td><td>6<\/td><td>7.5<\/td><td>12<\/td><\/tr>\r\n        <tr><td>Uso del chorro de arena (corind\u00f3n\/hora)<\/td><td>5<\/td><td>7.5<\/td><td>10<\/td><\/tr>\r\n        <tr><td>Uso del chorro de arena (dolomita\/hora)<\/td><td>4<\/td><td>6<\/td><td>8<\/td><\/tr>\r\n        <tr><td>Uso del chorro de arena (hierro\/hora)<\/td><td>4<\/td><td>6<\/td><td>8<\/td><\/tr>\r\n        <tr><td>Uso del chorro de arena (bicarbonato de sodio\/hora)<\/td><td>3<\/td><td>4.5<\/td><td>6<\/td><\/tr>\r\n        <tr><td>Limpieza por ultrasonicado (ba\u00f1o alcalino) y tamizado<\/td><td>3<\/td><td>4.5<\/td><td>6<\/td><\/tr>\r\n        <tr><td>Limpieza por percusi\u00f3n (autoservicio\/hora)<\/td><td>Gratuito<\/td><td>4<\/td><td>8<\/td><\/tr>\r\n    <\/tbody>\r\n<\/table>\r\n\r\n<h2 class=\"tarifas\">2. Digitalizaci\u00f3n de muestras<\/h2>\r\n<table>\r\n    <thead>\r\n        <tr>\r\n            <th>Servicio<\/th>\r\n            <th>Tipo 1 (\u20ac)<\/th>\r\n            <th>Tipo 2 (\u20ac)<\/th>\r\n            <th>Tipo 3 (\u20ac)<\/th>\r\n        <\/tr>\r\n    <\/thead>\r\n    <tbody>\r\n        <tr><td>Escaneado 3D de superficie luz visible (pieza escaneada)*<\/td><td>Gratuito<\/td><td>40<\/td><td>60<\/td><\/tr>\r\n        <tr><td>Escaneado 3D de superficie luz infrarroja (pieza escaneada)*<\/td><td>Gratuito<\/td><td>10<\/td><td>20<\/td><\/tr>\r\n        <tr><td>Preparaci\u00f3n para digitalizaci\u00f3n<\/td><td colspan=\"3\" style=\"text-align:center;\">Costes del material<\/td><\/tr>\r\n        <tr><td>Escaneado 3D por fotogrametr\u00eda**<\/td><td colspan=\"3\" style=\"text-align:center;\">Bajo presupuesto<\/td><\/tr>\r\n        <tr><td>Creaci\u00f3n de perfil Sketchfab y edici\u00f3n (hora)<\/td><td>Gratuito<\/td><td>10<\/td><td>20<\/td><\/tr>\r\n        <tr><td>Edici\u00f3n de modelos 3D (extra)<\/td><td>Gratuito<\/td><td>10<\/td><td>20<\/td><\/tr>\r\n        <tr><td>Digitalizado de l\u00e1mina delgada y registro<\/td><td>Gratuito<\/td><td>15<\/td><td>30<\/td><\/tr>\r\n    <\/tbody>\r\n<\/table>\r\n<p class=\"note\">* La tarifa puede variar dependiendo del tama\u00f1o de la muestra y el m\u00e9todo de escaneado requerido.<\/p>\r\n<p class=\"note\">** Se factura por horas de trabajo, desplazamiento, tama\u00f1o de la muestra y otros requerimientos.<\/p>\r\n\r\n<hr>\r\n<h2 class=\"tarifas\">3. Asesoramiento cient\u00edfico<\/h2>\r\n<p>Los trabajos de asesoramiento cient\u00edfico ser\u00e1n presupuestados teniendo en cuenta:<\/p>\r\n<ul>\r\n    <li>Tipo de trabajo y especificaciones del cliente.<\/li>\r\n    <li>Volumen de material y tiempo requerido.<\/li>\r\n    <li>Coste de materiales, desplazamientos y dietas.<\/li>\r\n<\/ul>\r\n<p>&nbsp;<\/p>\r\n<p><strong>Estas tarifas tendr\u00e1n una vigencia anual y ser\u00e1n revisadas en diciembre de cada a\u00f1o<\/strong><\/p>\r\n\r\n\r\n<p>Pinche en el siguiente enlace para <a href=\"https:\/\/docs.google.com\/document\/d\/1H2lDFZKV8i09E5wp6DtPyThXkJfBQdke\/edit?usp=drive_link&#038;ouid=104122525991337386647&#038;rtpof=true&#038;sd=true\"><strong>descargar la solicitud<\/strong><\/a> de servicio, cuando la haya cumplimentado env\u00edela a <a href=\"mailto:icorv@unileon.es\"><strong>icorv@unileon.es<\/strong><\/a> y nos pondremos en contacto con usted.<\/p>\r\n","protected":false},"excerpt":{"rendered":"<p>Para la aplicaci\u00f3n de tarifas se establecen tres modalidades de usuarios: Usuario Tipo 1: Usuarios pertenecientes o adscritos a la Universidad de Le\u00f3n: profesores, becarios, proyectos fin de grado o m\u00e1ster, tesis doctorales, Institutos de Investigaci\u00f3n, etc. Se incluyen aquellas Instituciones y Organismos con las que la Universidad tenga suscrito un Convenio de Colaboraci\u00f3n. Usuario [&hellip;]<\/p>\n","protected":false},"author":344,"featured_media":0,"parent":0,"menu_order":0,"comment_status":"closed","ping_status":"closed","template":"","meta":{"footnotes":""},"class_list":["post-32","page","type-page","status-publish","hentry"],"_links":{"self":[{"href":"https:\/\/servicios.unileon.es\/paleolab-ule\/wp-json\/wp\/v2\/pages\/32","targetHints":{"allow":["GET"]}}],"collection":[{"href":"https:\/\/servicios.unileon.es\/paleolab-ule\/wp-json\/wp\/v2\/pages"}],"about":[{"href":"https:\/\/servicios.unileon.es\/paleolab-ule\/wp-json\/wp\/v2\/types\/page"}],"author":[{"embeddable":true,"href":"https:\/\/servicios.unileon.es\/paleolab-ule\/wp-json\/wp\/v2\/users\/344"}],"replies":[{"embeddable":true,"href":"https:\/\/servicios.unileon.es\/paleolab-ule\/wp-json\/wp\/v2\/comments?post=32"}],"version-history":[{"count":8,"href":"https:\/\/servicios.unileon.es\/paleolab-ule\/wp-json\/wp\/v2\/pages\/32\/revisions"}],"predecessor-version":[{"id":44,"href":"https:\/\/servicios.unileon.es\/paleolab-ule\/wp-json\/wp\/v2\/pages\/32\/revisions\/44"}],"wp:attachment":[{"href":"https:\/\/servicios.unileon.es\/paleolab-ule\/wp-json\/wp\/v2\/media?parent=32"}],"curies":[{"name":"wp","href":"https:\/\/api.w.org\/{rel}","templated":true}]}}