{"id":27,"date":"2026-03-03T12:20:23","date_gmt":"2026-03-03T11:20:23","guid":{"rendered":"https:\/\/servicios.unileon.es\/paleolab-ule\/?page_id=27"},"modified":"2026-03-03T12:20:23","modified_gmt":"2026-03-03T11:20:23","slug":"servicios","status":"publish","type":"page","link":"https:\/\/servicios.unileon.es\/paleolab-ule\/servicios\/","title":{"rendered":"Servicios"},"content":{"rendered":"<p>Los <a href=\"https:\/\/www.paleolab-ule.es\/servicios\">servicios<\/a> ofertados se subdividen en las siguientes categor\u00edas:<\/p>\r\n<ul>\r\n    <li><a href=\"https:\/\/www.paleolab-ule.es\/servicios\/preparaci%C3%B3n-de-geomateriales\">Preparaci\u00f3n y conservaci\u00f3n de geomateriales<\/a>\r\n        <p>El material de colecciones docentes y de investigaci\u00f3n debe ser correctamente preparado para su observaci\u00f3n y an\u00e1lisis, es por ello que el Laboratorio de Paleontolog\u00eda ofrece diferentes servicios.<\/p>\r\n        <ol>\r\n            <li>Limpieza de muestras:\r\n                <ul>\r\n                    <li>M\u00e9todos qu\u00edmicos de limpieza (en soluci\u00f3n): secado con circulaci\u00f3n forzada y tamizado de muestras (medidas ASTM).<\/li>\r\n                    <li>M\u00e9todos f\u00edsicos de limpieza: percutor ,chorro de arena y seccionado de muestras (diferentes abrasivos, adaptados a cada dureza).<\/li>\r\n                <\/ul>\r\n            <\/li>\r\n            <li>Conservaci\u00f3n de materiales:\r\n                <ul>\r\n                    <li>Consolidaci\u00f3n de muestras: diferentes adhesivos para los distintos geomateriales y secado en l\u00e1mpara infrarroja.<\/li>\r\n                    <li>Impregnaci\u00f3n en resina epoxi: diferentes moldes y resinas para distintos objetivos: detectar la porosidad, aumentar la dureza de la preparaci\u00f3n.<\/li>\r\n                <\/ul>\r\n            <\/li>\r\n            <li>Seccionado de materiales:\r\n                <ul>\r\n                    <li>Corte de rocas y muestras impregnadas en resina: posibilidad de realizar secciones seriadas.<\/li>\r\n                    <li>Pulido de muestras de mano: pulido con diferentes abrasivos en funci\u00f3n de la mineralog\u00eda (hasta 0.04 \u03bcm).<\/li>\r\n                    <li>L\u00e1minas delgadas y ultrafinas: de grosor variable y sin cubrir o cubiertas, con portas de 48*28 mm y 76*26 mm.<\/li>\r\n                    <li>Probetas pulidas: con moldes de 30 mm de di\u00e1metro y pulido hasta 0.04 \u03bcm, pulidas por vibraci\u00f3n, lo que reduce el da\u00f1o de la superficie.<\/li>\r\n                    <li>Microtaladrado de muestras en seco para su an\u00e1lisis (polvo, \u03bcg): brocas de 200 \u03bcm a 2.5 mm de grosor, monitorizado por ordenador y posicionamiento microm\u00e9trico.<\/li>\r\n                    <li>Taladrado de muestras en agua (recuperaci\u00f3n del testigo): coronas de 2.5 mm a 4 mm de grosor y profundidad variable, monitorizado por ordenador y posicionamiento microm\u00e9trico.<\/li>\r\n                <\/ul>\r\n                <p>Preparamos muestras, previa petici\u00f3n, para fines espec\u00edficos en aplicaciones de microscop\u00eda y an\u00e1lisis geoqu\u00edmico.<\/p>\r\n            <\/li>\r\n        <\/ol>\r\n    <\/li>\r\n    <li><a href=\"https:\/\/www.paleolab-ule.es\/servicios\/escaneado-3d\">Escaneado 3D y digitalizaci\u00f3n de l\u00e1minas delgadas<\/a>\r\n        <p>El Laboratorio de Paleontolog\u00eda cuenta con diferentes sistemas de digitalizaci\u00f3n de geomateriales (f\u00f3siles, rocas, minerales, etc.), artefactos arqueol\u00f3gicos (industria l\u00edtica prehist\u00f3rica, materiales medievales) y colecciones anat\u00f3micas (antropol\u00f3gicas, zool\u00f3gicas y veterinarias) con orientaci\u00f3n a la investigaci\u00f3n, la docencia y la conservaci\u00f3n patrimonial.<\/p>\r\n        <p>Adem\u00e1s, cuenta con diferentes metodolog\u00edas para reducir los problemas que se producen durante la digitalizaci\u00f3n como pueden ser vibraci\u00f3n de partes m\u00f3viles, brillos, reflejos o absorci\u00f3n de la luz durante el escaneado, para ello se emplean diferentes m\u00e9todos de pulverizaci\u00f3n antirreflejos, blanqueamiento con materiales de diferente composici\u00f3n y durabilidad, en funci\u00f3n de las caracter\u00edsticas de la muestra.<\/p>\r\n        <ol>\r\n            <li>Fotogrametr\u00eda de macro- y micromuestras: tama\u00f1o de la muestra desde 5 mm en adelante.<\/li>\r\n            <li>Escaneado por luz estructurada: resoluci\u00f3n de malla de 40 \u00b5m con luz visible y 125 \u00b5m con luz infrarroja.<\/li>\r\n            <li>Digitalizaci\u00f3n de l\u00e1minas delgadas y ultrafinas: cualquier portamuestras.<\/li>\r\n            <li>Edici\u00f3n de modelos 3D con finalidades cient\u00edficas y divulgativas: subida y edici\u00f3n a Sketchfab y otros repositorios.<\/li>\r\n        <\/ol>\r\n        <br \/>\r\n    <\/li>\r\n    <li><a href=\"https:\/\/www.paleolab-ule.es\/servicios\/asesoramiento\">Asesoramiento cient\u00edfico<\/a>\r\n        <p>El Laboratorio de Paleontolog\u00eda lleva realizando desde sus or\u00edgenes (a\u00f1os 90) el asesoramiento cient\u00edfico de entidades p\u00fablicas, privadas, centros educativos, e investigadores que visitan el Laboratorio, tanto de la Universidad de Le\u00f3n como de fuera.<\/p>\r\n        <p>Entre las labores de asesor\u00eda que se vienen realizando destacan aspectos relacionados con la gesti\u00f3n del patrimonio geol\u00f3gico, organizaci\u00f3n de colecciones en funci\u00f3n de su destino final y la elaboraci\u00f3n de material did\u00e1ctico para centros y entidades entre las que pueden destacarse diversas Reservas de la Biosfera (Alto Bernesga, Babia y Luna), el Grupo de Acci\u00f3n Local Cuatro Valles, el Aula geol\u00f3gica de Robles de Laciana, el Aula Paleobot\u00e1nica de Fabero, la Cueva de Llamazares, el Museo de la Siderurgia y la Miner\u00eda de Castilla y Le\u00f3n, diversos ayuntamientos como los de Bo\u00f1ar o Valdelugueros, el Parque Natural de Babia y Luna, el Geoparque de Sobrarbe, etc.<\/p>\r\n        <ol>\r\n            <li>Gesti\u00f3n del patrimonio geol\u00f3gico inmueble: realizaci\u00f3n de inventarios de Lugares de Inter\u00e9s Geol\u00f3gico (LIG) a escalas desde local a nacional (IELIG).<\/li>\r\n            <li>Gesti\u00f3n del patrimonio geol\u00f3gico mueble: recuperaci\u00f3n de elementos con valor cient\u00edfico, docente o muse\u00edstico, su organizaci\u00f3n en colecciones y el dise\u00f1o y elaboraci\u00f3n de material de apoyo en la musealizaci\u00f3n.<\/li>\r\n            <li>Elaboraci\u00f3n de material divulgativo: elaboraci\u00f3n final de material divulgativo con diferentes soportes, usualmente tr\u00edpticos, folletos o paneles de diverso tipo (incluyendo algunos espec\u00edficos como la geolog\u00eda de rutas de bicicletas BTT).<\/li>\r\n            <li>Identificaci\u00f3n y clasificaci\u00f3n de f\u00f3siles, minerales, microfacies en rocas sedimentarias y sus componentes: elaboraci\u00f3n de informes que incluyan la determinaci\u00f3n de f\u00f3siles, minerales, rocas sedimentarias y sus componentes. Tanto en muestra de mano, como en l\u00e1mina delgada empleando t\u00e9cnicas en espectroscop\u00eda y\/o microscop\u00eda.<\/li>\r\n        <\/ol>\r\n    <\/li>\r\n<\/ul>\r\n","protected":false},"excerpt":{"rendered":"<p>Los servicios ofertados se subdividen en las siguientes categor\u00edas: Preparaci\u00f3n y conservaci\u00f3n de geomateriales El material de colecciones docentes y de investigaci\u00f3n debe ser correctamente preparado para su observaci\u00f3n y an\u00e1lisis, es por ello que el Laboratorio de Paleontolog\u00eda ofrece diferentes servicios. Limpieza de muestras: M\u00e9todos qu\u00edmicos de limpieza (en soluci\u00f3n): secado con circulaci\u00f3n forzada [&hellip;]<\/p>\n","protected":false},"author":344,"featured_media":0,"parent":0,"menu_order":0,"comment_status":"closed","ping_status":"closed","template":"","meta":{"footnotes":""},"class_list":["post-27","page","type-page","status-publish","hentry"],"_links":{"self":[{"href":"https:\/\/servicios.unileon.es\/paleolab-ule\/wp-json\/wp\/v2\/pages\/27","targetHints":{"allow":["GET"]}}],"collection":[{"href":"https:\/\/servicios.unileon.es\/paleolab-ule\/wp-json\/wp\/v2\/pages"}],"about":[{"href":"https:\/\/servicios.unileon.es\/paleolab-ule\/wp-json\/wp\/v2\/types\/page"}],"author":[{"embeddable":true,"href":"https:\/\/servicios.unileon.es\/paleolab-ule\/wp-json\/wp\/v2\/users\/344"}],"replies":[{"embeddable":true,"href":"https:\/\/servicios.unileon.es\/paleolab-ule\/wp-json\/wp\/v2\/comments?post=27"}],"version-history":[{"count":3,"href":"https:\/\/servicios.unileon.es\/paleolab-ule\/wp-json\/wp\/v2\/pages\/27\/revisions"}],"predecessor-version":[{"id":30,"href":"https:\/\/servicios.unileon.es\/paleolab-ule\/wp-json\/wp\/v2\/pages\/27\/revisions\/30"}],"wp:attachment":[{"href":"https:\/\/servicios.unileon.es\/paleolab-ule\/wp-json\/wp\/v2\/media?parent=27"}],"curies":[{"name":"wp","href":"https:\/\/api.w.org\/{rel}","templated":true}]}}