{"id":21,"date":"2026-03-03T12:09:28","date_gmt":"2026-03-03T11:09:28","guid":{"rendered":"https:\/\/servicios.unileon.es\/paleolab-ule\/?page_id=21"},"modified":"2026-03-03T12:09:28","modified_gmt":"2026-03-03T11:09:28","slug":"introduccion","status":"publish","type":"page","link":"https:\/\/servicios.unileon.es\/paleolab-ule\/","title":{"rendered":"Introducci\u00f3n"},"content":{"rendered":"<p>El Servicio de investigaci\u00f3n y apoyo a la docencia del <a href=\"https:\/\/www.paleolab-ule.es\/\">Laboratorio de Paleontolog\u00eda<\/a> es un servicio dependiente del <a href=\"https:\/\/www.unileon.es\/universidad\/consejo-de-direccion\/vicerrectorados\/investigacion\">Vicerrectorado de Investigaci\u00f3n y Transferencia<\/a> de la <a href=\"https:\/\/www.unileon.es\/\">Universidad de Le\u00f3n<\/a> y se ubica en <a href=\"https:\/\/filosofiayletras.unileon.es\/\">Facultad de Filosof\u00eda y Letras<\/a>, y m\u00e1s concretamente en el <a href=\"https:\/\/departamentos.unileon.es\/geografia-y-geologia\">Departamento de Geograf\u00eda y Geolog\u00eda<\/a>. Sus integrantes forman parte del Grupo de Investigaci\u00f3n <a href=\"https:\/\/qgeo.unileon.es\/\">QGEO<\/a> (Geolog\u00eda ambiental, Cuaternario y Geodiversidad).<\/p>\r\n\r\n<p>El Servicio de investigaci\u00f3n del Laboratorio de Paleontolog\u00eda ofrece diferentes prestaciones relacionadas con la conservaci\u00f3n, limpieza, preparaci\u00f3n y digitalizaci\u00f3n de geomateriales. Entre estos materiales se incluyen f\u00f3siles, rocas, sedimentos, minerales, pero tambi\u00e9n artefactos arqueol\u00f3gicos y piezas anat\u00f3micas esquel\u00e9ticas (biominerales, como huesos, dientes, conchas, esqueletos). Para la realizaci\u00f3n de estos servicios el Laboratorio de Paleontolog\u00eda cuenta con equipamiento especializado y personal con a\u00f1os de experiencia.<\/p>\r\n\r\n<p>Los <a href=\"https:\/\/www.paleolab-ule.es\/servicios\">servicios<\/a> ofertados son:<\/p>\r\n<ul>\r\n    <li>M\u00e9todos qu\u00edmicos de limpieza (en soluci\u00f3n), secado y tamizado de muestras.<\/li>\r\n    <li>M\u00e9todos f\u00edsicos de limpieza (percusi\u00f3n, chorro de arena, seccionado de rocas y espec\u00edmenes, microtaladrado de muestras).<\/li>\r\n    <li>Impregnaci\u00f3n en resina epoxi, preparaci\u00f3n de probetas pulidas y l\u00e1minas delgadas.<\/li>\r\n    <li>Digitalizaci\u00f3n de muestras (l\u00e1minas delgadas, escaneo superficial 3D de micro- y macromuestras).<\/li>\r\n    <li>Actividades de asesoramiento cient\u00edfico (formaci\u00f3n de profesorado, docencia en niveles pre-universitarios y divulgaci\u00f3n geol\u00f3gica a p\u00fablicos no especialistas).<\/li>\r\n<\/ul>\r\n\r\n<p>Estos servicios est\u00e1n a disposici\u00f3n del profesorado y del alumnado de la Universidad de Le\u00f3n, principalmente de \u00faltimos cursos de Grado y M\u00e1ster, y tercer ciclo, as\u00ed como de profesionales de cualquier Organismo o Entidad p\u00fablica o privada, que as\u00ed lo soliciten. La <a href=\"https:\/\/docs.google.com\/document\/d\/1H2lDFZKV8i09E5wp6DtPyThXkJfBQdke\/edit\">solicitud<\/a> de una prestaci\u00f3n se har\u00e1 al <a href=\"https:\/\/www.paleolab-ule.es\/presentaci%C3%B3n\/personal\">director<\/a> del Servicio seg\u00fan el Reglamento aprobado en Consejo de Gobierno.<\/p>\r\n","protected":false},"excerpt":{"rendered":"<p>El Servicio de investigaci\u00f3n y apoyo a la docencia del Laboratorio de Paleontolog\u00eda es un servicio dependiente del Vicerrectorado de Investigaci\u00f3n y Transferencia de la Universidad de Le\u00f3n y se ubica en Facultad de Filosof\u00eda y Letras, y m\u00e1s concretamente en el Departamento de Geograf\u00eda y Geolog\u00eda. Sus integrantes forman parte del Grupo de Investigaci\u00f3n [&hellip;]<\/p>\n","protected":false},"author":344,"featured_media":0,"parent":0,"menu_order":0,"comment_status":"closed","ping_status":"closed","template":"","meta":{"footnotes":""},"class_list":["post-21","page","type-page","status-publish","hentry"],"_links":{"self":[{"href":"https:\/\/servicios.unileon.es\/paleolab-ule\/wp-json\/wp\/v2\/pages\/21","targetHints":{"allow":["GET"]}}],"collection":[{"href":"https:\/\/servicios.unileon.es\/paleolab-ule\/wp-json\/wp\/v2\/pages"}],"about":[{"href":"https:\/\/servicios.unileon.es\/paleolab-ule\/wp-json\/wp\/v2\/types\/page"}],"author":[{"embeddable":true,"href":"https:\/\/servicios.unileon.es\/paleolab-ule\/wp-json\/wp\/v2\/users\/344"}],"replies":[{"embeddable":true,"href":"https:\/\/servicios.unileon.es\/paleolab-ule\/wp-json\/wp\/v2\/comments?post=21"}],"version-history":[{"count":1,"href":"https:\/\/servicios.unileon.es\/paleolab-ule\/wp-json\/wp\/v2\/pages\/21\/revisions"}],"predecessor-version":[{"id":22,"href":"https:\/\/servicios.unileon.es\/paleolab-ule\/wp-json\/wp\/v2\/pages\/21\/revisions\/22"}],"wp:attachment":[{"href":"https:\/\/servicios.unileon.es\/paleolab-ule\/wp-json\/wp\/v2\/media?parent=21"}],"curies":[{"name":"wp","href":"https:\/\/api.w.org\/{rel}","templated":true}]}}