{"id":680,"date":"2011-04-08T11:41:10","date_gmt":"2011-04-08T11:41:10","guid":{"rendered":"http:\/\/servicios.unileon.es\/oficina-verde\/?page_id=680"},"modified":"2023-05-15T08:41:21","modified_gmt":"2023-05-15T08:41:21","slug":"huertos-en-la-estia","status":"publish","type":"page","link":"https:\/\/servicios.unileon.es\/oficina-verde\/huertos-en-la-estia\/","title":{"rendered":"Eco Huertos ULE EN LA ESTIA"},"content":{"rendered":"<p>La Universidad de Le\u00f3n pone a disposici\u00f3n de todos los miembros de la <strong>Comunidad Universitaria<\/strong> (estudiantes, PAS o PDI) un total de <strong>23 parcelas (de 32m<sup>2<\/sup> cada una)<\/strong>, de las 24 existentes, <strong>la posibilidad de disfrutar de un Eco Huerto<\/strong>. Las parcelas est\u00e1n emplazadas en las instalaciones de la <strong>Escuela de Ingenier\u00eda Agraria y Forestal (EIAF)<\/strong> (Avda. de Portugal, 41; 24009-Le\u00f3n).<\/p>\r\n\r\n<p>Los usuarios podr\u00e1n disfrutar del uso de su parcela mientras comparten experiencias y conocimientos sobre especies y t\u00e9cnicas de cultivo. Cada usuario del huerto puede cultivar las especies de <strong>frutas, hortalizas o cultivos ornamentales anuales<\/strong> que desee, y utilizar los m\u00e9todos de trabajo que considere m\u00e1s adecuados, si bien los huertos est\u00e1n implementados para promover la <strong>agricultura ecol\u00f3gica<\/strong>. Este es un sistema de gesti\u00f3n y producci\u00f3n agroalimentaria que combina las mejores pr\u00e1cticas ambientales junto con un elevado nivel de biodiversidad y de preservaci\u00f3n de los recursos naturales, por lo que est\u00e1 prohibido el uso de productos qu\u00edmicos de s\u00edntesis.<\/p>\r\n\r\n<p style=\"margin-top: 50px; margin-bottom: 20px;\"><a href=\"https:\/\/servicios.unileon.es\/oficina-verde\/files\/2023\/05\/oficina_verde_eco_huertos.jpg\"><img decoding=\"async\" src=\"https:\/\/servicios.unileon.es\/oficina-verde\/files\/2023\/05\/oficina_verde_eco_huertos.jpg\" alt=\"Imagen Decorativa de Eco Huertos\" style=\"width: 100%;\" \/><\/a>\r\n\r\n<p>&nbsp;<\/p>","protected":false},"excerpt":{"rendered":"<p>La Universidad de Le\u00f3n pone a disposici\u00f3n de todos los miembros de la Comunidad Universitaria (estudiantes, PAS o PDI) un total de 23 parcelas (de 32m2 cada una), de las 24 existentes, la posibilidad de disfrutar de un Eco Huerto. Las parcelas est\u00e1n emplazadas en las instalaciones de la Escuela de Ingenier\u00eda Agraria y Forestal [&hellip;]<\/p>\n","protected":false},"author":10,"featured_media":0,"parent":0,"menu_order":0,"comment_status":"closed","ping_status":"open","template":"","meta":{"footnotes":""},"class_list":["post-680","page","type-page","status-publish","hentry"],"_links":{"self":[{"href":"https:\/\/servicios.unileon.es\/oficina-verde\/wp-json\/wp\/v2\/pages\/680","targetHints":{"allow":["GET"]}}],"collection":[{"href":"https:\/\/servicios.unileon.es\/oficina-verde\/wp-json\/wp\/v2\/pages"}],"about":[{"href":"https:\/\/servicios.unileon.es\/oficina-verde\/wp-json\/wp\/v2\/types\/page"}],"author":[{"embeddable":true,"href":"https:\/\/servicios.unileon.es\/oficina-verde\/wp-json\/wp\/v2\/users\/10"}],"replies":[{"embeddable":true,"href":"https:\/\/servicios.unileon.es\/oficina-verde\/wp-json\/wp\/v2\/comments?post=680"}],"version-history":[{"count":50,"href":"https:\/\/servicios.unileon.es\/oficina-verde\/wp-json\/wp\/v2\/pages\/680\/revisions"}],"predecessor-version":[{"id":2127,"href":"https:\/\/servicios.unileon.es\/oficina-verde\/wp-json\/wp\/v2\/pages\/680\/revisions\/2127"}],"wp:attachment":[{"href":"https:\/\/servicios.unileon.es\/oficina-verde\/wp-json\/wp\/v2\/media?parent=680"}],"curies":[{"name":"wp","href":"https:\/\/api.w.org\/{rel}","templated":true}]}}