{"id":667,"date":"2011-04-07T12:26:02","date_gmt":"2011-04-07T12:26:02","guid":{"rendered":"http:\/\/servicios.unileon.es\/oficina-verde\/?page_id=667"},"modified":"2023-05-15T07:50:29","modified_gmt":"2023-05-15T07:50:29","slug":"cestas-ecologicas","status":"publish","type":"page","link":"https:\/\/servicios.unileon.es\/oficina-verde\/cestas-ecologicas\/","title":{"rendered":"CESTAS DE PRODUCTOS ECOL\u00d3GICOS"},"content":{"rendered":"<p>La Universidad de Le\u00f3n, como integrante de la Red Espa\u00f1ola de Universidades Saludables, y en colaboraci\u00f3n con la Asociaci\u00f3n de Agricultores Ecol\u00f3gicos del Sur de Le\u00f3n, ofrece la posibilidad de adquirir <strong>productos agr\u00edcolas ecol\u00f3gicos<\/strong> a toda la comunidad universitaria.<\/p>\r\n\r\n<p>Las cestas contienen productos ecol\u00f3gicos de temporada, producidos en la provincia de Le\u00f3n. En funci\u00f3n de la \u00e9poca, los productos agr\u00edcolas de las cestas pueden variar, ya que depender\u00e1 de la disponibilidad de verduras y frutas de los agricultores. El contenido de las cestas es est\u00e1ndar en cada una de las entregas.<\/p>\r\n\r\n<p style=\"margin-top: 20px; margin-bottom: 20px;\"><a href=\"https:\/\/servicios.unileon.es\/oficina-verde\/files\/2023\/05\/imagen_cestas_ecologicas.jpg\"><img decoding=\"async\" src=\"https:\/\/servicios.unileon.es\/oficina-verde\/files\/2023\/05\/imagen_cestas_ecologicas.jpg\" alt=\"Imagen Decorativa\" style=\"width: 100%;\" \/><\/a><\/p>\r\n\r\n<p>Previamente, desde la Ule-REUS se enviar\u00e1 un e-mail a toda la comunidad universitaria avisando de la pr\u00f3xima entrega de una cesta.  Los interesados interesados habr\u00e1n de enviar su solicitud por e-mail en la direcci\u00f3n de correo electr\u00f3nico de la ULe -REUS (ulereus@unileon.es)  especificando el nombre y los dos apellidos, un tel\u00e9fono de contacto, la direcci\u00f3n de correo electr\u00f3nico y el n\u00ba de cestas deseadas.<\/p>\r\n<p><strong>IMPORTANTE: El pedido de las cestas y el ingreso del importe de la misma debe realizarse antes de las 14:00h del mi\u00e9rcoles anterior a la entrega.<\/strong><\/p>\r\n\r\n<p>El pago de las cestas se realizar\u00e1 en el n\u00ba de cuenta de la Universidad que indicaremos a los interesados a trav\u00e9s de e-mail, despu\u00e9s de realizar su petici\u00f3n. El precio de las cestas es de 18 \u20ac (IVA incluido). Es necesario que en el concepto del ingreso bancario aparezca el nombre y apellidos.<\/p>\r\n\r\n\r\n<p>En <strong>Le\u00f3n<\/strong>, las cestas se recoger\u00e1n en la Oficina Verde (edificio de Servicios, Campus de Vegazana) o en el edificio Rectorado, Conserjer\u00eda a   lo largo del mi\u00e9rcoles de la entrega, desde las <strong>9:30h hasta las 14:00h<\/strong>. En <strong>Ponferrada<\/strong>, las cestas se recoger\u00e1n en el Edificio del Campus de Ponferrada, (Conserjer\u00eda) <strong>desde las 10:00h hasta las 14:00h<\/strong>.<\/p>\r\n\r\n<p>Cualquier duda o problema al respecto, los interesados se pueden poner en contacto con la Oficina Verde de la ULe: <a href=\"MAILTO:oficinaverde@unileon.es\">oficinaverde@unileon.es<\/a> \/ 987 29 31 28<\/p>\r\n\r\n<h3><strong>Algunas buenas razones para consumir productos ecol\u00f3gicos<\/strong><\/h3>\r\n<ul>\r\n    <li>No contienen sustancias nocivas (como antibi\u00f3ticos, plaguicidas, conservantes, etc.), que pueden producir alteraciones en la salud y bioacumulaciones en nuestro organismo.<\/li>\r\n    <li>Respetan los ciclos de la naturaleza, son sostenibles con el entorno y favorecen la biodiversidad aut\u00f3ctona.<\/li>\r\n    <li>Es importante consumir productos de proximidad, y consumir alimentos de cercan\u00eda, para <\/li>\r\n    <li>ayudar a la econom\u00eda de los peque\u00f1os agricultores.<\/li>\r\n    <li>Se cultivan sin fertilizantes qu\u00edmicos ni pesticidas, de modo que no contaminan el suelo ni el agua, ni se acumulan en las plantas ni en nuestro organismo.<\/li>\r\n    <li>No contienen Organismos Gen\u00e9ticamente Modificados (OGM), ya que est\u00e1n totalmente prohibidos por la agricultura ecol\u00f3gica.<\/li>\r\n    <li>Son totalmente seguros, ya que tanto los productores como los suministradores est\u00e1n sometidos a control e inspecci\u00f3n que aseguren su calidad y trazabilidad.<\/li>\r\n    <li>Son m\u00e1s sabrosos y m\u00e1s nutritivos que los productos convencionales, como demuestran varios estudios cient\u00edficos.<\/li>\r\n    <li>Suelen ser variedades locales y tradicionales, adecuadas al entorno, que ya pr\u00e1cticamente se han perdido.<\/li>\r\n    <li>Fomentan un estilo de vida sano y respetuoso con el medio ambiente, que valora el conocimiento y el trabajo campesino.<\/li>\r\n<\/ul>\r\n\r\n<p>&nbsp;<\/p>","protected":false},"excerpt":{"rendered":"<p>La Universidad de Le\u00f3n, como integrante de la Red Espa\u00f1ola de Universidades Saludables, y en colaboraci\u00f3n con la Asociaci\u00f3n de Agricultores Ecol\u00f3gicos del Sur de Le\u00f3n, ofrece la posibilidad de adquirir productos agr\u00edcolas ecol\u00f3gicos a toda la comunidad universitaria. Las cestas contienen productos ecol\u00f3gicos de temporada, producidos en la provincia de Le\u00f3n. En funci\u00f3n de [&hellip;]<\/p>\n","protected":false},"author":10,"featured_media":0,"parent":0,"menu_order":0,"comment_status":"closed","ping_status":"open","template":"","meta":{"footnotes":""},"class_list":["post-667","page","type-page","status-publish","hentry"],"_links":{"self":[{"href":"https:\/\/servicios.unileon.es\/oficina-verde\/wp-json\/wp\/v2\/pages\/667","targetHints":{"allow":["GET"]}}],"collection":[{"href":"https:\/\/servicios.unileon.es\/oficina-verde\/wp-json\/wp\/v2\/pages"}],"about":[{"href":"https:\/\/servicios.unileon.es\/oficina-verde\/wp-json\/wp\/v2\/types\/page"}],"author":[{"embeddable":true,"href":"https:\/\/servicios.unileon.es\/oficina-verde\/wp-json\/wp\/v2\/users\/10"}],"replies":[{"embeddable":true,"href":"https:\/\/servicios.unileon.es\/oficina-verde\/wp-json\/wp\/v2\/comments?post=667"}],"version-history":[{"count":102,"href":"https:\/\/servicios.unileon.es\/oficina-verde\/wp-json\/wp\/v2\/pages\/667\/revisions"}],"predecessor-version":[{"id":2119,"href":"https:\/\/servicios.unileon.es\/oficina-verde\/wp-json\/wp\/v2\/pages\/667\/revisions\/2119"}],"wp:attachment":[{"href":"https:\/\/servicios.unileon.es\/oficina-verde\/wp-json\/wp\/v2\/media?parent=667"}],"curies":[{"name":"wp","href":"https:\/\/api.w.org\/{rel}","templated":true}]}}