{"id":655,"date":"2011-04-07T11:22:06","date_gmt":"2011-04-07T11:22:06","guid":{"rendered":"http:\/\/servicios.unileon.es\/oficina-verde\/?page_id=655"},"modified":"2012-09-05T09:12:55","modified_gmt":"2012-09-05T09:12:55","slug":"convenio-con-ambilamp","status":"publish","type":"page","link":"https:\/\/servicios.unileon.es\/oficina-verde\/convenio-con-ambilamp\/","title":{"rendered":"CONVENIO CON AMBILAMP"},"content":{"rendered":"Recientemente, la Universidad de Le\u00f3n ha firmado un convenio con Ambilamp (Asociaci\u00f3n Espa\u00f1ola para el Reciclaje de L\u00e1mparas), con el f\u00edn de segregar correctamente las l\u00e1mparas estropeadas que ya no nos sirven. Para ello, se han colocado contenedores en cada centro de la Universidad para que podamos depositar all\u00ed los fluorescentes y bombillas que ya no usamos, y que contienen peque\u00f1as cantidades de mercurio que pueden contaminar el Medio Ambiente.\r\n\r\nEl reciclaje de estas l\u00e1mparas implica separar cada uno de sus componentes para que sean tratados de forma independiente y puedan reciclarse adecuadamente, sin causar un perjuicio a nuestro entorno.\r\n\r\nP\u00e1gina web de Ambilamp: <a href=\"http:\/\/www.ambilamp.es\/\">http:\/\/www.ambilamp.es\/<\/a>\r\n\r\n&nbsp;\r\n\r\n<img decoding=\"async\" src=\"\/DOCUME%7E1\/Victor\/CONFIG%7E1\/Temp\/moz-screenshot-3.png\" alt=\"\" \/>\r\n\r\n&nbsp;","protected":false},"excerpt":{"rendered":"<p>Recientemente, la Universidad de Le\u00f3n ha firmado un convenio con Ambilamp (Asociaci\u00f3n Espa\u00f1ola para el Reciclaje de L\u00e1mparas), con el f\u00edn de segregar correctamente las l\u00e1mparas estropeadas que ya no nos sirven. Para ello, se han colocado contenedores en cada centro de la Universidad para que podamos depositar all\u00ed los fluorescentes y bombillas que ya [&hellip;]<\/p>\n","protected":false},"author":10,"featured_media":0,"parent":0,"menu_order":0,"comment_status":"closed","ping_status":"open","template":"","meta":{"footnotes":""},"class_list":["post-655","page","type-page","status-publish","hentry"],"_links":{"self":[{"href":"https:\/\/servicios.unileon.es\/oficina-verde\/wp-json\/wp\/v2\/pages\/655","targetHints":{"allow":["GET"]}}],"collection":[{"href":"https:\/\/servicios.unileon.es\/oficina-verde\/wp-json\/wp\/v2\/pages"}],"about":[{"href":"https:\/\/servicios.unileon.es\/oficina-verde\/wp-json\/wp\/v2\/types\/page"}],"author":[{"embeddable":true,"href":"https:\/\/servicios.unileon.es\/oficina-verde\/wp-json\/wp\/v2\/users\/10"}],"replies":[{"embeddable":true,"href":"https:\/\/servicios.unileon.es\/oficina-verde\/wp-json\/wp\/v2\/comments?post=655"}],"version-history":[{"count":9,"href":"https:\/\/servicios.unileon.es\/oficina-verde\/wp-json\/wp\/v2\/pages\/655\/revisions"}],"predecessor-version":[{"id":711,"href":"https:\/\/servicios.unileon.es\/oficina-verde\/wp-json\/wp\/v2\/pages\/655\/revisions\/711"}],"wp:attachment":[{"href":"https:\/\/servicios.unileon.es\/oficina-verde\/wp-json\/wp\/v2\/media?parent=655"}],"curies":[{"name":"wp","href":"https:\/\/api.w.org\/{rel}","templated":true}]}}