{"id":625,"date":"2012-03-27T07:58:07","date_gmt":"2012-03-27T07:58:07","guid":{"rendered":"http:\/\/servicios.unileon.es\/oficina-verde\/"},"modified":"2012-03-27T07:58:07","modified_gmt":"2012-03-27T07:58:07","slug":"papel","status":"publish","type":"page","link":"https:\/\/servicios.unileon.es\/oficina-verde\/papel\/","title":{"rendered":"PAPEL"},"content":{"rendered":"La Universidad de Le\u00f3n particip\u00f3 en el estudio de la CADEP-CRUE sobre recuperaci\u00f3n y reciclado de papel en las Universidades espa\u00f1olas.\u00a0 Se puede consultar el documento aqu\u00ed: <a href=\"http:\/\/servicios.unileon.es\/oficina-verde\/files\/2012\/03\/estudio-ASPAPEL-recuperaci\u00f3n-y-reciclaje-de-papel.pdf\">estudio ASPAPEL recuperaci\u00f3n y reciclaje de papel<\/a>\r\n\r\nEn los contenedores azules de papel y cart\u00f3n de la ULe se han recogido m\u00e1s de <strong>76.404 kg de papel durante el a\u00f1o 2011<\/strong> (Fuente: Concejal\u00eda de Limpieza, Parques y Jardines del Ayto de Le\u00f3n). Esto significa que reciclamos cada vez m\u00e1s,\u00a0 pero tambi\u00e9n nos da idea de la enorme cantidad de papel que usamos en nuestro d\u00eda a d\u00eda, especialmente teniendo en cuenta que esta cantidad es s\u00f3lo la que se ha recogido en los contenedores azules del Campus de Vegazana. A esto hay que sumar la cantidad de papel y cart\u00f3n que se tira a la basura normal-org\u00e1nica (se estima que un 30% del papel se tira a los contenedores normales) y que se podr\u00eda reciclar.\r\n\r\nCon sencillos gestos podemos disminuir el gasto en papel y el impacto de \u00e9ste en nuestro entorno.\r\n<ul>\r\n\t<li>Utiliza <strong>papel reciclado<\/strong> o con alg\u00fan <strong>sello de gesti\u00f3n ambiental<\/strong> (sello del \u00e1ngel azul, FSC&#8230;) y, siempre que puedas, reutiliza el papel antes de tirarlo, us\u00e1ndolo por la otra cara. El papel reciclado evita la tala de \u00e1rboles (especialmente problem\u00e1tica si se trata de talas ilegales en bosques primarios), y consume menos energ\u00eda en comparaci\u00f3n con la elaboraci\u00f3n del papel blanco tradicional.<\/li>\r\n<\/ul>\r\n<ul>\r\n\t<li>Todo el papel que elimines, a la <strong>ecopapelera azul de recogida de papel<\/strong>. El Servicio de Limpieza de la ULe se encargar\u00e1 despu\u00e9s de llevarlo a los contenedores azules que est\u00e1n ubicados cerca de cada Edificio.<\/li>\r\n<\/ul>\r\n<ul>\r\n\t<li><strong>Pliega las cajas<\/strong> antes de tirarlas, reducir\u00e1s el volumen que ocupan facilitando su transporte.<\/li>\r\n<\/ul>\r\n<ul>\r\n\t<li>Las cajas y los envoltorios de papel de los paquetes de folios que adquirimos tambi\u00e9n se pueden reciclar.<\/li>\r\n<\/ul>\r\n<ul>\r\n\t<li>Elige un <strong>tama\u00f1o de letra y fuente<\/strong> lo m\u00e1s <strong>peque\u00f1o<\/strong> que puedas: pasar de un tama\u00f1o <em>14<\/em> a un <em>11<\/em> puede ahorrar muchas hojas, al igual que el pasar de un tipo de letra <em>Arial<\/em> a uno <em>Times New Roman<\/em>. Tambi\u00e9n puedes reducir el tama\u00f1o de la imagen al imprimir o fotocopiar, e incluir <strong>dos p\u00e1ginas<\/strong> del documento <strong>en un s\u00f3lo folio.<\/strong><\/li>\r\n<\/ul>\r\n<ul>\r\n\t<li>Configura la p\u00e1gina con <strong>m\u00e1rgenes m\u00e1s peque\u00f1os<\/strong> a la hora de imprimir apuntes, trabajos o borradores e imprime a doble cara. Solic\u00edtalo as\u00ed en el servicio de copister\u00eda de tu Facultad o Escuela.<\/li>\r\n<\/ul>\r\n<ul>\r\n\t<li>Corrige los trabajos en la pantalla del ordenador antes de imprimirlos: <strong>utiliza la vista previa<\/strong> y haz los cambios oportunos antes de mandar a imprimir cualquier documento.<\/li>\r\n<\/ul>\r\n<ul>\r\n\t<li>En pr\u00e1cticamente todos los edificios del Campus existen <strong>papeleras azules de reciclaje<\/strong>: ah\u00ed debemos depositar el papel y cart\u00f3n que ya no vamos a utilizar para que sea reciclado. No eches papel ni cart\u00f3n sucio en las ecopapeleras azules: mancha el resto del papel limpio e impide su reciclaje.<\/li>\r\n<\/ul>\r\n<ul>\r\n\t<li>Utiliza al m\u00e1ximo el <strong>correo electr\u00f3nico<\/strong> para compartir documentos y comunicaciones.<\/li>\r\n<\/ul>\r\n&nbsp;","protected":false},"excerpt":{"rendered":"<p>La Universidad de Le\u00f3n particip\u00f3 en el estudio de la CADEP-CRUE sobre recuperaci\u00f3n y reciclado de papel en las Universidades espa\u00f1olas.\u00a0 Se puede consultar el documento aqu\u00ed: estudio ASPAPEL recuperaci\u00f3n y reciclaje de papel En los contenedores azules de papel y cart\u00f3n de la ULe se han recogido m\u00e1s de 76.404 kg de papel durante [&hellip;]<\/p>\n","protected":false},"author":10,"featured_media":0,"parent":0,"menu_order":0,"comment_status":"closed","ping_status":"open","template":"","meta":{"footnotes":""},"class_list":["post-625","page","type-page","status-publish","hentry"],"_links":{"self":[{"href":"https:\/\/servicios.unileon.es\/oficina-verde\/wp-json\/wp\/v2\/pages\/625","targetHints":{"allow":["GET"]}}],"collection":[{"href":"https:\/\/servicios.unileon.es\/oficina-verde\/wp-json\/wp\/v2\/pages"}],"about":[{"href":"https:\/\/servicios.unileon.es\/oficina-verde\/wp-json\/wp\/v2\/types\/page"}],"author":[{"embeddable":true,"href":"https:\/\/servicios.unileon.es\/oficina-verde\/wp-json\/wp\/v2\/users\/10"}],"replies":[{"embeddable":true,"href":"https:\/\/servicios.unileon.es\/oficina-verde\/wp-json\/wp\/v2\/comments?post=625"}],"version-history":[{"count":6,"href":"https:\/\/servicios.unileon.es\/oficina-verde\/wp-json\/wp\/v2\/pages\/625\/revisions"}],"predecessor-version":[{"id":1088,"href":"https:\/\/servicios.unileon.es\/oficina-verde\/wp-json\/wp\/v2\/pages\/625\/revisions\/1088"}],"wp:attachment":[{"href":"https:\/\/servicios.unileon.es\/oficina-verde\/wp-json\/wp\/v2\/media?parent=625"}],"curies":[{"name":"wp","href":"https:\/\/api.w.org\/{rel}","templated":true}]}}