{"id":547,"date":"2011-02-15T07:46:52","date_gmt":"2011-02-15T07:46:52","guid":{"rendered":"http:\/\/servicios.unileon.es\/oficina-verde\/"},"modified":"2011-02-22T08:55:51","modified_gmt":"2011-02-22T08:55:51","slug":"agua","status":"publish","type":"page","link":"https:\/\/servicios.unileon.es\/oficina-verde\/agua\/","title":{"rendered":"AGUA"},"content":{"rendered":"\u00bfSabes la cantidad de agua que desperdiciamos todos los d\u00edas? El consumo de agua por habitante en los pa\u00edses desarrollados alcanza los 300 litros diarios, ante los 80 litros que recomienda la Organizaci\u00f3n Mundial  de la Salud; en consecuencia no gastamos el agua, sino que la \u00abmalgastamos\u00bb.\r\n\r\nOs mostramos algunos consejos relacionados con el uso racional del agua.\r\n<ul>\r\n\t<li>Mientras te laves las manos o te duches, <strong>cierra el grifo<\/strong> y evita que corra el agua.<\/li>\r\n<\/ul>\r\n<ul>\r\n\t<li>Cierra correctamente los grifos, <strong>evita que goteen<\/strong>: un grifo que gotea pierde 30 l diarios.<\/li>\r\n<\/ul>\r\n<ul>\r\n\t<li>No emplees el inodoro como una papelera: se gastan in\u00fatilmente 9-10 l. de agua cada vez que se evacua la cisterna.<\/li>\r\n<\/ul>\r\n<ul>\r\n\t<li>En cisternas con doble descarga de <strong>dos botones, emplea el adecuado<\/strong>, ya que el mayor de ellos descarga 6l. frente a los 3l. que gasta el peque\u00f1o. Otras cisternas son de descarga interrumpida pero tienes la posibilidad de frenar la descarga de agua apretando por segunda vez el bot\u00f3n.<\/li>\r\n<\/ul>\r\n<ul>\r\n\t<li>Cuidado con los productos de limpieza: contienen multitud de productos qu\u00edmicos que terminan afectando a los ecosistemas de r\u00edos y mares. Lo m\u00e1s adecuado es utilizar <strong>productos de limpieza ecol\u00f3gicos<\/strong>.<\/li>\r\n<\/ul>\r\n<ul>\r\n\t<li><strong>No<\/strong> tires restos de <strong>productos qu\u00edmicos por el desag\u00fce<\/strong>, dificultan seriamente la depuraci\u00f3n de las aguas.<\/li>\r\n<\/ul>\r\n<ul>\r\n\t<li>\u00bfConoces la <strong>xerojardiner\u00eda<\/strong>? es un tipo de pr\u00e1ctica que requiere bajas cantidades de agua, lo que no implica un jard\u00edn formado por cactus y piedras. Implica la utilizaci\u00f3n de especies\u00a0 adaptadas a la zona, con pocos c\u00e9spedes y con un dise\u00f1o acorde al uso que va a tener. Un ejemplo de especies adpatadas al medio son las que est\u00e1n ubicadas en los jardines del Edificio Darwin de la Facultad de Ciencias Biol\u00f3gicas y Ambientales.<\/li>\r\n<\/ul>","protected":false},"excerpt":{"rendered":"<p>\u00bfSabes la cantidad de agua que desperdiciamos todos los d\u00edas? El consumo de agua por habitante en los pa\u00edses desarrollados alcanza los 300 litros diarios, ante los 80 litros que recomienda la Organizaci\u00f3n Mundial de la Salud; en consecuencia no gastamos el agua, sino que la \u00abmalgastamos\u00bb. Os mostramos algunos consejos relacionados con el uso [&hellip;]<\/p>\n","protected":false},"author":10,"featured_media":0,"parent":0,"menu_order":0,"comment_status":"closed","ping_status":"open","template":"","meta":{"footnotes":""},"class_list":["post-547","page","type-page","status-publish","hentry"],"_links":{"self":[{"href":"https:\/\/servicios.unileon.es\/oficina-verde\/wp-json\/wp\/v2\/pages\/547","targetHints":{"allow":["GET"]}}],"collection":[{"href":"https:\/\/servicios.unileon.es\/oficina-verde\/wp-json\/wp\/v2\/pages"}],"about":[{"href":"https:\/\/servicios.unileon.es\/oficina-verde\/wp-json\/wp\/v2\/types\/page"}],"author":[{"embeddable":true,"href":"https:\/\/servicios.unileon.es\/oficina-verde\/wp-json\/wp\/v2\/users\/10"}],"replies":[{"embeddable":true,"href":"https:\/\/servicios.unileon.es\/oficina-verde\/wp-json\/wp\/v2\/comments?post=547"}],"version-history":[{"count":26,"href":"https:\/\/servicios.unileon.es\/oficina-verde\/wp-json\/wp\/v2\/pages\/547\/revisions"}],"predecessor-version":[{"id":566,"href":"https:\/\/servicios.unileon.es\/oficina-verde\/wp-json\/wp\/v2\/pages\/547\/revisions\/566"}],"wp:attachment":[{"href":"https:\/\/servicios.unileon.es\/oficina-verde\/wp-json\/wp\/v2\/media?parent=547"}],"curies":[{"name":"wp","href":"https:\/\/api.w.org\/{rel}","templated":true}]}}