{"id":512,"date":"2011-02-11T12:26:32","date_gmt":"2011-02-11T12:26:32","guid":{"rendered":"http:\/\/servicios.unileon.es\/oficina-verde\/"},"modified":"2011-03-01T11:45:22","modified_gmt":"2011-03-01T11:45:22","slug":"movilidad","status":"publish","type":"page","link":"https:\/\/servicios.unileon.es\/oficina-verde\/movilidad\/","title":{"rendered":"MOVILIDAD"},"content":{"rendered":"A continuaci\u00f3n os mostramos algunos buenos consejos relacionados con la movilidad.\r\n<ul>\r\n\t<li>Puedes ir <strong>caminando<\/strong> a multitud de sitios: normalmente abusamos del coche utiliz\u00e1ndolo en trayectos que f\u00e1cilmente podemos hacer andando. De esta manera evitamos congestionar la ciudad de coches,\u00a0 producir gases contaminantes y adem\u00e1s mejoramos nuestra salud.<\/li>\r\n<\/ul>\r\n<ul>\r\n\t<li>Utiliza el <strong>transporte p\u00fablico<\/strong> y coge el coche lo menos posible. El transporte p\u00fablico llega a consumir por pasajero y kil\u00f3metro recorrido hasta 6 veces menos combustible que un turismo convencional.<\/li>\r\n<\/ul>\r\n<ul>\r\n\t<li>El tr\u00e1fico de veh\u00edculos a motor supone el 48% del petr\u00f3leo que se consume en nuestro pa\u00eds, con la consiguiente emisi\u00f3n de gases contaminantes y nocivos para la salud. La <strong>conducci\u00f3n eficiente<\/strong> permite ahorrar combustible, reducir la emisi\u00f3n de contaminantes, mejorar el confort del conductor y minimizar la gravedad de los accidentes.<\/li>\r\n<\/ul>\r\n<ul>\r\n\t<li>Ve en <strong>bicicleta<\/strong> en lugar de en coche: es m\u00e1s r\u00e1pido en distancias cortas y desde el Campus de Vegazana hay varios carriles bici hacia el centro de la ciudad. Si no tienes bici puedes utilizar el Sistema de Pr\u00e9stamo de bicicletas de la Universidad: <strong>ULeBici<\/strong> (m\u00e1s informaci\u00f3n:<a href=\"http:\/\/ulebici.unileon.es\/\"> http:\/\/ulebici.unileon.es\/<\/a>). Adem\u00e1s en el Campus hay dos puntos de pr\u00e9stamo del sistema de alquiler de bicicletas del Ayuntamiento: uno en las inmediaciones de la Cafeter\u00eda Universitaria I y otro frente a la Cafeter\u00eda de Dani y Jose (Escuela de Ingenier\u00edas Industrial e Inform\u00e1tica).<\/li>\r\n<\/ul>\r\n<ul>\r\n\t<li>Al ir en bicicleta, recuerda que es un veh\u00edculo m\u00e1s, sujeto a las normas de circulaci\u00f3n igual que los dem\u00e1s veh\u00edculos. Cuando aparques la bici, d\u00e9jala correctamente candada para evitar sorpresas desagradables (m\u00e1s informaci\u00f3n: <a href=\"http:\/\/servicios.unileon.es\/oficina-verde\/files\/2011\/02\/c\u00f3mo-candar-la-bici.pdf\">\u00bfc\u00f3mo debo candar la bici?<\/a>).<\/li>\r\n<\/ul>\r\n<ul>\r\n\t<li>Tambi\u00e9n tienes la opci\u00f3n de <strong>compartir tu coche<\/strong> con otras personas que hagan el mismo itinerario que t\u00fa, as\u00ed os saldr\u00e1 m\u00e1s barato y producir\u00e9is menos contaminantes.<\/li>\r\n<\/ul>\r\nEn la siguiente direcci\u00f3n web podr\u00e1s encontrar toda la informaci\u00f3n relativa a los<strong> accesos a la ULe en transporte p\u00fablico<\/strong>:<a href=\"http:\/\/www.unileon.es\/universidad\/localizacion-e-historia\/como-llegar\"> http:\/\/www.unileon.es\/universidad\/localizacion-e-historia\/como-llegar<\/a>","protected":false},"excerpt":{"rendered":"<p>A continuaci\u00f3n os mostramos algunos buenos consejos relacionados con la movilidad. Puedes ir caminando a multitud de sitios: normalmente abusamos del coche utiliz\u00e1ndolo en trayectos que f\u00e1cilmente podemos hacer andando. De esta manera evitamos congestionar la ciudad de coches,\u00a0 producir gases contaminantes y adem\u00e1s mejoramos nuestra salud. Utiliza el transporte p\u00fablico y coge el coche [&hellip;]<\/p>\n","protected":false},"author":10,"featured_media":0,"parent":0,"menu_order":0,"comment_status":"closed","ping_status":"open","template":"","meta":{"footnotes":""},"class_list":["post-512","page","type-page","status-publish","hentry"],"_links":{"self":[{"href":"https:\/\/servicios.unileon.es\/oficina-verde\/wp-json\/wp\/v2\/pages\/512","targetHints":{"allow":["GET"]}}],"collection":[{"href":"https:\/\/servicios.unileon.es\/oficina-verde\/wp-json\/wp\/v2\/pages"}],"about":[{"href":"https:\/\/servicios.unileon.es\/oficina-verde\/wp-json\/wp\/v2\/types\/page"}],"author":[{"embeddable":true,"href":"https:\/\/servicios.unileon.es\/oficina-verde\/wp-json\/wp\/v2\/users\/10"}],"replies":[{"embeddable":true,"href":"https:\/\/servicios.unileon.es\/oficina-verde\/wp-json\/wp\/v2\/comments?post=512"}],"version-history":[{"count":31,"href":"https:\/\/servicios.unileon.es\/oficina-verde\/wp-json\/wp\/v2\/pages\/512\/revisions"}],"predecessor-version":[{"id":529,"href":"https:\/\/servicios.unileon.es\/oficina-verde\/wp-json\/wp\/v2\/pages\/512\/revisions\/529"}],"wp:attachment":[{"href":"https:\/\/servicios.unileon.es\/oficina-verde\/wp-json\/wp\/v2\/media?parent=512"}],"curies":[{"name":"wp","href":"https:\/\/api.w.org\/{rel}","templated":true}]}}